{"id":17284,"date":"2026-02-27T00:34:23","date_gmt":"2026-02-27T00:34:23","guid":{"rendered":"https:\/\/nordicmart.andreevmaster.com\/product\/songmics-pall-360-vridbar-stapall\/"},"modified":"2026-02-27T08:24:06","modified_gmt":"2026-02-27T08:24:06","slug":"songmics-pall-360-vridbar-stapall","status":"publish","type":"product","link":"https:\/\/nordicmart.andreevmaster.com\/sv\/produkt\/songmics-pall-360-vridbar-stapall\/","title":{"rendered":"SONGMICS pall, 360\u00b0 vridbar, st\u00e5pall"},"content":{"rendered":"<p>SONGMICS pall, st\u00e5pall som kan lutas 360\u00b0, skrivbordsstol, h\u00f6j- och s\u00e4nkbar 58\u201383 cm, stor bas, halkskydd, modern<\/p>\n<p>Specifikationer:<br \/>\n&#8211; M\u00e5tt: Sitth\u00f6jd: 58\u201383 cm; Sitsens l\u00e4ngd: 34 cm; Sockelns diameter: 36 cm<br \/>\n&#8211; Vikt: 5,9 kg<br \/>\n&#8211; Max. statisk b\u00e4rf\u00f6rm\u00e5ga: 120 kg<br \/>\n&#8211; Material: plast, skumplast, plywood, st\u00e5l<br \/>\n&#8211; F\u00e4rg: Svart<\/p>\n","protected":false},"excerpt":{"rendered":"<p>SONGMICS pall, st\u00e5pall som kan lutas 360\u00b0, skrivbordsstol, h\u00f6j- och s\u00e4nkbar 58\u201383 cm, stor bas, halkskydd, modern<\/p>\n","protected":false},"featured_media":44717,"comment_status":"open","ping_status":"closed","template":"","meta":[],"product_brand":[],"product_cat":[33],"product_tag":[],"class_list":{"0":"post-17284","1":"product","2":"type-product","3":"status-publish","4":"has-post-thumbnail","6":"product_cat-okategoriserad","8":"first","9":"instock","10":"shipping-taxable","11":"purchasable","12":"product-type-simple"},"_links":{"self":[{"href":"https:\/\/nordicmart.andreevmaster.com\/sv\/wp-json\/wp\/v2\/product\/17284","targetHints":{"allow":["GET"]}}],"collection":[{"href":"https:\/\/nordicmart.andreevmaster.com\/sv\/wp-json\/wp\/v2\/product"}],"about":[{"href":"https:\/\/nordicmart.andreevmaster.com\/sv\/wp-json\/wp\/v2\/types\/product"}],"replies":[{"embeddable":true,"href":"https:\/\/nordicmart.andreevmaster.com\/sv\/wp-json\/wp\/v2\/comments?post=17284"}],"wp:featuredmedia":[{"embeddable":true,"href":"https:\/\/nordicmart.andreevmaster.com\/sv\/wp-json\/wp\/v2\/media\/44717"}],"wp:attachment":[{"href":"https:\/\/nordicmart.andreevmaster.com\/sv\/wp-json\/wp\/v2\/media?parent=17284"}],"wp:term":[{"taxonomy":"product_brand","embeddable":true,"href":"https:\/\/nordicmart.andreevmaster.com\/sv\/wp-json\/wp\/v2\/product_brand?post=17284"},{"taxonomy":"product_cat","embeddable":true,"href":"https:\/\/nordicmart.andreevmaster.com\/sv\/wp-json\/wp\/v2\/product_cat?post=17284"},{"taxonomy":"product_tag","embeddable":true,"href":"https:\/\/nordicmart.andreevmaster.com\/sv\/wp-json\/wp\/v2\/product_tag?post=17284"}],"curies":[{"name":"wp","href":"https:\/\/api.w.org\/{rel}","templated":true}]}}