{"id":17283,"date":"2026-02-27T00:34:23","date_gmt":"2026-02-27T00:34:23","guid":{"rendered":"https:\/\/nordicmart.andreevmaster.com\/product\/songmics-ergonomisk-arbetsstol-hoj-och-sankbar\/"},"modified":"2026-02-27T08:24:06","modified_gmt":"2026-02-27T08:24:06","slug":"songmics-ergonomisk-arbetsstol-hoj-och-sankbar","status":"publish","type":"product","link":"https:\/\/nordicmart.andreevmaster.com\/sv\/produkt\/songmics-ergonomisk-arbetsstol-hoj-och-sankbar\/","title":{"rendered":"SONGMICS Ergonomisk arbetsstol, h\u00f6j- och s\u00e4nkbar"},"content":{"rendered":"<p>Att sitta stelt \u00e4r ett minne blott: moderna kontor har nu rullstolar som m\u00f6jligg\u00f6r ett aktivt arbete. G\u00f6r det bekv\u00e4mt f\u00f6r dig p\u00e5 den v\u00e4lstoppade sitsen med en diameter p\u00e5 42 cm och h\u00e5ll dig alltid i r\u00f6relse. Stolen kan vridas 360\u00b0, lutas 10\u00b0 \u00e5t alla h\u00e5ll och flyttas naturligtvis ocks\u00e5 tv\u00e4rs \u00f6ver rummet tack vare de stabila hjulen. St\u00e4ll dig upp och dra stolen genom kontoret med hj\u00e4lp av det integrerade handtaget. Ytterligare f\u00f6rdelar med denna arbetsstol i \u00f6versikt: Sitth\u00f6jd justerbar mellan 55 och 73 cm; anv\u00e4nd pallen \u00e4ven vid ett sitta-st\u00e5-skrivbordSittbromsmekanism; av s\u00e4kerhetssk\u00e4l l\u00e5ses hjulen s\u00e5 snart du s\u00e4tter dig p\u00e5 stolenStabil, \u00d8 50 cm stor sockel i rattdesignSGS-testad gascylinderPassar platsbesparande under ditt skrivbordProduktdetaljer:F\u00e4rg: SvartMaterial: Polyester, skumplast, nylon, aluminium, j\u00e4rnTotal storlek: 50 x 55-73 cm (\u00d8 x H)Sitsdiameter: 42 cmSitsdiameter utan handtag: 35 cmSockeldiameter: 50 cmSitsh\u00f6jd: 55-73 cm Tjocklek p\u00e5 sittdyna: 5 cm Vikt: 9 kg Max. statisk belastningskapacitet: 110 kg Leveransomfattning: 1 x sittdyna 1 x sockel 5 x hjul 1 x gascylinder 1 x gummikudde SONGMICS Anvisningar: Anv\u00e4nd inte denna pall p\u00e5 oj\u00e4mna eller hala golv.H\u00e5ll alltid ena eller b\u00e5da f\u00f6tterna p\u00e5 golvet n\u00e4r du sitter p\u00e5 pallen. Pallen kan lutas 10\u00b0. \u00d6verskrid inte detta r\u00f6relseomf\u00e5ng. Risk f\u00f6r att pallen v\u00e4lter! Sitt inte p\u00e5 pallens kant. Barn f\u00e5r endast anv\u00e4nda pallen under uppsikt av en vuxen. \u00c4ven gravida kvinnor b\u00f6r anv\u00e4nda pallen med f\u00f6rsiktighet.<\/p>\n","protected":false},"excerpt":{"rendered":"<p>SONGMICS kontorspall, ergonomisk arbetspall, rullpall, snurrstol p\u00e5 hjul, extra stor sits, 10\u00b0 lutning, h\u00f6j- och s\u00e4nkbar, arbetsrum, kontor, tjock stoppning, svart OSC06BK<\/p>\n","protected":false},"featured_media":44716,"comment_status":"open","ping_status":"closed","template":"","meta":[],"product_brand":[],"product_cat":[33],"product_tag":[],"class_list":{"0":"post-17283","1":"product","2":"type-product","3":"status-publish","4":"has-post-thumbnail","6":"product_cat-okategoriserad","8":"first","9":"instock","10":"shipping-taxable","11":"purchasable","12":"product-type-simple"},"_links":{"self":[{"href":"https:\/\/nordicmart.andreevmaster.com\/sv\/wp-json\/wp\/v2\/product\/17283","targetHints":{"allow":["GET"]}}],"collection":[{"href":"https:\/\/nordicmart.andreevmaster.com\/sv\/wp-json\/wp\/v2\/product"}],"about":[{"href":"https:\/\/nordicmart.andreevmaster.com\/sv\/wp-json\/wp\/v2\/types\/product"}],"replies":[{"embeddable":true,"href":"https:\/\/nordicmart.andreevmaster.com\/sv\/wp-json\/wp\/v2\/comments?post=17283"}],"wp:featuredmedia":[{"embeddable":true,"href":"https:\/\/nordicmart.andreevmaster.com\/sv\/wp-json\/wp\/v2\/media\/44716"}],"wp:attachment":[{"href":"https:\/\/nordicmart.andreevmaster.com\/sv\/wp-json\/wp\/v2\/media?parent=17283"}],"wp:term":[{"taxonomy":"product_brand","embeddable":true,"href":"https:\/\/nordicmart.andreevmaster.com\/sv\/wp-json\/wp\/v2\/product_brand?post=17283"},{"taxonomy":"product_cat","embeddable":true,"href":"https:\/\/nordicmart.andreevmaster.com\/sv\/wp-json\/wp\/v2\/product_cat?post=17283"},{"taxonomy":"product_tag","embeddable":true,"href":"https:\/\/nordicmart.andreevmaster.com\/sv\/wp-json\/wp\/v2\/product_tag?post=17283"}],"curies":[{"name":"wp","href":"https:\/\/api.w.org\/{rel}","templated":true}]}}