{"id":17281,"date":"2026-02-27T00:34:22","date_gmt":"2026-02-27T00:34:22","guid":{"rendered":"https:\/\/nordicmart.andreevmaster.com\/product\/songmics-arbetsstol-50-65-cm-svart\/"},"modified":"2026-02-27T08:24:06","modified_gmt":"2026-02-27T08:24:06","slug":"songmics-arbetsstol-50-65-cm-svart","status":"publish","type":"product","link":"https:\/\/nordicmart.andreevmaster.com\/sv\/produkt\/songmics-arbetsstol-50-65-cm-svart\/","title":{"rendered":"SONGMICS arbetsstol 50\u201365 cm svart"},"content":{"rendered":"<p>Noggrann tillverkning: Denna kontorspall \u00e4r tillverkad av slitstarkt tyg, har en h\u00f6gbelastningsbar auto-return-cylinder och en robust sockel, vilket ger den en l\u00e5ng livsl\u00e4ngd och g\u00f6r att den kommer att h\u00e5lla i m\u00e5nga \u00e5r. Dessutom t\u00e5l den en belastning p\u00e5 upp till 110 kg. Sitta, balansera och r\u00f6ra sig: S\u00e4kerheten kommer alltid i f\u00f6rsta hand. Det \u00e4r d\u00e4rf\u00f6r vi erbjuder denna pall med halkskydd. Detta garanterar s\u00e4ker anv\u00e4ndning. Dessutom skyddas ditt golv mot repor. Ta hem denna pall: Tack vare sin ergonomiska design \u00e4r denna arbets pall ett praktiskt tillskott till ditt kontor eller arbetsrum. Sitsen \u00e4r stoppad med 7 cm tjock skumplast och kl\u00e4dd med andningsbart tyg \u2013 utrusta ditt arbetsrum med en bekv\u00e4m sittpall! Produktdetaljer: F\u00e4rg: Svart Material: Polyester, skumplast, st\u00e5l, plast, TPR (termoplastisk gummi) Sitth\u00f6jd: 50-65 cm Storlek sits: \u00d8 33 cm Storlek sockel: \u00d8 36 cm Vikt: 5,9 kg Max. statisk belastningskapacitet: 110 kg Leveransomfattning: 1 x sits 1 x h\u00f6lje f\u00f6r gasfj\u00e4dercylinder 1 x fot 1 x gasfj\u00e4dercylinder SONGIMC Anvisningar:Anv\u00e4nd inte produkten p\u00e5 oj\u00e4mnt eller halt underlag! Lyft inte b\u00e5da f\u00f6tterna fr\u00e5n golvet samtidigt n\u00e4r du sitter p\u00e5 pallen! Luta inte pallen f\u00f6r mycket. Sitt inte p\u00e5 pallens kant. Barn f\u00e5r endast anv\u00e4nda produkten under uppsikt av en vuxen. Gravida kvinnor b\u00f6r vara mycket f\u00f6rsiktiga n\u00e4r de anv\u00e4nder produkten.<\/p>\n","protected":false},"excerpt":{"rendered":"<p>SONGMICS kontorspall, ergonomisk arbetspall, sittpall, 360\u00b0 vridbar stol, h\u00f6jdjusterbar 50\u201365 cm, enkel montering, f\u00f6r kontor och arbetsrum, svart OSC04BK<\/p>\n","protected":false},"featured_media":44714,"comment_status":"open","ping_status":"closed","template":"","meta":[],"product_brand":[],"product_cat":[33],"product_tag":[],"class_list":{"0":"post-17281","1":"product","2":"type-product","3":"status-publish","4":"has-post-thumbnail","6":"product_cat-okategoriserad","8":"first","9":"instock","10":"shipping-taxable","11":"purchasable","12":"product-type-simple"},"_links":{"self":[{"href":"https:\/\/nordicmart.andreevmaster.com\/sv\/wp-json\/wp\/v2\/product\/17281","targetHints":{"allow":["GET"]}}],"collection":[{"href":"https:\/\/nordicmart.andreevmaster.com\/sv\/wp-json\/wp\/v2\/product"}],"about":[{"href":"https:\/\/nordicmart.andreevmaster.com\/sv\/wp-json\/wp\/v2\/types\/product"}],"replies":[{"embeddable":true,"href":"https:\/\/nordicmart.andreevmaster.com\/sv\/wp-json\/wp\/v2\/comments?post=17281"}],"wp:featuredmedia":[{"embeddable":true,"href":"https:\/\/nordicmart.andreevmaster.com\/sv\/wp-json\/wp\/v2\/media\/44714"}],"wp:attachment":[{"href":"https:\/\/nordicmart.andreevmaster.com\/sv\/wp-json\/wp\/v2\/media?parent=17281"}],"wp:term":[{"taxonomy":"product_brand","embeddable":true,"href":"https:\/\/nordicmart.andreevmaster.com\/sv\/wp-json\/wp\/v2\/product_brand?post=17281"},{"taxonomy":"product_cat","embeddable":true,"href":"https:\/\/nordicmart.andreevmaster.com\/sv\/wp-json\/wp\/v2\/product_cat?post=17281"},{"taxonomy":"product_tag","embeddable":true,"href":"https:\/\/nordicmart.andreevmaster.com\/sv\/wp-json\/wp\/v2\/product_tag?post=17281"}],"curies":[{"name":"wp","href":"https:\/\/api.w.org\/{rel}","templated":true}]}}