{"id":17280,"date":"2026-02-27T00:34:22","date_gmt":"2026-02-27T00:34:22","guid":{"rendered":"https:\/\/nordicmart.andreevmaster.com\/product\/songmics-hoj-och-sankbar-kontorspall-ljusgra\/"},"modified":"2026-02-27T08:24:06","modified_gmt":"2026-02-27T08:24:06","slug":"songmics-hoj-och-sankbar-kontorspall-ljusgra","status":"publish","type":"product","link":"https:\/\/nordicmart.andreevmaster.com\/sv\/produkt\/songmics-hoj-och-sankbar-kontorspall-ljusgra\/","title":{"rendered":"SONGMICS H\u00f6j- och s\u00e4nkbar kontorspall Ljusgr\u00e5"},"content":{"rendered":"<p>Stor och b\u00e4ttre vadderad sits Sitsen med en diameter p\u00e5 38 cm \u00e4r vadderad med 6,6 cm tjockt och h\u00f6gdensitetsformbart skum. Detta garanterar optimal sittkomfort. Vadderingen deformeras inte l\u00e4tt, \u00e4ven vid l\u00e4ngre anv\u00e4ndning. F\u00f6rstorad halkskyddsbas Den 41 cm stora basen \u00e4r stabil f\u00f6r s\u00e4ker och p\u00e5litlig anv\u00e4ndning.  Den halkfria PVC-underl\u00e4gget skyddar ditt golv mot repor och g\u00f6r pallen idealisk f\u00f6r mattor, tr\u00e4golv och klinkergolv. H\u00e4lsosam kroppsh\u00e5llning vid arbete Arbetsstolen lutar 8\u00b0 i alla riktningar och kan roteras 360\u00b0. Tr\u00f6tthet som uppst\u00e5r vid f\u00f6r l\u00e5ng sittande undviks. Produktdetaljer: &#8211; F\u00e4rg: svart &#038; gr\u00e5 &#8211; Material: PP, st\u00e5l, skumplast, polyester &#8211; Sitth\u00f6jd: 50-70 cm &#8211; Sitsstorlek: \u00d8 38 cm &#8211; Basstorlek: \u00d8 41 cm &#8211; Vikt: 7,9 kg &#8211; Belastbarhet: 120 kg Leveransomfattning: &#8211; 1 x st\u00e5hj\u00e4lpmedel &#8211; 1 x bruksanvisning (DE, EN, FR, ES, IT)<\/p>\n","protected":false},"excerpt":{"rendered":"<p>SONGMICS H\u00f6j- och s\u00e4nkbar kontorspall, ergonomisk arbetspall, 360\u00b0 vridbar pall, sitth\u00f6jd 50-70 cm, med halkskyddande bottenring OSC01BK<\/p>\n","protected":false},"featured_media":0,"comment_status":"open","ping_status":"closed","template":"","meta":[],"product_brand":[],"product_cat":[33],"product_tag":[],"class_list":{"0":"post-17280","1":"product","2":"type-product","3":"status-publish","5":"product_cat-okategoriserad","7":"first","8":"instock","9":"shipping-taxable","10":"purchasable","11":"product-type-simple"},"_links":{"self":[{"href":"https:\/\/nordicmart.andreevmaster.com\/sv\/wp-json\/wp\/v2\/product\/17280","targetHints":{"allow":["GET"]}}],"collection":[{"href":"https:\/\/nordicmart.andreevmaster.com\/sv\/wp-json\/wp\/v2\/product"}],"about":[{"href":"https:\/\/nordicmart.andreevmaster.com\/sv\/wp-json\/wp\/v2\/types\/product"}],"replies":[{"embeddable":true,"href":"https:\/\/nordicmart.andreevmaster.com\/sv\/wp-json\/wp\/v2\/comments?post=17280"}],"wp:attachment":[{"href":"https:\/\/nordicmart.andreevmaster.com\/sv\/wp-json\/wp\/v2\/media?parent=17280"}],"wp:term":[{"taxonomy":"product_brand","embeddable":true,"href":"https:\/\/nordicmart.andreevmaster.com\/sv\/wp-json\/wp\/v2\/product_brand?post=17280"},{"taxonomy":"product_cat","embeddable":true,"href":"https:\/\/nordicmart.andreevmaster.com\/sv\/wp-json\/wp\/v2\/product_cat?post=17280"},{"taxonomy":"product_tag","embeddable":true,"href":"https:\/\/nordicmart.andreevmaster.com\/sv\/wp-json\/wp\/v2\/product_tag?post=17280"}],"curies":[{"name":"wp","href":"https:\/\/api.w.org\/{rel}","templated":true}]}}