{"id":17279,"date":"2026-02-27T00:34:22","date_gmt":"2026-02-27T00:34:22","guid":{"rendered":"https:\/\/nordicmart.andreevmaster.com\/product\/songmics-hoj-och-sankbar-kontorspall-svart\/"},"modified":"2026-02-27T08:24:05","modified_gmt":"2026-02-27T08:24:05","slug":"songmics-hoj-och-sankbar-kontorspall-svart","status":"publish","type":"product","link":"https:\/\/nordicmart.andreevmaster.com\/sv\/produkt\/songmics-hoj-och-sankbar-kontorspall-svart\/","title":{"rendered":"SONGMICS H\u00f6j- och s\u00e4nkbar kontorspall Svart"},"content":{"rendered":"<p>Komfort betyder inte bara att ligga p\u00e5 soffan i vardagsrummet. Med denna pall fr\u00e5n SONGMICS f\u00e5r du komfort \u00e4ven p\u00e5 din arbetsplats! H\u00e4r \u00e4r h\u00f6jdpunkterna f\u00f6r denna pall: 360\u00b0 rotation, kan lutas 8\u00b0 i alla riktningar. Sitsh\u00f6jden kan justeras fr\u00e5n 50 till 70 cm.Sitsytillf\u00e4llet p\u00e5 \u00d8 37 cm \u00e4r f\u00f6rsett med en 6,6 cm tjock stoppning f\u00f6r att \u00f6ka sittkomforten. Sockeln \u00e4r f\u00f6rsedd med en halkskyddskudde som skyddar ditt golv mot repor. Enkel montering utan verktyg. G\u00f6r ditt kontorsliv bekv\u00e4mare och h\u00e5ll din energiniv\u00e5 p\u00e5 en h\u00f6g niv\u00e5 med denna arbetshubb. Produktdetaljer: F\u00e4rg: Svart Material: PP (polypropen), st\u00e5l, skumplast, polyester Sitth\u00f6jd: 50\u201370 cm Diameter sittytan: 37 cm Diameter fot: 41 cm Vikt: 7,9 kg Max. statisk belastningskapacitet: 120 kg Leveransomfattning: 1 x vridbar kontorspall 1 x bruksanvisning (DE, EN, FR, ES, IT)<\/p>\n","protected":false},"excerpt":{"rendered":"<p>SONGMICS H\u00f6j- och s\u00e4nkbar kontorspall, ergonomisk arbetspall, 360\u00b0 vridbar pall, sitth\u00f6jd 50-70 cm, med halkskyddande bottenring OSC01BK<\/p>\n","protected":false},"featured_media":44713,"comment_status":"open","ping_status":"closed","template":"","meta":[],"product_brand":[],"product_cat":[33],"product_tag":[],"class_list":{"0":"post-17279","1":"product","2":"type-product","3":"status-publish","4":"has-post-thumbnail","6":"product_cat-okategoriserad","8":"first","9":"instock","10":"shipping-taxable","11":"purchasable","12":"product-type-simple"},"_links":{"self":[{"href":"https:\/\/nordicmart.andreevmaster.com\/sv\/wp-json\/wp\/v2\/product\/17279","targetHints":{"allow":["GET"]}}],"collection":[{"href":"https:\/\/nordicmart.andreevmaster.com\/sv\/wp-json\/wp\/v2\/product"}],"about":[{"href":"https:\/\/nordicmart.andreevmaster.com\/sv\/wp-json\/wp\/v2\/types\/product"}],"replies":[{"embeddable":true,"href":"https:\/\/nordicmart.andreevmaster.com\/sv\/wp-json\/wp\/v2\/comments?post=17279"}],"wp:featuredmedia":[{"embeddable":true,"href":"https:\/\/nordicmart.andreevmaster.com\/sv\/wp-json\/wp\/v2\/media\/44713"}],"wp:attachment":[{"href":"https:\/\/nordicmart.andreevmaster.com\/sv\/wp-json\/wp\/v2\/media?parent=17279"}],"wp:term":[{"taxonomy":"product_brand","embeddable":true,"href":"https:\/\/nordicmart.andreevmaster.com\/sv\/wp-json\/wp\/v2\/product_brand?post=17279"},{"taxonomy":"product_cat","embeddable":true,"href":"https:\/\/nordicmart.andreevmaster.com\/sv\/wp-json\/wp\/v2\/product_cat?post=17279"},{"taxonomy":"product_tag","embeddable":true,"href":"https:\/\/nordicmart.andreevmaster.com\/sv\/wp-json\/wp\/v2\/product_tag?post=17279"}],"curies":[{"name":"wp","href":"https:\/\/api.w.org\/{rel}","templated":true}]}}