{"id":17278,"date":"2026-02-27T00:34:22","date_gmt":"2026-02-27T00:34:22","guid":{"rendered":"https:\/\/nordicmart.andreevmaster.com\/product\/songmics-stapall-hoj-och-sankbar-modern-gra\/"},"modified":"2026-02-27T08:24:05","modified_gmt":"2026-02-27T08:24:05","slug":"songmics-stapall-hoj-och-sankbar-modern-gra","status":"publish","type":"product","link":"https:\/\/nordicmart.andreevmaster.com\/sv\/produkt\/songmics-stapall-hoj-och-sankbar-modern-gra\/","title":{"rendered":"SONGMICS st\u00e5pall, h\u00f6j- och s\u00e4nkbar, modern gr\u00e5"},"content":{"rendered":"<p>SONGMICS pall, st\u00e5pall som kan lutas 360\u00b0, skrivbordsstol, h\u00f6j- och s\u00e4nkbar 58\u201383 cm, stor bas, halkskydd, modern<br \/>\nF\u00e4rg: Gr\u00e5<br \/>\nMaterial: plast, skumplast, plywood, st\u00e5l<br \/>\nSitsh\u00f6jd: 58\u201383 cm<br \/>\nSitsens l\u00e4ngd: 34 cm<br \/>\nDiameter p\u00e5 sockeln: 36 cm<br \/>\nVikt: 5,9 kg<br \/>\nMax. statisk belastningskapacitet: 120 kg<\/p>\n","protected":false},"excerpt":{"rendered":"<p>SONGMICS pall, st\u00e5pall som kan lutas 360\u00b0, skrivbordsstol, h\u00f6j- och s\u00e4nkbar 58\u201383 cm, stor bas, halkskydd, modern<\/p>\n","protected":false},"featured_media":44712,"comment_status":"open","ping_status":"closed","template":"","meta":[],"product_brand":[],"product_cat":[33],"product_tag":[],"class_list":{"0":"post-17278","1":"product","2":"type-product","3":"status-publish","4":"has-post-thumbnail","6":"product_cat-okategoriserad","8":"first","9":"instock","10":"shipping-taxable","11":"purchasable","12":"product-type-simple"},"_links":{"self":[{"href":"https:\/\/nordicmart.andreevmaster.com\/sv\/wp-json\/wp\/v2\/product\/17278","targetHints":{"allow":["GET"]}}],"collection":[{"href":"https:\/\/nordicmart.andreevmaster.com\/sv\/wp-json\/wp\/v2\/product"}],"about":[{"href":"https:\/\/nordicmart.andreevmaster.com\/sv\/wp-json\/wp\/v2\/types\/product"}],"replies":[{"embeddable":true,"href":"https:\/\/nordicmart.andreevmaster.com\/sv\/wp-json\/wp\/v2\/comments?post=17278"}],"wp:featuredmedia":[{"embeddable":true,"href":"https:\/\/nordicmart.andreevmaster.com\/sv\/wp-json\/wp\/v2\/media\/44712"}],"wp:attachment":[{"href":"https:\/\/nordicmart.andreevmaster.com\/sv\/wp-json\/wp\/v2\/media?parent=17278"}],"wp:term":[{"taxonomy":"product_brand","embeddable":true,"href":"https:\/\/nordicmart.andreevmaster.com\/sv\/wp-json\/wp\/v2\/product_brand?post=17278"},{"taxonomy":"product_cat","embeddable":true,"href":"https:\/\/nordicmart.andreevmaster.com\/sv\/wp-json\/wp\/v2\/product_cat?post=17278"},{"taxonomy":"product_tag","embeddable":true,"href":"https:\/\/nordicmart.andreevmaster.com\/sv\/wp-json\/wp\/v2\/product_tag?post=17278"}],"curies":[{"name":"wp","href":"https:\/\/api.w.org\/{rel}","templated":true}]}}