{"id":17276,"date":"2026-02-27T00:34:21","date_gmt":"2026-02-27T00:34:21","guid":{"rendered":"https:\/\/nordicmart.andreevmaster.com\/product\/songmics-kontorspall-595-81-cm-svart\/"},"modified":"2026-02-27T08:24:05","modified_gmt":"2026-02-27T08:24:05","slug":"songmics-kontorspall-595-81-cm-svart","status":"publish","type":"product","link":"https:\/\/nordicmart.andreevmaster.com\/sv\/produkt\/songmics-kontorspall-595-81-cm-svart\/","title":{"rendered":"SONGMICS kontorspall 59,5\u201381 cm svart"},"content":{"rendered":"<p>Att sitta stelt \u00e4r ett minne blott: moderna kontor har nu rullstolar som m\u00f6jligg\u00f6r ett aktivt arbete. S\u00e4tt dig bekv\u00e4mt p\u00e5 den v\u00e4lstoppade sitsen p\u00e5 denna arbetsstol och h\u00e5ll dig alltid i r\u00f6relse. Stolen kan vridas 360\u00b0, h\u00f6jjas fr\u00e5n 59,5 till 81 cm, lutas \u00e5t alla h\u00e5ll och flyttas naturligtvis ocks\u00e5 tv\u00e4rs \u00f6ver rummet tack vare de stabila hjulen. Elegans i alla detaljer: Det enkla utseendet, det h\u00f6gkvalitativa konstl\u00e4dret och den automatiska gasfj\u00e4dern i f\u00f6rkromat st\u00e5l ger ditt arbetsrum en raffinerad touch. Dessutom \u00e4r denna stol utrustad med en sittbromsmekanism som l\u00e5ser hjulen s\u00e5 snart du s\u00e4tter dig p\u00e5 stolen \u2013 h\u00e5ll dig stabil n\u00e4r du arbetar och \u00f6ka din koncentration! Produktdetaljer:F\u00e4rg: SvartMaterial: Polyester, skumplast, nylon, st\u00e5lTotal storlek: 51,5 x (59,5-81) cm (\u00d8 x H)Sitsens diameter: 38,5 cmFotst\u00f6dets diameter: 45 cmFotkorsets diameter: 51,5 cm Sitth\u00f6jd: 59,5-81 cm Sittdynans tjocklek: 7,5 cm Vikt: 7,8 kg Max. statisk belastningskapacitet: 110 kg Leveransomfattning: 1 x sittdyna 1 x fotst\u00f6d 1 x fotkors 1 x gasfj\u00e4dercylinder 5 x hjul SONGIMC Anvisningar:Anv\u00e4nd inte produkten p\u00e5 oj\u00e4mnt eller halt underlag! Lyft inte b\u00e5da f\u00f6tterna fr\u00e5n golvet samtidigt n\u00e4r du sitter p\u00e5 pallen! Luta inte pallen f\u00f6r mycket. Sitt inte p\u00e5 pallens kant. Barn f\u00e5r endast anv\u00e4nda produkten under uppsikt av en vuxen. Gravida kvinnor b\u00f6r vara mycket f\u00f6rsiktiga n\u00e4r de anv\u00e4nder produkten.<\/p>\n","protected":false},"excerpt":{"rendered":"<p>SONGMICS kontorspall, ergonomisk arbetsstol, sittpall, 360\u00b0 vridbar stol, h\u00f6j- och s\u00e4nkbar, 59,5\u201381 cm, justerbar fotst\u00f6d, svart OSC007B01<\/p>\n","protected":false},"featured_media":44710,"comment_status":"open","ping_status":"closed","template":"","meta":[],"product_brand":[],"product_cat":[33],"product_tag":[],"class_list":{"0":"post-17276","1":"product","2":"type-product","3":"status-publish","4":"has-post-thumbnail","6":"product_cat-okategoriserad","8":"first","9":"instock","10":"shipping-taxable","11":"purchasable","12":"product-type-simple"},"_links":{"self":[{"href":"https:\/\/nordicmart.andreevmaster.com\/sv\/wp-json\/wp\/v2\/product\/17276","targetHints":{"allow":["GET"]}}],"collection":[{"href":"https:\/\/nordicmart.andreevmaster.com\/sv\/wp-json\/wp\/v2\/product"}],"about":[{"href":"https:\/\/nordicmart.andreevmaster.com\/sv\/wp-json\/wp\/v2\/types\/product"}],"replies":[{"embeddable":true,"href":"https:\/\/nordicmart.andreevmaster.com\/sv\/wp-json\/wp\/v2\/comments?post=17276"}],"wp:featuredmedia":[{"embeddable":true,"href":"https:\/\/nordicmart.andreevmaster.com\/sv\/wp-json\/wp\/v2\/media\/44710"}],"wp:attachment":[{"href":"https:\/\/nordicmart.andreevmaster.com\/sv\/wp-json\/wp\/v2\/media?parent=17276"}],"wp:term":[{"taxonomy":"product_brand","embeddable":true,"href":"https:\/\/nordicmart.andreevmaster.com\/sv\/wp-json\/wp\/v2\/product_brand?post=17276"},{"taxonomy":"product_cat","embeddable":true,"href":"https:\/\/nordicmart.andreevmaster.com\/sv\/wp-json\/wp\/v2\/product_cat?post=17276"},{"taxonomy":"product_tag","embeddable":true,"href":"https:\/\/nordicmart.andreevmaster.com\/sv\/wp-json\/wp\/v2\/product_tag?post=17276"}],"curies":[{"name":"wp","href":"https:\/\/api.w.org\/{rel}","templated":true}]}}