{"id":17271,"date":"2026-02-27T00:34:19","date_gmt":"2026-02-27T00:34:19","guid":{"rendered":"https:\/\/nordicmart.andreevmaster.com\/product\/songmics-arkivskap-multifunktionsskap-forvaringsskap\/"},"modified":"2026-02-27T08:24:04","modified_gmt":"2026-02-27T08:24:04","slug":"songmics-arkivskap-multifunktionsskap-forvaringsskap","status":"publish","type":"product","link":"https:\/\/nordicmart.andreevmaster.com\/sv\/produkt\/songmics-arkivskap-multifunktionsskap-forvaringsskap\/","title":{"rendered":"SONGMICS arkivsk\u00e5p, multifunktionssk\u00e5p, f\u00f6rvaringssk\u00e5p"},"content":{"rendered":"<p>Arkivsk\u00e5p, multifunktionssk\u00e5p, f\u00f6rvaringssk\u00e5p, 5 niv\u00e5er, 40 x 80 x 180 cm, dubbeld\u00f6rrar, l\u00e5s, justerbara hyllor, mattvit<br \/>\nProduktdetaljer:<br \/>\n&#8211; F\u00e4rg: Matt svart<br \/>\n&#8211; Material: Pulverlackerat st\u00e5l<br \/>\n&#8211; Storlek: 40 x 80 x 180 cm (D x B x H)<br \/>\n&#8211; Vikt: 40,5 kg<br \/>\n&#8211; Max. statisk belastningskapacitet per hylla: 25 kg<\/p>\n<p>Leveransomfattning:<br \/>\n&#8211; 1 x f\u00f6rvaringssk\u00e5p<br \/>\n&#8211; 1 x tillbeh\u00f6rspaket<br \/>\n&#8211; 1 x tippskydd<br \/>\n&#8211; 1 x bruksanvisning<\/p>\n<p>Anm\u00e4rkningar:<br \/>\n&#8211; En elektrisk borrmaskin kr\u00e4vs f\u00f6r montering.<\/p>\n","protected":false},"excerpt":{"rendered":"<p>Arkivsk\u00e5p, multifunktionssk\u00e5p, f\u00f6rvaringssk\u00e5p, 5 niv\u00e5er, 40 x 80 x 180 cm, dubbeld\u00f6rrar, l\u00e5s, justerbara hyllor, mattvit<\/p>\n","protected":false},"featured_media":44706,"comment_status":"open","ping_status":"closed","template":"","meta":[],"product_brand":[],"product_cat":[33],"product_tag":[],"class_list":{"0":"post-17271","1":"product","2":"type-product","3":"status-publish","4":"has-post-thumbnail","6":"product_cat-okategoriserad","8":"first","9":"instock","10":"shipping-taxable","11":"purchasable","12":"product-type-simple"},"_links":{"self":[{"href":"https:\/\/nordicmart.andreevmaster.com\/sv\/wp-json\/wp\/v2\/product\/17271","targetHints":{"allow":["GET"]}}],"collection":[{"href":"https:\/\/nordicmart.andreevmaster.com\/sv\/wp-json\/wp\/v2\/product"}],"about":[{"href":"https:\/\/nordicmart.andreevmaster.com\/sv\/wp-json\/wp\/v2\/types\/product"}],"replies":[{"embeddable":true,"href":"https:\/\/nordicmart.andreevmaster.com\/sv\/wp-json\/wp\/v2\/comments?post=17271"}],"wp:featuredmedia":[{"embeddable":true,"href":"https:\/\/nordicmart.andreevmaster.com\/sv\/wp-json\/wp\/v2\/media\/44706"}],"wp:attachment":[{"href":"https:\/\/nordicmart.andreevmaster.com\/sv\/wp-json\/wp\/v2\/media?parent=17271"}],"wp:term":[{"taxonomy":"product_brand","embeddable":true,"href":"https:\/\/nordicmart.andreevmaster.com\/sv\/wp-json\/wp\/v2\/product_brand?post=17271"},{"taxonomy":"product_cat","embeddable":true,"href":"https:\/\/nordicmart.andreevmaster.com\/sv\/wp-json\/wp\/v2\/product_cat?post=17271"},{"taxonomy":"product_tag","embeddable":true,"href":"https:\/\/nordicmart.andreevmaster.com\/sv\/wp-json\/wp\/v2\/product_tag?post=17271"}],"curies":[{"name":"wp","href":"https:\/\/api.w.org\/{rel}","templated":true}]}}