{"id":17268,"date":"2026-02-27T00:34:18","date_gmt":"2026-02-27T00:34:18","guid":{"rendered":"https:\/\/nordicmart.andreevmaster.com\/product\/songmics-arkivskap-med-lada\/"},"modified":"2026-02-27T08:24:03","modified_gmt":"2026-02-27T08:24:03","slug":"songmics-arkivskap-med-lada","status":"publish","type":"product","link":"https:\/\/nordicmart.andreevmaster.com\/sv\/produkt\/songmics-arkivskap-med-lada\/","title":{"rendered":"SONGMICS arkivsk\u00e5p med l\u00e5da"},"content":{"rendered":"<p>Letar du efter ett praktiskt arkivsk\u00e5p? Tada! Jag \u00e4r precis r\u00e4tt f\u00f6r dig. Jag passar i vardagsrummet, sovrummet och kontoret och \u00e4r en p\u00e5litlig f\u00f6rvaringsl\u00f6sning f\u00f6r dina b\u00f6cker, dokument osv. Eller har du b\u00e4ttre id\u00e9er? Produktdetaljer: F\u00e4rg: Vintagebrun-svart Material: St\u00e5l, sp\u00e5nskiva Storlek: 41 x 46 x 105 cm (L x B x H) Vikt: 14,9 kg Max. statisk belastningskapacitet p\u00e5 ytan: 50 kg Max. statisk belastningskapacitet p\u00e5 den mellersta hyllan: 20 kg Max. statisk belastningskapacitet p\u00e5 l\u00e5dan: 20 kg Leveransomfattning: 1 x arkivsk\u00e5p 1 x tillbeh\u00f6rspaket 1 x tippskydd 1 x instruktioner SONGMICS Anm\u00e4rkningar:F\u00e4st denna produkt p\u00e5 v\u00e4ggen med det medf\u00f6ljande tippskyddet f\u00f6r att f\u00f6rhindra att den v\u00e4lter.<\/p>\n","protected":false},"excerpt":{"rendered":"<p>SONGMICS arkivsk\u00e5p, kontorssk\u00e5p med fack och l\u00e5da, f\u00f6rvaringssk\u00e5p i st\u00e5l, f\u00f6r kontor, arbetsrum, vardagsrum, vintagebrun-svart OMC301B01<\/p>\n","protected":false},"featured_media":44703,"comment_status":"open","ping_status":"closed","template":"","meta":[],"product_brand":[],"product_cat":[33],"product_tag":[],"class_list":{"0":"post-17268","1":"product","2":"type-product","3":"status-publish","4":"has-post-thumbnail","6":"product_cat-okategoriserad","8":"first","9":"instock","10":"shipping-taxable","11":"purchasable","12":"product-type-simple"},"_links":{"self":[{"href":"https:\/\/nordicmart.andreevmaster.com\/sv\/wp-json\/wp\/v2\/product\/17268","targetHints":{"allow":["GET"]}}],"collection":[{"href":"https:\/\/nordicmart.andreevmaster.com\/sv\/wp-json\/wp\/v2\/product"}],"about":[{"href":"https:\/\/nordicmart.andreevmaster.com\/sv\/wp-json\/wp\/v2\/types\/product"}],"replies":[{"embeddable":true,"href":"https:\/\/nordicmart.andreevmaster.com\/sv\/wp-json\/wp\/v2\/comments?post=17268"}],"wp:featuredmedia":[{"embeddable":true,"href":"https:\/\/nordicmart.andreevmaster.com\/sv\/wp-json\/wp\/v2\/media\/44703"}],"wp:attachment":[{"href":"https:\/\/nordicmart.andreevmaster.com\/sv\/wp-json\/wp\/v2\/media?parent=17268"}],"wp:term":[{"taxonomy":"product_brand","embeddable":true,"href":"https:\/\/nordicmart.andreevmaster.com\/sv\/wp-json\/wp\/v2\/product_brand?post=17268"},{"taxonomy":"product_cat","embeddable":true,"href":"https:\/\/nordicmart.andreevmaster.com\/sv\/wp-json\/wp\/v2\/product_cat?post=17268"},{"taxonomy":"product_tag","embeddable":true,"href":"https:\/\/nordicmart.andreevmaster.com\/sv\/wp-json\/wp\/v2\/product_tag?post=17268"}],"curies":[{"name":"wp","href":"https:\/\/api.w.org\/{rel}","templated":true}]}}