{"id":17267,"date":"2026-02-27T00:34:18","date_gmt":"2026-02-27T00:34:18","guid":{"rendered":"https:\/\/nordicmart.andreevmaster.com\/product\/songmics-skrivarhallare-matt-svart\/"},"modified":"2026-02-27T08:24:03","modified_gmt":"2026-02-27T08:24:03","slug":"songmics-skrivarhallare-matt-svart","status":"publish","type":"product","link":"https:\/\/nordicmart.andreevmaster.com\/sv\/produkt\/songmics-skrivarhallare-matt-svart\/","title":{"rendered":"SONGMICS skrivarh\u00e5llare matt svart"},"content":{"rendered":"<p>Produktdetaljer: F\u00e4rg: Matt svart Material: St\u00e5l Storlek: 40,5 x 30 x 22 cm (L x B x H) Vikt: 3 kg Max. statisk belastningskapacitet f\u00f6r ytan: 50 kg Max. statisk belastningskapacitet f\u00f6r mitthyllan: 15 kg Leveransomfattning: 1 x skrivarhylla 1 x tillbeh\u00f6rspaket 1 x bruksanvisning (DE, EN, FR, ES, IT)<\/p>\n","protected":false},"excerpt":{"rendered":"<p>SONGMICS skrivarh\u00e5llare, skrivarhylla, med hyllor, st\u00e5lram, multifunktionell hylla, enkel design, f\u00f6r kontor, arbetsrum, 40,5 x 30 x 22 cm (L x B x H), matt svart OMC101B01<\/p>\n","protected":false},"featured_media":44702,"comment_status":"open","ping_status":"closed","template":"","meta":[],"product_brand":[],"product_cat":[33],"product_tag":[],"class_list":{"0":"post-17267","1":"product","2":"type-product","3":"status-publish","4":"has-post-thumbnail","6":"product_cat-okategoriserad","8":"first","9":"instock","10":"shipping-taxable","11":"purchasable","12":"product-type-simple"},"_links":{"self":[{"href":"https:\/\/nordicmart.andreevmaster.com\/sv\/wp-json\/wp\/v2\/product\/17267","targetHints":{"allow":["GET"]}}],"collection":[{"href":"https:\/\/nordicmart.andreevmaster.com\/sv\/wp-json\/wp\/v2\/product"}],"about":[{"href":"https:\/\/nordicmart.andreevmaster.com\/sv\/wp-json\/wp\/v2\/types\/product"}],"replies":[{"embeddable":true,"href":"https:\/\/nordicmart.andreevmaster.com\/sv\/wp-json\/wp\/v2\/comments?post=17267"}],"wp:featuredmedia":[{"embeddable":true,"href":"https:\/\/nordicmart.andreevmaster.com\/sv\/wp-json\/wp\/v2\/media\/44702"}],"wp:attachment":[{"href":"https:\/\/nordicmart.andreevmaster.com\/sv\/wp-json\/wp\/v2\/media?parent=17267"}],"wp:term":[{"taxonomy":"product_brand","embeddable":true,"href":"https:\/\/nordicmart.andreevmaster.com\/sv\/wp-json\/wp\/v2\/product_brand?post=17267"},{"taxonomy":"product_cat","embeddable":true,"href":"https:\/\/nordicmart.andreevmaster.com\/sv\/wp-json\/wp\/v2\/product_cat?post=17267"},{"taxonomy":"product_tag","embeddable":true,"href":"https:\/\/nordicmart.andreevmaster.com\/sv\/wp-json\/wp\/v2\/product_tag?post=17267"}],"curies":[{"name":"wp","href":"https:\/\/api.w.org\/{rel}","templated":true}]}}