{"id":17266,"date":"2026-02-27T00:34:18","date_gmt":"2026-02-27T00:34:18","guid":{"rendered":"https:\/\/nordicmart.andreevmaster.com\/product\/songmics-metallskap-gratt\/"},"modified":"2026-02-27T08:24:02","modified_gmt":"2026-02-27T08:24:02","slug":"songmics-metallskap-gratt","status":"publish","type":"product","link":"https:\/\/nordicmart.andreevmaster.com\/sv\/produkt\/songmics-metallskap-gratt\/","title":{"rendered":"SONGMICS metallsk\u00e5p, gr\u00e5tt"},"content":{"rendered":"<p>Om ditt kontor eller arbetsrum \u00e4r helt i oordning och du st\u00e4ndigt m\u00e5ste offra din v\u00e4rdefulla arbetstid f\u00f6r att leta efter en viss mapp, d\u00e5 \u00e4r det dags f\u00f6r detta metallsk\u00e5p fr\u00e5n SONGMICS !Vilka \u00e4r f\u00f6rdelarna med detta kontorssk\u00e5p? Det \u00e4r enkelt:Det gr\u00e5lackerade metallen ger varje rum en kraftfull touch.Var och en av de 3 29 cm h\u00f6ga hyllplan \u00e4r mycket rymliga och m\u00f6jligg\u00f6r f\u00f6rvaring av h\u00f6ga f\u00f6rem\u00e5l eller dokumentstaplar. Dubbeld\u00f6rrarna ger enkel \u00e5tkomst till inneh\u00e5llet i metallsk\u00e5pet. Varje d\u00f6rr \u00e4r utrustad med en magnet och gummibuffertar f\u00f6r att s\u00e4kerst\u00e4lla en tyst st\u00e4ngning.Sk\u00e5pets metallkonstruktion \u00e4r stabil, t\u00e5lig och h\u00e5llbar. Varje hyllplan har en statisk belastningskapacitet p\u00e5 15 kg. Plastk\u00e5porna p\u00e5 sk\u00e5pets ben f\u00f6rhindrar repor p\u00e5 golvet. Produktdetaljer:F\u00e4rg: Gr\u00e5 Material: Lackerad metall Storlek: 65 x 36 x 105,2 cm (L x B x H) Vikt: 15,9 kg Max. statisk belastningskapacitet per hyllplan: 15 kg Leveransomfattning: 1 x metallsk\u00e5p 1 x beh\u00e5llare med tillbeh\u00f6r 1 x bruksanvisning (DE, EN, FR, ES, IT) SONGMICS Anm\u00e4rkningar:Monteringen b\u00f6r utf\u00f6ras med en akkupassborr. Kontakta oss om du st\u00f6ter p\u00e5 problem under monteringen.<\/p>\n","protected":false},"excerpt":{"rendered":"<p>SONGMICS metallsk\u00e5p med 3 hyllplan, arkivsk\u00e5p med dubbeld\u00f6rrar, kontorssk\u00e5p, verktygssk\u00e5p, f\u00f6r garage, verkstad, 65 x 36 x 105,2 cm, med 15 kg belastning per niv\u00e5, gr\u00e5 OMC06GB<\/p>\n","protected":false},"featured_media":44701,"comment_status":"open","ping_status":"closed","template":"","meta":[],"product_brand":[],"product_cat":[33],"product_tag":[],"class_list":{"0":"post-17266","1":"product","2":"type-product","3":"status-publish","4":"has-post-thumbnail","6":"product_cat-okategoriserad","8":"first","9":"instock","10":"shipping-taxable","11":"purchasable","12":"product-type-simple"},"_links":{"self":[{"href":"https:\/\/nordicmart.andreevmaster.com\/sv\/wp-json\/wp\/v2\/product\/17266","targetHints":{"allow":["GET"]}}],"collection":[{"href":"https:\/\/nordicmart.andreevmaster.com\/sv\/wp-json\/wp\/v2\/product"}],"about":[{"href":"https:\/\/nordicmart.andreevmaster.com\/sv\/wp-json\/wp\/v2\/types\/product"}],"replies":[{"embeddable":true,"href":"https:\/\/nordicmart.andreevmaster.com\/sv\/wp-json\/wp\/v2\/comments?post=17266"}],"wp:featuredmedia":[{"embeddable":true,"href":"https:\/\/nordicmart.andreevmaster.com\/sv\/wp-json\/wp\/v2\/media\/44701"}],"wp:attachment":[{"href":"https:\/\/nordicmart.andreevmaster.com\/sv\/wp-json\/wp\/v2\/media?parent=17266"}],"wp:term":[{"taxonomy":"product_brand","embeddable":true,"href":"https:\/\/nordicmart.andreevmaster.com\/sv\/wp-json\/wp\/v2\/product_brand?post=17266"},{"taxonomy":"product_cat","embeddable":true,"href":"https:\/\/nordicmart.andreevmaster.com\/sv\/wp-json\/wp\/v2\/product_cat?post=17266"},{"taxonomy":"product_tag","embeddable":true,"href":"https:\/\/nordicmart.andreevmaster.com\/sv\/wp-json\/wp\/v2\/product_tag?post=17266"}],"curies":[{"name":"wp","href":"https:\/\/api.w.org\/{rel}","templated":true}]}}