{"id":17264,"date":"2026-02-27T00:34:17","date_gmt":"2026-02-27T00:34:17","guid":{"rendered":"https:\/\/nordicmart.andreevmaster.com\/product\/songmics-arkivskap-med-4-dorrar-och-5-hyllplan-40-x-80-x-180-cm-matt-svart\/"},"modified":"2026-02-27T08:24:02","modified_gmt":"2026-02-27T08:24:02","slug":"songmics-arkivskap-med-4-dorrar-och-5-hyllplan-40-x-80-x-180-cm-matt-svart","status":"publish","type":"product","link":"https:\/\/nordicmart.andreevmaster.com\/sv\/produkt\/songmics-arkivskap-med-4-dorrar-och-5-hyllplan-40-x-80-x-180-cm-matt-svart\/","title":{"rendered":"SONGMICS arkivsk\u00e5p med 4 d\u00f6rrar och 5 hyllplan 40 x 80 x 180 cm matt svart"},"content":{"rendered":"<p>SONGMICS arkivsk\u00e5p, multifunktionssk\u00e5p, kontorssk\u00e5p, med 4 d\u00f6rrar och 5 hyllplan, 40 x 80 x 180 cm, 2 l\u00e5s, justerbara hyllor, f\u00f6rvaringssk\u00e5p i st\u00e5l, mattgr\u00e5tt OMC016G01<br \/>\nF\u00e4rg: Matt svart<br \/>\nMaterial: St\u00e5l<br \/>\nStorlek: 40 x 80 x 180 cm (D x B x H)<br \/>\nVikt: 40,7 kg<br \/>\nMax. statisk belastningskapacitet per hylla: 25 kg<\/p>\n","protected":false},"excerpt":{"rendered":"<p>SONGMICS arkivsk\u00e5p, multifunktionssk\u00e5p, kontorssk\u00e5p, med 4 d\u00f6rrar och 5 hyllplan, 40 x 80 x 180 cm, 2 l\u00e5s, justerbara hyllor, f\u00f6rvaringssk\u00e5p i st\u00e5l, mattgr\u00e5tt OMC016G01<\/p>\n","protected":false},"featured_media":44699,"comment_status":"open","ping_status":"closed","template":"","meta":[],"product_brand":[],"product_cat":[33],"product_tag":[],"class_list":{"0":"post-17264","1":"product","2":"type-product","3":"status-publish","4":"has-post-thumbnail","6":"product_cat-okategoriserad","8":"first","9":"instock","10":"shipping-taxable","11":"purchasable","12":"product-type-simple"},"_links":{"self":[{"href":"https:\/\/nordicmart.andreevmaster.com\/sv\/wp-json\/wp\/v2\/product\/17264","targetHints":{"allow":["GET"]}}],"collection":[{"href":"https:\/\/nordicmart.andreevmaster.com\/sv\/wp-json\/wp\/v2\/product"}],"about":[{"href":"https:\/\/nordicmart.andreevmaster.com\/sv\/wp-json\/wp\/v2\/types\/product"}],"replies":[{"embeddable":true,"href":"https:\/\/nordicmart.andreevmaster.com\/sv\/wp-json\/wp\/v2\/comments?post=17264"}],"wp:featuredmedia":[{"embeddable":true,"href":"https:\/\/nordicmart.andreevmaster.com\/sv\/wp-json\/wp\/v2\/media\/44699"}],"wp:attachment":[{"href":"https:\/\/nordicmart.andreevmaster.com\/sv\/wp-json\/wp\/v2\/media?parent=17264"}],"wp:term":[{"taxonomy":"product_brand","embeddable":true,"href":"https:\/\/nordicmart.andreevmaster.com\/sv\/wp-json\/wp\/v2\/product_brand?post=17264"},{"taxonomy":"product_cat","embeddable":true,"href":"https:\/\/nordicmart.andreevmaster.com\/sv\/wp-json\/wp\/v2\/product_cat?post=17264"},{"taxonomy":"product_tag","embeddable":true,"href":"https:\/\/nordicmart.andreevmaster.com\/sv\/wp-json\/wp\/v2\/product_tag?post=17264"}],"curies":[{"name":"wp","href":"https:\/\/api.w.org\/{rel}","templated":true}]}}