{"id":17261,"date":"2026-02-27T00:34:17","date_gmt":"2026-02-27T00:34:17","guid":{"rendered":"https:\/\/nordicmart.andreevmaster.com\/product\/songmics-arkivskap-med-2-dorrar\/"},"modified":"2026-02-27T08:24:01","modified_gmt":"2026-02-27T08:24:01","slug":"songmics-arkivskap-med-2-dorrar","status":"publish","type":"product","link":"https:\/\/nordicmart.andreevmaster.com\/sv\/produkt\/songmics-arkivskap-med-2-dorrar\/","title":{"rendered":"SONGMICS arkivsk\u00e5p med 2 d\u00f6rrar"},"content":{"rendered":"<p>Om ditt kontor eller arbetsrum \u00e4r helt kaotiskt och du st\u00e4ndigt m\u00e5ste offra din v\u00e4rdefulla arbetstid p\u00e5 att leta efter en viss mapp, d\u00e5 \u00e4r det dags f\u00f6r detta metallsk\u00e5p fr\u00e5n SONGMICS! Vilka \u00e4r f\u00f6rdelarna med detta kontorssk\u00e5p? &#8211; Det gr\u00e5 pulverlackerade metallen ger varje rum en kraftfull touch.- Var och en av de 4 hyllorna \u00e4r justerbara f\u00f6r att m\u00f6jligg\u00f6ra f\u00f6rvaring av h\u00f6ga f\u00f6rem\u00e5l. &#8211; Dubbeld\u00f6rrarna ger enkel \u00e5tkomst till inneh\u00e5llet i metallsk\u00e5pet. &#8211; Sk\u00e5pets metallkonstruktion \u00e4r stabil, t\u00e5lig och h\u00e5llbar. &#8211; Varje hylla har en belastningskapacitet p\u00e5 upp till 25 kg.- Med ett l\u00e5s och 2 nycklar \u00e4r dina dokument s\u00e4kert f\u00f6rvarade. Produktdetaljer: &#8211; F\u00e4rg: Gr\u00e5 &#8211; Material: Pulverlackerat st\u00e5l &#8211; Storlek: 80 x 40 x 180 cm (L x B x H) &#8211; Vikt: 40,5 kg &#8211; Max. statisk belastningskapacitet per niv\u00e5: 25 kg Leveransomfattning:- 1 x metallsk\u00e5p &#8211; 1 x tillbeh\u00f6rspaket &#8211; 1 x tippskydd &#8211; 1 x bruksanvisning SONGMICS Anm\u00e4rkningar: &#8211; Monteringen b\u00f6r utf\u00f6ras med en akkuborrmaskin. &#8211; Denna produkt levereras i 2 paket. Om du f\u00f6rst endast f\u00e5r 1 paket, v\u00e4nta med monteringen tills du f\u00e5tt det andra paketet.<\/p>\n","protected":false},"excerpt":{"rendered":"<p>SONGMICS arkivsk\u00e5p, kontorssk\u00e5p med 2 d\u00f6rrar, f\u00f6rvaringssk\u00e5p i st\u00e5l, 5 hyllplan, f\u00f6r garage, arbetsrum, gr\u00e5 OMC015G01<\/p>\n","protected":false},"featured_media":44696,"comment_status":"open","ping_status":"closed","template":"","meta":[],"product_brand":[],"product_cat":[33],"product_tag":[],"class_list":{"0":"post-17261","1":"product","2":"type-product","3":"status-publish","4":"has-post-thumbnail","6":"product_cat-okategoriserad","8":"first","9":"instock","10":"shipping-taxable","11":"purchasable","12":"product-type-simple"},"_links":{"self":[{"href":"https:\/\/nordicmart.andreevmaster.com\/sv\/wp-json\/wp\/v2\/product\/17261","targetHints":{"allow":["GET"]}}],"collection":[{"href":"https:\/\/nordicmart.andreevmaster.com\/sv\/wp-json\/wp\/v2\/product"}],"about":[{"href":"https:\/\/nordicmart.andreevmaster.com\/sv\/wp-json\/wp\/v2\/types\/product"}],"replies":[{"embeddable":true,"href":"https:\/\/nordicmart.andreevmaster.com\/sv\/wp-json\/wp\/v2\/comments?post=17261"}],"wp:featuredmedia":[{"embeddable":true,"href":"https:\/\/nordicmart.andreevmaster.com\/sv\/wp-json\/wp\/v2\/media\/44696"}],"wp:attachment":[{"href":"https:\/\/nordicmart.andreevmaster.com\/sv\/wp-json\/wp\/v2\/media?parent=17261"}],"wp:term":[{"taxonomy":"product_brand","embeddable":true,"href":"https:\/\/nordicmart.andreevmaster.com\/sv\/wp-json\/wp\/v2\/product_brand?post=17261"},{"taxonomy":"product_cat","embeddable":true,"href":"https:\/\/nordicmart.andreevmaster.com\/sv\/wp-json\/wp\/v2\/product_cat?post=17261"},{"taxonomy":"product_tag","embeddable":true,"href":"https:\/\/nordicmart.andreevmaster.com\/sv\/wp-json\/wp\/v2\/product_tag?post=17261"}],"curies":[{"name":"wp","href":"https:\/\/api.w.org\/{rel}","templated":true}]}}