{"id":17259,"date":"2026-02-27T00:34:16","date_gmt":"2026-02-27T00:34:16","guid":{"rendered":"https:\/\/nordicmart.andreevmaster.com\/product\/songmics-arkivskap-med-5-hyllplan-40-x-60-x-180-cm-mattvit\/"},"modified":"2026-02-27T08:24:01","modified_gmt":"2026-02-27T08:24:01","slug":"songmics-arkivskap-med-5-hyllplan-40-x-60-x-180-cm-mattvit","status":"publish","type":"product","link":"https:\/\/nordicmart.andreevmaster.com\/sv\/produkt\/songmics-arkivskap-med-5-hyllplan-40-x-60-x-180-cm-mattvit\/","title":{"rendered":"SONGMICS arkivsk\u00e5p med 5 hyllplan 40 x 60 x 180 cm mattvit"},"content":{"rendered":"<p>SONGMICS arkivsk\u00e5p, kontorssk\u00e5p med 2 d\u00f6rrar, f\u00f6rvaringssk\u00e5p i st\u00e5l, 5 hyllplan, f\u00f6r garage, arbetsrum, gr\u00e5 OMC015G01<br \/>\nF\u00e4rg: Mattvit<br \/>\nMaterial: Pulverlackerat st\u00e5l<br \/>\nStorlek: 40 x 60 x 180 cm (D x B x H)<br \/>\nVikt: 30,9 kg<br \/>\nMax. statisk belastningskapacitet per hylla: 25 kg<\/p>\n","protected":false},"excerpt":{"rendered":"<p>SONGMICS arkivsk\u00e5p, kontorssk\u00e5p med 2 d\u00f6rrar, f\u00f6rvaringssk\u00e5p i st\u00e5l, 5 hyllplan, f\u00f6r garage, arbetsrum, gr\u00e5 OMC015G01<\/p>\n","protected":false},"featured_media":44694,"comment_status":"open","ping_status":"closed","template":"","meta":[],"product_brand":[],"product_cat":[33],"product_tag":[],"class_list":{"0":"post-17259","1":"product","2":"type-product","3":"status-publish","4":"has-post-thumbnail","6":"product_cat-okategoriserad","8":"first","9":"instock","10":"shipping-taxable","11":"purchasable","12":"product-type-simple"},"_links":{"self":[{"href":"https:\/\/nordicmart.andreevmaster.com\/sv\/wp-json\/wp\/v2\/product\/17259","targetHints":{"allow":["GET"]}}],"collection":[{"href":"https:\/\/nordicmart.andreevmaster.com\/sv\/wp-json\/wp\/v2\/product"}],"about":[{"href":"https:\/\/nordicmart.andreevmaster.com\/sv\/wp-json\/wp\/v2\/types\/product"}],"replies":[{"embeddable":true,"href":"https:\/\/nordicmart.andreevmaster.com\/sv\/wp-json\/wp\/v2\/comments?post=17259"}],"wp:featuredmedia":[{"embeddable":true,"href":"https:\/\/nordicmart.andreevmaster.com\/sv\/wp-json\/wp\/v2\/media\/44694"}],"wp:attachment":[{"href":"https:\/\/nordicmart.andreevmaster.com\/sv\/wp-json\/wp\/v2\/media?parent=17259"}],"wp:term":[{"taxonomy":"product_brand","embeddable":true,"href":"https:\/\/nordicmart.andreevmaster.com\/sv\/wp-json\/wp\/v2\/product_brand?post=17259"},{"taxonomy":"product_cat","embeddable":true,"href":"https:\/\/nordicmart.andreevmaster.com\/sv\/wp-json\/wp\/v2\/product_cat?post=17259"},{"taxonomy":"product_tag","embeddable":true,"href":"https:\/\/nordicmart.andreevmaster.com\/sv\/wp-json\/wp\/v2\/product_tag?post=17259"}],"curies":[{"name":"wp","href":"https:\/\/api.w.org\/{rel}","templated":true}]}}