{"id":17256,"date":"2026-02-27T00:34:15","date_gmt":"2026-02-27T00:34:15","guid":{"rendered":"https:\/\/nordicmart.andreevmaster.com\/product\/songmics-lasbar-arkivskap-med-2-dorrar-40-x-80-x-90-cm-mattvit\/"},"modified":"2026-02-27T08:24:00","modified_gmt":"2026-02-27T08:24:00","slug":"songmics-lasbar-arkivskap-med-2-dorrar-40-x-80-x-90-cm-mattvit","status":"publish","type":"product","link":"https:\/\/nordicmart.andreevmaster.com\/sv\/produkt\/songmics-lasbar-arkivskap-med-2-dorrar-40-x-80-x-90-cm-mattvit\/","title":{"rendered":"SONGMICS l\u00e5sbar arkivsk\u00e5p med 2 d\u00f6rrar 40 x 80 x 90 cm mattvit"},"content":{"rendered":"<p>SONGMICS arkivsk\u00e5p, multifunktionssk\u00e5p, kontorssk\u00e5p med 2 d\u00f6rrar, l\u00e5sbart sk\u00e5p, f\u00f6rvaringssk\u00e5p i st\u00e5l, f\u00f6r arbetsrum, vardagsrum, svart OMC013B01<br \/>\nF\u00e4rg: Mattvit<br \/>\nMaterial: St\u00e5l<br \/>\nStorlek (utan ben): 40 x 80 x 90 cm (D x B x H)<br \/>\nVikt: 22,3 kg<br \/>\nMax. statisk belastningskapacitet f\u00f6r ytan: 30 kg<br \/>\nMax. statisk belastningskapacitet f\u00f6r varje justerbar hylla: 25 kg<\/p>\n","protected":false},"excerpt":{"rendered":"<p>SONGMICS arkivsk\u00e5p, multifunktionssk\u00e5p, kontorssk\u00e5p med 2 d\u00f6rrar, l\u00e5sbart sk\u00e5p, f\u00f6rvaringssk\u00e5p i st\u00e5l, f\u00f6r arbetsrum, vardagsrum, svart OMC013B01<\/p>\n","protected":false},"featured_media":44691,"comment_status":"open","ping_status":"closed","template":"","meta":[],"product_brand":[],"product_cat":[33],"product_tag":[],"class_list":{"0":"post-17256","1":"product","2":"type-product","3":"status-publish","4":"has-post-thumbnail","6":"product_cat-okategoriserad","8":"first","9":"instock","10":"shipping-taxable","11":"purchasable","12":"product-type-simple"},"_links":{"self":[{"href":"https:\/\/nordicmart.andreevmaster.com\/sv\/wp-json\/wp\/v2\/product\/17256","targetHints":{"allow":["GET"]}}],"collection":[{"href":"https:\/\/nordicmart.andreevmaster.com\/sv\/wp-json\/wp\/v2\/product"}],"about":[{"href":"https:\/\/nordicmart.andreevmaster.com\/sv\/wp-json\/wp\/v2\/types\/product"}],"replies":[{"embeddable":true,"href":"https:\/\/nordicmart.andreevmaster.com\/sv\/wp-json\/wp\/v2\/comments?post=17256"}],"wp:featuredmedia":[{"embeddable":true,"href":"https:\/\/nordicmart.andreevmaster.com\/sv\/wp-json\/wp\/v2\/media\/44691"}],"wp:attachment":[{"href":"https:\/\/nordicmart.andreevmaster.com\/sv\/wp-json\/wp\/v2\/media?parent=17256"}],"wp:term":[{"taxonomy":"product_brand","embeddable":true,"href":"https:\/\/nordicmart.andreevmaster.com\/sv\/wp-json\/wp\/v2\/product_brand?post=17256"},{"taxonomy":"product_cat","embeddable":true,"href":"https:\/\/nordicmart.andreevmaster.com\/sv\/wp-json\/wp\/v2\/product_cat?post=17256"},{"taxonomy":"product_tag","embeddable":true,"href":"https:\/\/nordicmart.andreevmaster.com\/sv\/wp-json\/wp\/v2\/product_tag?post=17256"}],"curies":[{"name":"wp","href":"https:\/\/api.w.org\/{rel}","templated":true}]}}