{"id":17251,"date":"2026-02-27T00:34:14","date_gmt":"2026-02-27T00:34:14","guid":{"rendered":"https:\/\/nordicmart.andreevmaster.com\/product\/songmics-arkivskap-med-lasbar-dorr-2-dorrar-40-x-60-x-90-cm-mattgra\/"},"modified":"2026-02-27T08:23:59","modified_gmt":"2026-02-27T08:23:59","slug":"songmics-arkivskap-med-lasbar-dorr-2-dorrar-40-x-60-x-90-cm-mattgra","status":"publish","type":"product","link":"https:\/\/nordicmart.andreevmaster.com\/sv\/produkt\/songmics-arkivskap-med-lasbar-dorr-2-dorrar-40-x-60-x-90-cm-mattgra\/","title":{"rendered":"SONGMICS arkivsk\u00e5p med l\u00e5sbar d\u00f6rr, 2 d\u00f6rrar, 40 x 60 x 90 cm, mattgr\u00e5"},"content":{"rendered":"<p>SONGMICS arkivsk\u00e5p, multifunktionssk\u00e5p, kontorssk\u00e5p med 2 d\u00f6rrar, l\u00e5sbart sk\u00e5p, f\u00f6rvaringssk\u00e5p i st\u00e5l, f\u00f6r arbetsrum, vardagsrum, svart OMC013B01<br \/>\nF\u00e4rg: Mattgr\u00e5<br \/>\nMaterial: St\u00e5l<br \/>\nStorlek (utan ben): 40 x 60 x 90 cm (D x B x H)<br \/>\nVikt: 17,6 kg<br \/>\nMax. statisk belastningskapacitet f\u00f6r ytan: 30 kg<br \/>\nMax. statisk belastningskapacitet f\u00f6r varje justerbar hylla: 25 kg<\/p>\n","protected":false},"excerpt":{"rendered":"<p>SONGMICS arkivsk\u00e5p, multifunktionssk\u00e5p, kontorssk\u00e5p med 2 d\u00f6rrar, l\u00e5sbart sk\u00e5p, f\u00f6rvaringssk\u00e5p i st\u00e5l, f\u00f6r arbetsrum, vardagsrum, svart OMC013B01<\/p>\n","protected":false},"featured_media":44686,"comment_status":"open","ping_status":"closed","template":"","meta":[],"product_brand":[],"product_cat":[33],"product_tag":[],"class_list":{"0":"post-17251","1":"product","2":"type-product","3":"status-publish","4":"has-post-thumbnail","6":"product_cat-okategoriserad","8":"first","9":"instock","10":"shipping-taxable","11":"purchasable","12":"product-type-simple"},"_links":{"self":[{"href":"https:\/\/nordicmart.andreevmaster.com\/sv\/wp-json\/wp\/v2\/product\/17251","targetHints":{"allow":["GET"]}}],"collection":[{"href":"https:\/\/nordicmart.andreevmaster.com\/sv\/wp-json\/wp\/v2\/product"}],"about":[{"href":"https:\/\/nordicmart.andreevmaster.com\/sv\/wp-json\/wp\/v2\/types\/product"}],"replies":[{"embeddable":true,"href":"https:\/\/nordicmart.andreevmaster.com\/sv\/wp-json\/wp\/v2\/comments?post=17251"}],"wp:featuredmedia":[{"embeddable":true,"href":"https:\/\/nordicmart.andreevmaster.com\/sv\/wp-json\/wp\/v2\/media\/44686"}],"wp:attachment":[{"href":"https:\/\/nordicmart.andreevmaster.com\/sv\/wp-json\/wp\/v2\/media?parent=17251"}],"wp:term":[{"taxonomy":"product_brand","embeddable":true,"href":"https:\/\/nordicmart.andreevmaster.com\/sv\/wp-json\/wp\/v2\/product_brand?post=17251"},{"taxonomy":"product_cat","embeddable":true,"href":"https:\/\/nordicmart.andreevmaster.com\/sv\/wp-json\/wp\/v2\/product_cat?post=17251"},{"taxonomy":"product_tag","embeddable":true,"href":"https:\/\/nordicmart.andreevmaster.com\/sv\/wp-json\/wp\/v2\/product_tag?post=17251"}],"curies":[{"name":"wp","href":"https:\/\/api.w.org\/{rel}","templated":true}]}}