{"id":17246,"date":"2026-02-27T00:34:13","date_gmt":"2026-02-27T00:34:13","guid":{"rendered":"https:\/\/nordicmart.andreevmaster.com\/product\/songmics-diy-bordshylla-i-bambu\/"},"modified":"2026-02-27T08:23:58","modified_gmt":"2026-02-27T08:23:58","slug":"songmics-diy-bordshylla-i-bambu","status":"publish","type":"product","link":"https:\/\/nordicmart.andreevmaster.com\/sv\/produkt\/songmics-diy-bordshylla-i-bambu\/","title":{"rendered":"SONGMICS DIY-bordshylla i bambu"},"content":{"rendered":"<p>Denna lilla, m\u00e5ngsidiga bordshylla fr\u00e5n SONGMICS har en praktisk, kompakt och utrymmesbesparande design som hj\u00e4lper dig att skapa ordning utan att ta f\u00f6r mycket plats. Du kan anv\u00e4nda den p\u00e5 olika s\u00e4tt och i olika rum: i vardagsrummet, studion eller kontoret. Tack vare bordshyllans anpassningsbarhet och utbyggbarhet \u00e4r den ett perfekt komplement till ditt skrivbord f\u00f6r att ordna b\u00f6cker, pennst\u00e4ll, sm\u00e5 vaser med v\u00e4xter, foton eller andra arbets- och studiematerial.I badrummet Tack vare det vattenavvisande bambumaterialet kan denna f\u00f6rvaringsl\u00f6sning ocks\u00e5 placeras bredvid handfatet eller badkaret f\u00f6r f\u00f6rvaring av tv\u00e5lar, parfymflaskor och kr\u00e4mer.I k\u00f6ket: Anv\u00e4nd hyllan \u00e4ven i ditt k\u00f6k f\u00f6r att skapa plats f\u00f6r kryddor, salt- och pepparkar, kaffekoppar, diskmedel, svampar eller torkdukar. Nu \u00e4r det upp till dig: Vad vill du g\u00f6ra med denna bambu-bordshylla? Produktdetaljer:- F\u00e4rg: natur &#8211; Material: bambu &#8211; Produktstorlek: 64,7 x 15 x 40 cm (B x D x H) &#8211; Vikt: 2,7 kg Leveransomfattning: &#8211; 1 x bordshyllor &#8211; 1 x tillbeh\u00f6rsp\u00e5se &#8211; 1 x bruksanvisning (DE, EN, FR, ES, IT)<\/p>\n","protected":false},"excerpt":{"rendered":"<p>SONGMICS 3 justerbara f\u00f6rvaringssystem Bordorganiserare, platsbesparande DIY-bordshylla, liten bokhylla, kontor, k\u00f6k, badrum, naturbambu OFS45NL<\/p>\n","protected":false},"featured_media":44681,"comment_status":"open","ping_status":"closed","template":"","meta":[],"product_brand":[],"product_cat":[33],"product_tag":[],"class_list":{"0":"post-17246","1":"product","2":"type-product","3":"status-publish","4":"has-post-thumbnail","6":"product_cat-okategoriserad","8":"first","9":"instock","10":"shipping-taxable","11":"purchasable","12":"product-type-simple"},"_links":{"self":[{"href":"https:\/\/nordicmart.andreevmaster.com\/sv\/wp-json\/wp\/v2\/product\/17246","targetHints":{"allow":["GET"]}}],"collection":[{"href":"https:\/\/nordicmart.andreevmaster.com\/sv\/wp-json\/wp\/v2\/product"}],"about":[{"href":"https:\/\/nordicmart.andreevmaster.com\/sv\/wp-json\/wp\/v2\/types\/product"}],"replies":[{"embeddable":true,"href":"https:\/\/nordicmart.andreevmaster.com\/sv\/wp-json\/wp\/v2\/comments?post=17246"}],"wp:featuredmedia":[{"embeddable":true,"href":"https:\/\/nordicmart.andreevmaster.com\/sv\/wp-json\/wp\/v2\/media\/44681"}],"wp:attachment":[{"href":"https:\/\/nordicmart.andreevmaster.com\/sv\/wp-json\/wp\/v2\/media?parent=17246"}],"wp:term":[{"taxonomy":"product_brand","embeddable":true,"href":"https:\/\/nordicmart.andreevmaster.com\/sv\/wp-json\/wp\/v2\/product_brand?post=17246"},{"taxonomy":"product_cat","embeddable":true,"href":"https:\/\/nordicmart.andreevmaster.com\/sv\/wp-json\/wp\/v2\/product_cat?post=17246"},{"taxonomy":"product_tag","embeddable":true,"href":"https:\/\/nordicmart.andreevmaster.com\/sv\/wp-json\/wp\/v2\/product_tag?post=17246"}],"curies":[{"name":"wp","href":"https:\/\/api.w.org\/{rel}","templated":true}]}}