{"id":17245,"date":"2026-02-27T00:34:12","date_gmt":"2026-02-27T00:34:12","guid":{"rendered":"https:\/\/nordicmart.andreevmaster.com\/product\/songmics-skrivbordshylla-i-bambu\/"},"modified":"2026-02-27T08:23:58","modified_gmt":"2026-02-27T08:23:58","slug":"songmics-skrivbordshylla-i-bambu","status":"publish","type":"product","link":"https:\/\/nordicmart.andreevmaster.com\/sv\/produkt\/songmics-skrivbordshylla-i-bambu\/","title":{"rendered":"SONGMICS skrivbordshylla i bambu"},"content":{"rendered":"<p>Detta SONGMICS f\u00f6rvaringssystem i bambu \u00e4r en fantastisk l\u00f6sning f\u00f6r att f\u00f6rvara dokument p\u00e5 ditt skrivbord p\u00e5 ett ordnat och systematiskt s\u00e4tt! Produkten \u00e4r tillverkad av naturlig, h\u00e5llbar bambu som \u00e4r robust och vattenavvisande, vilket inneb\u00e4r att du enkelt kan torka bort smuts med en fuktig trasa. Dessutom har dokumentf\u00f6rvaringen 5 individuellt justerbara fack f\u00f6r olika m\u00e4ngder papper. Den kombinerar dessutom egenskaperna hos ett arkivsk\u00e5p, en broschyrh\u00e5llare och en tidningsh\u00e5llare i ett enda f\u00f6rvaringssystem, vilket ger dig o\u00e4ndliga f\u00f6rvaringsm\u00f6jligheter. Rundade h\u00f6rn och f\u00f6rdjupningar skyddar dig och dina viktiga papper. Skaffa denna praktiska och robusta dokumentorganiserare och f\u00f6rvara ditt kontorsmaterial ordentligt och systematiskt. Produktdetaljer:- F\u00e4rg: naturbambu &#8211; Material: bambu, MDF (hyllplan) &#8211; Storlek: 32,5 x 24,5 x 25 cm (B x D x H) &#8211; Vikt: 2,3 kg Leveransomfattning: &#8211; 1 x bambuorganiserare &#8211; 1 x insexnyckel &#8211; 1 x bruksanvisning (DE, EN, FR, ES, IT)<\/p>\n","protected":false},"excerpt":{"rendered":"<p>SONGMICS bambuf\u00f6rvaringssystem, papperssorterare med 5 justerbara fack och \u00f6vre f\u00f6rvaringsyta, naturbambu OFS44Y<\/p>\n","protected":false},"featured_media":44680,"comment_status":"open","ping_status":"closed","template":"","meta":[],"product_brand":[],"product_cat":[33],"product_tag":[],"class_list":{"0":"post-17245","1":"product","2":"type-product","3":"status-publish","4":"has-post-thumbnail","6":"product_cat-okategoriserad","8":"first","9":"instock","10":"shipping-taxable","11":"purchasable","12":"product-type-simple"},"_links":{"self":[{"href":"https:\/\/nordicmart.andreevmaster.com\/sv\/wp-json\/wp\/v2\/product\/17245","targetHints":{"allow":["GET"]}}],"collection":[{"href":"https:\/\/nordicmart.andreevmaster.com\/sv\/wp-json\/wp\/v2\/product"}],"about":[{"href":"https:\/\/nordicmart.andreevmaster.com\/sv\/wp-json\/wp\/v2\/types\/product"}],"replies":[{"embeddable":true,"href":"https:\/\/nordicmart.andreevmaster.com\/sv\/wp-json\/wp\/v2\/comments?post=17245"}],"wp:featuredmedia":[{"embeddable":true,"href":"https:\/\/nordicmart.andreevmaster.com\/sv\/wp-json\/wp\/v2\/media\/44680"}],"wp:attachment":[{"href":"https:\/\/nordicmart.andreevmaster.com\/sv\/wp-json\/wp\/v2\/media?parent=17245"}],"wp:term":[{"taxonomy":"product_brand","embeddable":true,"href":"https:\/\/nordicmart.andreevmaster.com\/sv\/wp-json\/wp\/v2\/product_brand?post=17245"},{"taxonomy":"product_cat","embeddable":true,"href":"https:\/\/nordicmart.andreevmaster.com\/sv\/wp-json\/wp\/v2\/product_cat?post=17245"},{"taxonomy":"product_tag","embeddable":true,"href":"https:\/\/nordicmart.andreevmaster.com\/sv\/wp-json\/wp\/v2\/product_tag?post=17245"}],"curies":[{"name":"wp","href":"https:\/\/api.w.org\/{rel}","templated":true}]}}