{"id":17243,"date":"2026-02-27T00:34:12","date_gmt":"2026-02-27T00:34:12","guid":{"rendered":"https:\/\/nordicmart.andreevmaster.com\/product\/songmics-kryddhylla-med-3-nivaer-for-bankskiva-ebenholts-svart\/"},"modified":"2026-02-27T08:23:57","modified_gmt":"2026-02-27T08:23:57","slug":"songmics-kryddhylla-med-3-nivaer-for-bankskiva-ebenholts-svart","status":"publish","type":"product","link":"https:\/\/nordicmart.andreevmaster.com\/sv\/produkt\/songmics-kryddhylla-med-3-nivaer-for-bankskiva-ebenholts-svart\/","title":{"rendered":"SONGMICS kryddhylla med 3 niv\u00e5er f\u00f6r b\u00e4nkskiva, ebenholts svart"},"content":{"rendered":"<p>SONGMICS kryddhylla med 3 niv\u00e5er, k\u00f6kshylla, f\u00f6rvaringshylla, f\u00f6r b\u00e4nkskiva, bambust\u00e4ll, f\u00f6r k\u00f6k, matsal, kontor, vintagebrun-svart OFS047B01<br \/>\nF\u00e4rg: ebenholts svart<br \/>\nMaterial: MDF (medeldensitetsfiberplatta), bambu<br \/>\nStorlek: 18 x 41 x 53 cm (D x B x H)<br \/>\nVikt: 2,6 kg<\/p>\n","protected":false},"excerpt":{"rendered":"<p>SONGMICS kryddhylla med 3 niv\u00e5er, k\u00f6kshylla, f\u00f6rvaringshylla, f\u00f6r b\u00e4nkskiva, bambust\u00e4ll, f\u00f6r k\u00f6k, matsal, kontor, vintagebrun-svart OFS047B01<\/p>\n","protected":false},"featured_media":44678,"comment_status":"open","ping_status":"closed","template":"","meta":[],"product_brand":[],"product_cat":[33],"product_tag":[],"class_list":{"0":"post-17243","1":"product","2":"type-product","3":"status-publish","4":"has-post-thumbnail","6":"product_cat-okategoriserad","8":"first","9":"instock","10":"shipping-taxable","11":"purchasable","12":"product-type-simple"},"_links":{"self":[{"href":"https:\/\/nordicmart.andreevmaster.com\/sv\/wp-json\/wp\/v2\/product\/17243","targetHints":{"allow":["GET"]}}],"collection":[{"href":"https:\/\/nordicmart.andreevmaster.com\/sv\/wp-json\/wp\/v2\/product"}],"about":[{"href":"https:\/\/nordicmart.andreevmaster.com\/sv\/wp-json\/wp\/v2\/types\/product"}],"replies":[{"embeddable":true,"href":"https:\/\/nordicmart.andreevmaster.com\/sv\/wp-json\/wp\/v2\/comments?post=17243"}],"wp:featuredmedia":[{"embeddable":true,"href":"https:\/\/nordicmart.andreevmaster.com\/sv\/wp-json\/wp\/v2\/media\/44678"}],"wp:attachment":[{"href":"https:\/\/nordicmart.andreevmaster.com\/sv\/wp-json\/wp\/v2\/media?parent=17243"}],"wp:term":[{"taxonomy":"product_brand","embeddable":true,"href":"https:\/\/nordicmart.andreevmaster.com\/sv\/wp-json\/wp\/v2\/product_brand?post=17243"},{"taxonomy":"product_cat","embeddable":true,"href":"https:\/\/nordicmart.andreevmaster.com\/sv\/wp-json\/wp\/v2\/product_cat?post=17243"},{"taxonomy":"product_tag","embeddable":true,"href":"https:\/\/nordicmart.andreevmaster.com\/sv\/wp-json\/wp\/v2\/product_tag?post=17243"}],"curies":[{"name":"wp","href":"https:\/\/api.w.org\/{rel}","templated":true}]}}