{"id":17241,"date":"2026-02-27T00:34:11","date_gmt":"2026-02-27T00:34:11","guid":{"rendered":"https:\/\/nordicmart.andreevmaster.com\/product\/songmics-kryddhylla-med-2-nivaer\/"},"modified":"2026-02-27T08:23:57","modified_gmt":"2026-02-27T08:23:57","slug":"songmics-kryddhylla-med-2-nivaer","status":"publish","type":"product","link":"https:\/\/nordicmart.andreevmaster.com\/sv\/produkt\/songmics-kryddhylla-med-2-nivaer\/","title":{"rendered":"SONGMICS kryddhylla med 2 niv\u00e5er"},"content":{"rendered":"<p>I k\u00f6ket Tack vare sina kompakta m\u00e5tt (42 x 18 x 43 cm) passar denna hylla perfekt p\u00e5 din k\u00f6ksb\u00e4nk f\u00f6r att f\u00f6rvara kryddor och k\u00f6ksredskap p\u00e5 ett snyggt s\u00e4tt. Mer ordning i k\u00f6ket, mer gl\u00e4dje i matlagningen! P\u00e5 kontoret St\u00e4ll denna hylla p\u00e5 ditt kontorsbord f\u00f6r att f\u00f6rvara pennor, h\u00e4ftapparater, anteckningar och annat kontorsmaterial och skapa ordning p\u00e5 bordet. F\u00f6r att kunna arbeta produktivt \u00e4r en ordnad arbetsplats A och O! I sovrummet \u00c4r du en nagellacks\u00e4lskare? Har du m\u00e5nga nagellack och vill samla p\u00e5 dig \u00e4nnu fler? Vilken tur f\u00f6r dig! Denna hylla ger dig f\u00f6rvaringsutrymme och samtidigt en stilfull scen f\u00f6r dina f\u00e4rgglada nagellack. Produktdetaljer: F\u00e4rg: Vintagebrun-svart Material: MDF (medeldensitetsfiberplatta) (hyllor), bambu (stativ) Storlek: 42 x 18 x 43 cm (L x B x H) Vikt: 2,4 kg Leveransomfattning: 1 x kryddhylla 1 x tillbeh\u00f6rspaket 1 x bruksanvisning (DE, EN, FR, ES, IT)<\/p>\n","protected":false},"excerpt":{"rendered":"<p>SONGMICS kryddhylla med 2 niv\u00e5er, k\u00f6kshylla, f\u00f6r b\u00e4nkskiva, f\u00f6rvaring f\u00f6r kryddor, bambust\u00e4ll, f\u00f6r k\u00f6k, matsal, kontor, vintagebrun-svart OFS046B01<\/p>\n","protected":false},"featured_media":44676,"comment_status":"open","ping_status":"closed","template":"","meta":[],"product_brand":[],"product_cat":[33],"product_tag":[],"class_list":{"0":"post-17241","1":"product","2":"type-product","3":"status-publish","4":"has-post-thumbnail","6":"product_cat-okategoriserad","8":"first","9":"instock","10":"shipping-taxable","11":"purchasable","12":"product-type-simple"},"_links":{"self":[{"href":"https:\/\/nordicmart.andreevmaster.com\/sv\/wp-json\/wp\/v2\/product\/17241","targetHints":{"allow":["GET"]}}],"collection":[{"href":"https:\/\/nordicmart.andreevmaster.com\/sv\/wp-json\/wp\/v2\/product"}],"about":[{"href":"https:\/\/nordicmart.andreevmaster.com\/sv\/wp-json\/wp\/v2\/types\/product"}],"replies":[{"embeddable":true,"href":"https:\/\/nordicmart.andreevmaster.com\/sv\/wp-json\/wp\/v2\/comments?post=17241"}],"wp:featuredmedia":[{"embeddable":true,"href":"https:\/\/nordicmart.andreevmaster.com\/sv\/wp-json\/wp\/v2\/media\/44676"}],"wp:attachment":[{"href":"https:\/\/nordicmart.andreevmaster.com\/sv\/wp-json\/wp\/v2\/media?parent=17241"}],"wp:term":[{"taxonomy":"product_brand","embeddable":true,"href":"https:\/\/nordicmart.andreevmaster.com\/sv\/wp-json\/wp\/v2\/product_brand?post=17241"},{"taxonomy":"product_cat","embeddable":true,"href":"https:\/\/nordicmart.andreevmaster.com\/sv\/wp-json\/wp\/v2\/product_cat?post=17241"},{"taxonomy":"product_tag","embeddable":true,"href":"https:\/\/nordicmart.andreevmaster.com\/sv\/wp-json\/wp\/v2\/product_tag?post=17241"}],"curies":[{"name":"wp","href":"https:\/\/api.w.org\/{rel}","templated":true}]}}