{"id":17240,"date":"2026-02-27T00:34:11","date_gmt":"2026-02-27T00:34:11","guid":{"rendered":"https:\/\/nordicmart.andreevmaster.com\/product\/songmics-justerbar-bordshallare\/"},"modified":"2026-02-27T08:23:57","modified_gmt":"2026-02-27T08:23:57","slug":"songmics-justerbar-bordshallare","status":"publish","type":"product","link":"https:\/\/nordicmart.andreevmaster.com\/sv\/produkt\/songmics-justerbar-bordshallare\/","title":{"rendered":"SONGMICS justerbar bordsh\u00e5llare"},"content":{"rendered":"<p>Kompakt, utrymmesbesparande och mycket praktisk! Denna bordorganiserare fr\u00e5n SONGMICS hj\u00e4lper dig att skapa ordning och tar liten plats. De tv\u00e5 sm\u00e5 hyllorna i denna organiserare kan kombineras i olika former. Var vill du placera denna bordorganiserare? I vardagsrummet, arbetsrummet eller kontoret. Denna flexibla bordshylla \u00e4r ett perfekt komplement till ditt skrivbord f\u00f6r att f\u00f6rvara b\u00f6cker, kontorsartiklar, sm\u00e5 vaser med v\u00e4xter, fotoramar etc. p\u00e5 ett snyggt s\u00e4tt.I k\u00f6ket Anv\u00e4nd denna hylla i ditt k\u00f6k f\u00f6r att skapa plats f\u00f6r kryddburkar, kaffekoppar, diskmedel, svampar eller torkdukar. Nu \u00e4r det upp till dig: Vad vill du g\u00f6ra med denna bordshylla? Produktdetaljer:- F\u00e4rg: Vintagebrun &#8211; Material: MDF (medeldensitetsfiberplatta) &#8211; Storlek: 37,5 x 17,5 x 38,5 cm (L x B x H) &#8211; Vikt: 3,5 kg Leveransomfattning: &#8211; 1 x bordshyllor &#8211; 1 x tillbeh\u00f6rspaket &#8211; 1 x bruksanvisning (DE, EN, FR, ES, IT)<\/p>\n","protected":false},"excerpt":{"rendered":"<p>SONGMICS bordorganiserare, skrivbordsorganiserare, hylla p\u00e5 skrivbordet, platsbesparande, justerbar, liten bokhylla, f\u00f6r kontor, arbetsrum, k\u00f6k, vintagebrun OFS045B01<\/p>\n","protected":false},"featured_media":44675,"comment_status":"open","ping_status":"closed","template":"","meta":[],"product_brand":[],"product_cat":[33],"product_tag":[],"class_list":{"0":"post-17240","1":"product","2":"type-product","3":"status-publish","4":"has-post-thumbnail","6":"product_cat-okategoriserad","8":"first","9":"instock","10":"shipping-taxable","11":"purchasable","12":"product-type-simple"},"_links":{"self":[{"href":"https:\/\/nordicmart.andreevmaster.com\/sv\/wp-json\/wp\/v2\/product\/17240","targetHints":{"allow":["GET"]}}],"collection":[{"href":"https:\/\/nordicmart.andreevmaster.com\/sv\/wp-json\/wp\/v2\/product"}],"about":[{"href":"https:\/\/nordicmart.andreevmaster.com\/sv\/wp-json\/wp\/v2\/types\/product"}],"replies":[{"embeddable":true,"href":"https:\/\/nordicmart.andreevmaster.com\/sv\/wp-json\/wp\/v2\/comments?post=17240"}],"wp:featuredmedia":[{"embeddable":true,"href":"https:\/\/nordicmart.andreevmaster.com\/sv\/wp-json\/wp\/v2\/media\/44675"}],"wp:attachment":[{"href":"https:\/\/nordicmart.andreevmaster.com\/sv\/wp-json\/wp\/v2\/media?parent=17240"}],"wp:term":[{"taxonomy":"product_brand","embeddable":true,"href":"https:\/\/nordicmart.andreevmaster.com\/sv\/wp-json\/wp\/v2\/product_brand?post=17240"},{"taxonomy":"product_cat","embeddable":true,"href":"https:\/\/nordicmart.andreevmaster.com\/sv\/wp-json\/wp\/v2\/product_cat?post=17240"},{"taxonomy":"product_tag","embeddable":true,"href":"https:\/\/nordicmart.andreevmaster.com\/sv\/wp-json\/wp\/v2\/product_tag?post=17240"}],"curies":[{"name":"wp","href":"https:\/\/api.w.org\/{rel}","templated":true}]}}