{"id":17237,"date":"2026-02-27T00:34:11","date_gmt":"2026-02-27T00:34:11","guid":{"rendered":"https:\/\/nordicmart.andreevmaster.com\/product\/vasagle-arkivskap-med-2-lador-skrivarstativ-for-a4\/"},"modified":"2026-02-27T08:23:56","modified_gmt":"2026-02-27T08:23:56","slug":"vasagle-arkivskap-med-2-lador-skrivarstativ-for-a4","status":"publish","type":"product","link":"https:\/\/nordicmart.andreevmaster.com\/sv\/produkt\/vasagle-arkivskap-med-2-lador-skrivarstativ-for-a4\/","title":{"rendered":"VASAGLE arkivsk\u00e5p med 2 l\u00e5dor, skrivarstativ, f\u00f6r A4-"},"content":{"rendered":"<p>VASAGLE arkivsk\u00e5p med 3 l\u00e5dor, skrivarstativ, f\u00f6r A4-, Letter-format, h\u00e4ngmappar, f\u00f6rvaringsbox, hemmakontor<br \/>\nSpecifikationer:<br \/>\n&#8211; M\u00e5tt: 37,5 x 38,5 x 68,7 cm (D x B x H)<br \/>\n&#8211; Vikt: 7 kg<br \/>\n&#8211; Max. statisk b\u00e4rf\u00f6rm\u00e5ga per l\u00e5da: 10 kg<br \/>\n&#8211; Max. statisk b\u00e4rf\u00f6rm\u00e5ga totalt: 50 kg<br \/>\n&#8211; Material: sp\u00e5nskiva, st\u00e5l, non-woven tyg<br \/>\n&#8211; F\u00e4rg: Vintagebrun-bl\u00e4ck svart<\/p>\n","protected":false},"excerpt":{"rendered":"<p>VASAGLE arkivsk\u00e5p med 3 l\u00e5dor, skrivarstativ, f\u00f6r A4-, Letter-format, h\u00e4ngmappar, f\u00f6rvaringsbox, hemmakontor<\/p>\n","protected":false},"featured_media":44672,"comment_status":"open","ping_status":"closed","template":"","meta":[],"product_brand":[],"product_cat":[33],"product_tag":[],"class_list":{"0":"post-17237","1":"product","2":"type-product","3":"status-publish","4":"has-post-thumbnail","6":"product_cat-okategoriserad","8":"first","9":"instock","10":"shipping-taxable","11":"purchasable","12":"product-type-simple"},"_links":{"self":[{"href":"https:\/\/nordicmart.andreevmaster.com\/sv\/wp-json\/wp\/v2\/product\/17237","targetHints":{"allow":["GET"]}}],"collection":[{"href":"https:\/\/nordicmart.andreevmaster.com\/sv\/wp-json\/wp\/v2\/product"}],"about":[{"href":"https:\/\/nordicmart.andreevmaster.com\/sv\/wp-json\/wp\/v2\/types\/product"}],"replies":[{"embeddable":true,"href":"https:\/\/nordicmart.andreevmaster.com\/sv\/wp-json\/wp\/v2\/comments?post=17237"}],"wp:featuredmedia":[{"embeddable":true,"href":"https:\/\/nordicmart.andreevmaster.com\/sv\/wp-json\/wp\/v2\/media\/44672"}],"wp:attachment":[{"href":"https:\/\/nordicmart.andreevmaster.com\/sv\/wp-json\/wp\/v2\/media?parent=17237"}],"wp:term":[{"taxonomy":"product_brand","embeddable":true,"href":"https:\/\/nordicmart.andreevmaster.com\/sv\/wp-json\/wp\/v2\/product_brand?post=17237"},{"taxonomy":"product_cat","embeddable":true,"href":"https:\/\/nordicmart.andreevmaster.com\/sv\/wp-json\/wp\/v2\/product_cat?post=17237"},{"taxonomy":"product_tag","embeddable":true,"href":"https:\/\/nordicmart.andreevmaster.com\/sv\/wp-json\/wp\/v2\/product_tag?post=17237"}],"curies":[{"name":"wp","href":"https:\/\/api.w.org\/{rel}","templated":true}]}}