{"id":17235,"date":"2026-02-27T00:34:10","date_gmt":"2026-02-27T00:34:10","guid":{"rendered":"https:\/\/nordicmart.andreevmaster.com\/product\/songmics-lasbar-arkivskap-vit-bla\/"},"modified":"2026-02-27T08:23:56","modified_gmt":"2026-02-27T08:23:56","slug":"songmics-lasbar-arkivskap-vit-bla","status":"publish","type":"product","link":"https:\/\/nordicmart.andreevmaster.com\/sv\/produkt\/songmics-lasbar-arkivskap-vit-bla\/","title":{"rendered":"SONGMICS L\u00e5sbar arkivsk\u00e5p Vit-Bl\u00e5"},"content":{"rendered":"<p>Oavsett om du arbetar hemma eller p\u00e5 kontoret har en ordnad arbetsplats stor inverkan p\u00e5 din koncentration och produktivitet. Med detta arkivsk\u00e5p med 3 l\u00e5dor fr\u00e5n SONGMICS skapar du ordning p\u00e5 din arbetsplats och optimerar samtidigt din arbetseffektivitet. Robust och praktiskt: Dokument, kontorsmaterial, personliga f\u00f6rem\u00e5l, allt du beh\u00f6ver p\u00e5 jobbet f\u00e5r sin egen plats i denna rullcontainer. Var och en av de 3 stora l\u00e5dorna t\u00e5l en belastning p\u00e5 upp till 15 kg och de helt utdragbara l\u00e5dorna g\u00f6r det bekv\u00e4mare att \u00f6ppna och st\u00e4nga dem. St\u00e5lkonstruktionen \u00e4r dessutom s\u00e5 stabil att du kan anv\u00e4nda detta arkivsk\u00e5p i m\u00e5nga \u00e5r. Viktiga detaljer: Oroa dig inte om du l\u00e4mnar detta sk\u00e5p utan uppsikt! Det h\u00f6gkvalitativa l\u00e5set skyddar dina dokument fr\u00e5n nyfikna blickar och barns h\u00e4nder. Flytta enkelt denna rullcontainer till \u00f6nskad plats, till exempel om du gillar att arbeta i vardagsrummet. En trogen f\u00f6ljeslagare som alltid st\u00e5r till ditt f\u00f6rfogande! Letar du efter en praktisk, rymlig byr\u00e5 f\u00f6r att f\u00f6renkla ditt arbetsliv? D\u00e5 \u00e4r din s\u00f6kning \u00f6ver, f\u00f6r du har redan hittat den! Produktdetaljer:F\u00e4rg: Vit-bl\u00e5 Material: St\u00e5l Storlek: 39 x 46 x 53 cm (L x B x H) Vikt: 15,8 kg Max. statisk belastningskapacitet per l\u00e5da: 15 kg Leveransomfattning: 1 x rullcontainer med 3 l\u00e5dor 1 x beh\u00e5llare med tillbeh\u00f6r 1 x bruksanvisning (DE, EN, IT, FR, ES)<\/p>\n","protected":false},"excerpt":{"rendered":"<p>SONGMICS rullcontainer, mobil arkivsk\u00e5p, l\u00e5sbar, med 3 l\u00e5dor, f\u00f6rvaring av dokument, kontorsutrustning, kontor, hemmakontor, f\u00f6rmonterad, 39 x 46 x 53 cm (L x B x H), vit-bl\u00e5 OFC73WB<\/p>\n","protected":false},"featured_media":44670,"comment_status":"open","ping_status":"closed","template":"","meta":[],"product_brand":[],"product_cat":[33],"product_tag":[],"class_list":{"0":"post-17235","1":"product","2":"type-product","3":"status-publish","4":"has-post-thumbnail","6":"product_cat-okategoriserad","8":"first","9":"instock","10":"shipping-taxable","11":"purchasable","12":"product-type-simple"},"_links":{"self":[{"href":"https:\/\/nordicmart.andreevmaster.com\/sv\/wp-json\/wp\/v2\/product\/17235","targetHints":{"allow":["GET"]}}],"collection":[{"href":"https:\/\/nordicmart.andreevmaster.com\/sv\/wp-json\/wp\/v2\/product"}],"about":[{"href":"https:\/\/nordicmart.andreevmaster.com\/sv\/wp-json\/wp\/v2\/types\/product"}],"replies":[{"embeddable":true,"href":"https:\/\/nordicmart.andreevmaster.com\/sv\/wp-json\/wp\/v2\/comments?post=17235"}],"wp:featuredmedia":[{"embeddable":true,"href":"https:\/\/nordicmart.andreevmaster.com\/sv\/wp-json\/wp\/v2\/media\/44670"}],"wp:attachment":[{"href":"https:\/\/nordicmart.andreevmaster.com\/sv\/wp-json\/wp\/v2\/media?parent=17235"}],"wp:term":[{"taxonomy":"product_brand","embeddable":true,"href":"https:\/\/nordicmart.andreevmaster.com\/sv\/wp-json\/wp\/v2\/product_brand?post=17235"},{"taxonomy":"product_cat","embeddable":true,"href":"https:\/\/nordicmart.andreevmaster.com\/sv\/wp-json\/wp\/v2\/product_cat?post=17235"},{"taxonomy":"product_tag","embeddable":true,"href":"https:\/\/nordicmart.andreevmaster.com\/sv\/wp-json\/wp\/v2\/product_tag?post=17235"}],"curies":[{"name":"wp","href":"https:\/\/api.w.org\/{rel}","templated":true}]}}