{"id":17234,"date":"2026-02-27T00:34:10","date_gmt":"2026-02-27T00:34:10","guid":{"rendered":"https:\/\/nordicmart.andreevmaster.com\/product\/songmics-rullcontainer-2-lador-vit-bla\/"},"modified":"2026-02-27T08:23:55","modified_gmt":"2026-02-27T08:23:55","slug":"songmics-rullcontainer-2-lador-vit-bla","status":"publish","type":"product","link":"https:\/\/nordicmart.andreevmaster.com\/sv\/produkt\/songmics-rullcontainer-2-lador-vit-bla\/","title":{"rendered":"SONGMICS rullcontainer 2 l\u00e5dor vit-bl\u00e5"},"content":{"rendered":"<p>L\u00e4mplig f\u00f6r olika h\u00e4ngmappar: Till skillnad fr\u00e5n konventionella rullcontainrar har varje l\u00e5da i v\u00e5rt arkivsk\u00e5p 2 justerbara st\u00e4nger. S\u00e5 kan du ocks\u00e5 sortera och arkivera h\u00e4ngmappar i olika format (A4-, Letter-, Legal- eller F4-format) efter behov.Robust och praktisk: Dokument, kontorsmaterial, personliga f\u00f6rem\u00e5l, helt enkelt allt du beh\u00f6ver p\u00e5 jobbet, f\u00e5r sin egen plats i denna rullcontainer. Var och en av de 2 stora l\u00e5dorna har en belastningskapacitet p\u00e5 upp till 23 kg och de helt utdragbara l\u00e5dorna g\u00f6r det enklare att \u00f6ppna och st\u00e4nga dem. St\u00e5lkonstruktionen \u00e4r dessutom s\u00e5 stabil att du kan anv\u00e4nda detta arkivsk\u00e5p i m\u00e5nga \u00e5r. Letar du efter en praktisk, rymlig byr\u00e5 f\u00f6r att f\u00f6renkla ditt arbetsliv? Din s\u00f6kning \u00e4r \u00f6ver, f\u00f6r du har redan hittat den! Produktdetaljer: F\u00e4rg: Vit-bl\u00e5 Material: St\u00e5l Storlek: 39 x 50,7 x 68,5 cm (L x B x H) Vikt: 20,2 kg Max. belastningskapacitet per l\u00e5da: 23 kg Leveransomfattning: 1 x rullcontainer med 2 l\u00e5dor 1 x tillbeh\u00f6rsp\u00e5se 1 x bruksanvisning (DE, EN, IT, FR, ES) SONGMICS Anm\u00e4rkningar:Dra inte ut l\u00e5dorna samtidigt om det finns f\u00f6rem\u00e5l i dem. Risk f\u00f6r att produkten v\u00e4lter!<\/p>\n","protected":false},"excerpt":{"rendered":"<p>SONGMICS rullcontainer, mobil arkivsk\u00e5p med 2 l\u00e5dor, l\u00e5sbar, f\u00f6r kontorsdokument, f\u00f6rmonterad, 39 x 50,7 x 68,5 cm (L x B x H), vit-bl\u00e5 OFC72WB<\/p>\n","protected":false},"featured_media":44669,"comment_status":"open","ping_status":"closed","template":"","meta":[],"product_brand":[],"product_cat":[33],"product_tag":[],"class_list":{"0":"post-17234","1":"product","2":"type-product","3":"status-publish","4":"has-post-thumbnail","6":"product_cat-okategoriserad","8":"first","9":"instock","10":"shipping-taxable","11":"purchasable","12":"product-type-simple"},"_links":{"self":[{"href":"https:\/\/nordicmart.andreevmaster.com\/sv\/wp-json\/wp\/v2\/product\/17234","targetHints":{"allow":["GET"]}}],"collection":[{"href":"https:\/\/nordicmart.andreevmaster.com\/sv\/wp-json\/wp\/v2\/product"}],"about":[{"href":"https:\/\/nordicmart.andreevmaster.com\/sv\/wp-json\/wp\/v2\/types\/product"}],"replies":[{"embeddable":true,"href":"https:\/\/nordicmart.andreevmaster.com\/sv\/wp-json\/wp\/v2\/comments?post=17234"}],"wp:featuredmedia":[{"embeddable":true,"href":"https:\/\/nordicmart.andreevmaster.com\/sv\/wp-json\/wp\/v2\/media\/44669"}],"wp:attachment":[{"href":"https:\/\/nordicmart.andreevmaster.com\/sv\/wp-json\/wp\/v2\/media?parent=17234"}],"wp:term":[{"taxonomy":"product_brand","embeddable":true,"href":"https:\/\/nordicmart.andreevmaster.com\/sv\/wp-json\/wp\/v2\/product_brand?post=17234"},{"taxonomy":"product_cat","embeddable":true,"href":"https:\/\/nordicmart.andreevmaster.com\/sv\/wp-json\/wp\/v2\/product_cat?post=17234"},{"taxonomy":"product_tag","embeddable":true,"href":"https:\/\/nordicmart.andreevmaster.com\/sv\/wp-json\/wp\/v2\/product_tag?post=17234"}],"curies":[{"name":"wp","href":"https:\/\/api.w.org\/{rel}","templated":true}]}}