{"id":17232,"date":"2026-02-27T00:34:09","date_gmt":"2026-02-27T00:34:09","guid":{"rendered":"https:\/\/nordicmart.andreevmaster.com\/product\/songmics-lasbar-rullcontainer-vit-blagra\/"},"modified":"2026-02-27T08:23:55","modified_gmt":"2026-02-27T08:23:55","slug":"songmics-lasbar-rullcontainer-vit-blagra","status":"publish","type":"product","link":"https:\/\/nordicmart.andreevmaster.com\/sv\/produkt\/songmics-lasbar-rullcontainer-vit-blagra\/","title":{"rendered":"SONGMICS L\u00e5sbar rullcontainer Vit-bl\u00e5gr\u00e5"},"content":{"rendered":"<p>Optimera ditt kontorsarbete: \u00c4r ditt skrivbord t\u00e4ckt av h\u00f6gar med dokument? F\u00f6rvara dem snyggt i denna rullcontainer fr\u00e5n SONGMICS! 3 l\u00e5dor, en h\u00e4ngmapp och ett uttagbart fack f\u00f6r kontorsmaterial g\u00f6r att alla dina kontorsartiklar kan f\u00f6rvaras \u00f6versk\u00e5dligt och snabbt hittas igen.Stabil, praktisk och flexibel: Oroa dig inte f\u00f6r stabiliteten hos denna arkivsk\u00e5p! Varje metall\u00e5da har en belastningskapacitet p\u00e5 upp till 15 kg och \u00e4r utrustad med premium-utdragsl\u00e5dor som g\u00f6r det m\u00f6jligt att dra ut och skjuta in dem smidigt. Vill du flytta sk\u00e5pet till ett annat rum? Sk\u00e5pets 5 hjul, varav 2 \u00e4r l\u00e5sbara, g\u00f6r detta enkelt. Oavsett om du arbetar p\u00e5 kontoret eller hemma kan du med detta arkivsk\u00e5p s\u00e4ga adj\u00f6 till kaoset p\u00e5 skrivbordet och \u00f6ka din produktivitet. Produktdetaljer:F\u00e4rg: Vit-bl\u00e5gr\u00e5 Material: St\u00e5l Storlek: 39,3 x 51 x 59,5 cm (L x B x H) Vikt: 19 kg Max. statisk belastningskapacitet per l\u00e5da: 15 kg Leveransomfattning: 1 x rullcontainer 1 x tillbeh\u00f6rsp\u00e5se 1 x instruktioner (DE, EN, ES, FR, IT) SONGMICS Anm\u00e4rkningar:Den maximala belastningskapaciteten per l\u00e5da \u00e4r 15 kg. Fyll inte l\u00e5dorna med tyngre f\u00f6rem\u00e5l. Barn f\u00e5r inte kl\u00e4ttra p\u00e5 eller leka med produkten f\u00f6r att undvika skador orsakade av v\u00e4lte.<\/p>\n","protected":false},"excerpt":{"rendered":"<p>SONGMICS rullcontainer, mobil arkivsk\u00e5p, kontorssk\u00e5p i st\u00e5l med 3 l\u00e5dor, f\u00f6r akter och dokument, med h\u00e4ngmappar, l\u00e5sbar, f\u00f6r kontoret, arbetsrummet, vit-bl\u00e5gr\u00e5 OFC70WB<\/p>\n","protected":false},"featured_media":0,"comment_status":"open","ping_status":"closed","template":"","meta":[],"product_brand":[],"product_cat":[33],"product_tag":[],"class_list":{"0":"post-17232","1":"product","2":"type-product","3":"status-publish","5":"product_cat-okategoriserad","7":"first","8":"instock","9":"shipping-taxable","10":"purchasable","11":"product-type-simple"},"_links":{"self":[{"href":"https:\/\/nordicmart.andreevmaster.com\/sv\/wp-json\/wp\/v2\/product\/17232","targetHints":{"allow":["GET"]}}],"collection":[{"href":"https:\/\/nordicmart.andreevmaster.com\/sv\/wp-json\/wp\/v2\/product"}],"about":[{"href":"https:\/\/nordicmart.andreevmaster.com\/sv\/wp-json\/wp\/v2\/types\/product"}],"replies":[{"embeddable":true,"href":"https:\/\/nordicmart.andreevmaster.com\/sv\/wp-json\/wp\/v2\/comments?post=17232"}],"wp:attachment":[{"href":"https:\/\/nordicmart.andreevmaster.com\/sv\/wp-json\/wp\/v2\/media?parent=17232"}],"wp:term":[{"taxonomy":"product_brand","embeddable":true,"href":"https:\/\/nordicmart.andreevmaster.com\/sv\/wp-json\/wp\/v2\/product_brand?post=17232"},{"taxonomy":"product_cat","embeddable":true,"href":"https:\/\/nordicmart.andreevmaster.com\/sv\/wp-json\/wp\/v2\/product_cat?post=17232"},{"taxonomy":"product_tag","embeddable":true,"href":"https:\/\/nordicmart.andreevmaster.com\/sv\/wp-json\/wp\/v2\/product_tag?post=17232"}],"curies":[{"name":"wp","href":"https:\/\/api.w.org\/{rel}","templated":true}]}}