{"id":17228,"date":"2026-02-27T00:34:08","date_gmt":"2026-02-27T00:34:08","guid":{"rendered":"https:\/\/nordicmart.andreevmaster.com\/product\/songmics-rullcontainer-med-3-lador-vit\/"},"modified":"2026-02-27T08:23:54","modified_gmt":"2026-02-27T08:23:54","slug":"songmics-rullcontainer-med-3-lador-vit","status":"publish","type":"product","link":"https:\/\/nordicmart.andreevmaster.com\/sv\/produkt\/songmics-rullcontainer-med-3-lador-vit\/","title":{"rendered":"SONGMICS rullcontainer med 3 l\u00e5dor, vit"},"content":{"rendered":"<p>Alla viktiga dokument s\u00e4kert p\u00e5 ett st\u00e4lle Rullcontainern erbjuder plats f\u00f6r olika dokument och kontorsmaterial. I den \u00f6versta l\u00e5dan finns ett extra fack som kan anv\u00e4ndas f\u00f6r pennor och kontorsmaterial. S\u00e5 har du allt p\u00e5 ett st\u00e4lle. Av de 4 hjulen, som kan rotera 360 grader, kan 2 l\u00e5sas fast s\u00e5 att containern st\u00e5r stadigt och s\u00e4kert p\u00e5 plats.  Justerbar h\u00e4ngmappsl\u00e5da Den nedersta l\u00e5dan kan anv\u00e4ndas som h\u00e4ngmapp i DIN A4-format. Om du har st\u00f6rre eller mindre dokument, t.ex. i Legal Size, F4 eller Letter Size, kan h\u00e4ngmappen anpassas med hj\u00e4lp av l\u00e5davdelare. Den nedersta l\u00e5dan \u00e4r f\u00f6rsedd med en rulle som g\u00f6r det l\u00e4ttare att dra ut h\u00e4ngmappen och f\u00f6rhindrar att n\u00e5got b\u00f6js om l\u00e5dan skulle st\u00e5 \u00f6ppen en l\u00e4ngre stund. S\u00e4ker l\u00e5sning och passar perfekt under skrivbordet L\u00e5set, som \u00e4r utrustat med tv\u00e5 nycklar, l\u00e5ser alla tre l\u00e5dorna samtidigt, s\u00e5 att alla dina dokument f\u00f6rvaras s\u00e4kert i sk\u00e5pet. Med en h\u00f6jd p\u00e5 60 cm passar rullsk\u00e5pet \u00e4ven under vanliga skrivbord och sparar \u00e4nnu mer plats.  SONGMICS Obs: &#8211; Var f\u00f6rsiktig n\u00e4r du monterar hjulen. Produktdetaljer: F\u00e4rg: Vit Material: St\u00e5l Storlek: 52 x 39 x 60 cm (D x B x H) Vikt: 18,7 kg Max. statisk belastningskapacitet f\u00f6r de tv\u00e5 \u00f6vre l\u00e5dorna: 15 kg vardera Max. statisk belastningskapacitet f\u00f6r den nedre l\u00e5dan: 20 kg Leveransomfattning: &#8211; 1 x rullcontainer &#8211; 1 x tillbeh\u00f6rsp\u00e5se &#8211; 1 x bruksanvisning (DE, EN, FR, IT, ES)<\/p>\n","protected":false},"excerpt":{"rendered":"<p>SONGMICS st\u00e5lrullcontainer med 3 l\u00e5dor och h\u00e4ngmapp, l\u00e5sbar kontorssk\u00e5p, sk\u00e5pstomme f\u00f6rmonterad, 39 x 60 x 52 cm, vit OFC60WT<\/p>\n","protected":false},"featured_media":44664,"comment_status":"open","ping_status":"closed","template":"","meta":[],"product_brand":[],"product_cat":[33],"product_tag":[],"class_list":{"0":"post-17228","1":"product","2":"type-product","3":"status-publish","4":"has-post-thumbnail","6":"product_cat-okategoriserad","8":"first","9":"instock","10":"shipping-taxable","11":"purchasable","12":"product-type-simple"},"_links":{"self":[{"href":"https:\/\/nordicmart.andreevmaster.com\/sv\/wp-json\/wp\/v2\/product\/17228","targetHints":{"allow":["GET"]}}],"collection":[{"href":"https:\/\/nordicmart.andreevmaster.com\/sv\/wp-json\/wp\/v2\/product"}],"about":[{"href":"https:\/\/nordicmart.andreevmaster.com\/sv\/wp-json\/wp\/v2\/types\/product"}],"replies":[{"embeddable":true,"href":"https:\/\/nordicmart.andreevmaster.com\/sv\/wp-json\/wp\/v2\/comments?post=17228"}],"wp:featuredmedia":[{"embeddable":true,"href":"https:\/\/nordicmart.andreevmaster.com\/sv\/wp-json\/wp\/v2\/media\/44664"}],"wp:attachment":[{"href":"https:\/\/nordicmart.andreevmaster.com\/sv\/wp-json\/wp\/v2\/media?parent=17228"}],"wp:term":[{"taxonomy":"product_brand","embeddable":true,"href":"https:\/\/nordicmart.andreevmaster.com\/sv\/wp-json\/wp\/v2\/product_brand?post=17228"},{"taxonomy":"product_cat","embeddable":true,"href":"https:\/\/nordicmart.andreevmaster.com\/sv\/wp-json\/wp\/v2\/product_cat?post=17228"},{"taxonomy":"product_tag","embeddable":true,"href":"https:\/\/nordicmart.andreevmaster.com\/sv\/wp-json\/wp\/v2\/product_tag?post=17228"}],"curies":[{"name":"wp","href":"https:\/\/api.w.org\/{rel}","templated":true}]}}