{"id":17227,"date":"2026-02-27T00:34:08","date_gmt":"2026-02-27T00:34:08","guid":{"rendered":"https:\/\/nordicmart.andreevmaster.com\/product\/songmics-lasbar-rullcontainer-vit-bla\/"},"modified":"2026-02-27T08:23:54","modified_gmt":"2026-02-27T08:23:54","slug":"songmics-lasbar-rullcontainer-vit-bla","status":"publish","type":"product","link":"https:\/\/nordicmart.andreevmaster.com\/sv\/produkt\/songmics-lasbar-rullcontainer-vit-bla\/","title":{"rendered":"SONGMICS L\u00e5sbar rullcontainer Vit-Bl\u00e5"},"content":{"rendered":"<p>L\u00e5sbar S\u00e5 kan du f\u00f6rvara viktiga dokument s\u00e4kert \u00e4ven i kontor som \u00e4r tillg\u00e4ngliga f\u00f6r alla. Om du arbetar hemifr\u00e5n skyddar l\u00e5set dina dokument fr\u00e5n barns h\u00e4nder. Avtagbar f\u00f6rvaringsl\u00e5da F\u00f6rvaringsl\u00e5dan har flera fack, vilket g\u00f6r det m\u00f6jligt att sortera kontorsmaterial. Anv\u00e4nda f\u00f6rvaringsl\u00e5dan och sk\u00e5pet tillsammans eller separat? Det \u00e4r upp till dig! 3 rymliga l\u00e5dor I dessa 3 l\u00e5dor kan du f\u00f6rvara en stor m\u00e4ngd dokument. P\u00e5 s\u00e5 s\u00e4tt uppfyller du alla dina krav p\u00e5 dokumentf\u00f6rvaring.Produktdetaljer: F\u00e4rg: Vit-bl\u00e5 Material: St\u00e5l Storlek: 52 x 39 x 60 cm (L x B x H) Vikt: 18,7 kg Max. statisk belastningskapacitet per l\u00e5da: 15 kg Leveransomfattning: 1 x rullcontainer 1 x beh\u00e5llare med tillbeh\u00f6r 1 x bruksanvisning (DE, EN, FR, IT, ES)<\/p>\n","protected":false},"excerpt":{"rendered":"<p>SONGMICS st\u00e5lrullcontainer med 3 l\u00e5dor och h\u00e4ngmapp, l\u00e5sbar kontorssk\u00e5p, sk\u00e5pstomme f\u00f6rmonterad, 39 x 60 x 52 cm, vit OFC60WT<\/p>\n","protected":false},"featured_media":44663,"comment_status":"open","ping_status":"closed","template":"","meta":[],"product_brand":[],"product_cat":[33],"product_tag":[],"class_list":{"0":"post-17227","1":"product","2":"type-product","3":"status-publish","4":"has-post-thumbnail","6":"product_cat-okategoriserad","8":"first","9":"instock","10":"shipping-taxable","11":"purchasable","12":"product-type-simple"},"_links":{"self":[{"href":"https:\/\/nordicmart.andreevmaster.com\/sv\/wp-json\/wp\/v2\/product\/17227","targetHints":{"allow":["GET"]}}],"collection":[{"href":"https:\/\/nordicmart.andreevmaster.com\/sv\/wp-json\/wp\/v2\/product"}],"about":[{"href":"https:\/\/nordicmart.andreevmaster.com\/sv\/wp-json\/wp\/v2\/types\/product"}],"replies":[{"embeddable":true,"href":"https:\/\/nordicmart.andreevmaster.com\/sv\/wp-json\/wp\/v2\/comments?post=17227"}],"wp:featuredmedia":[{"embeddable":true,"href":"https:\/\/nordicmart.andreevmaster.com\/sv\/wp-json\/wp\/v2\/media\/44663"}],"wp:attachment":[{"href":"https:\/\/nordicmart.andreevmaster.com\/sv\/wp-json\/wp\/v2\/media?parent=17227"}],"wp:term":[{"taxonomy":"product_brand","embeddable":true,"href":"https:\/\/nordicmart.andreevmaster.com\/sv\/wp-json\/wp\/v2\/product_brand?post=17227"},{"taxonomy":"product_cat","embeddable":true,"href":"https:\/\/nordicmart.andreevmaster.com\/sv\/wp-json\/wp\/v2\/product_cat?post=17227"},{"taxonomy":"product_tag","embeddable":true,"href":"https:\/\/nordicmart.andreevmaster.com\/sv\/wp-json\/wp\/v2\/product_tag?post=17227"}],"curies":[{"name":"wp","href":"https:\/\/api.w.org\/{rel}","templated":true}]}}