{"id":17223,"date":"2026-02-27T00:34:07","date_gmt":"2026-02-27T00:34:07","guid":{"rendered":"https:\/\/nordicmart.andreevmaster.com\/product\/songmics-lasbar-rullcontainer-svart\/"},"modified":"2026-02-27T08:23:53","modified_gmt":"2026-02-27T08:23:53","slug":"songmics-lasbar-rullcontainer-svart","status":"publish","type":"product","link":"https:\/\/nordicmart.andreevmaster.com\/sv\/produkt\/songmics-lasbar-rullcontainer-svart\/","title":{"rendered":"SONGMICS L\u00e5sbar rullcontainer Svart"},"content":{"rendered":"<p>Alla viktiga dokument s\u00e4kert p\u00e5 ett st\u00e4lle Rullcontainern erbjuder plats f\u00f6r olika dokument och kontorsmaterial. I den \u00f6vre l\u00e5dan finns ett extra fack som kan anv\u00e4ndas f\u00f6r pennor och kontorsmaterial. S\u00e5 har du allt p\u00e5 ett st\u00e4lle. Av de 4 hjulen, som kan rotera 360 grader, kan 2 l\u00e5sas fast s\u00e5 att containern st\u00e5r stadigt och s\u00e4kert p\u00e5 plats. Justerbar h\u00e4ngmappsl\u00e5da Den nedre l\u00e5dan kan anv\u00e4ndas som h\u00e4ngmapp i DIN A4-format. Om du har st\u00f6rre eller mindre dokument, t.ex. i Legal Size, F4 eller Letter Size, kan h\u00e4ngmappen anpassas med hj\u00e4lp av l\u00e5davdelare. P\u00e5 den nedre l\u00e5dan finns en rulle s\u00e5 att det \u00e4r l\u00e4ttare att dra ut h\u00e4ngmappen och s\u00e5 att ingenting kan b\u00f6jas om l\u00e5dan skulle st\u00e5 \u00f6ppen en l\u00e4ngre stund. S\u00e4ker l\u00e5sning och passar perfekt under skrivbordet L\u00e5set, som \u00e4r utrustat med tv\u00e5 nycklar, l\u00e5ser tv\u00e5 l\u00e5dor samtidigt s\u00e5 att alla dina dokument f\u00f6rvaras s\u00e4kert i sk\u00e5pet. Med en h\u00f6jd p\u00e5 54 cm passar rullcontainern \u00e4ven under vanliga skrivbord och sparar \u00e4nnu mer plats. SONGMICS Obs: Var f\u00f6rsiktig n\u00e4r du monterar hjulen. Produktdetaljer:- F\u00e4rg: svart (OFC50BK), vit (OFC50WT) &#8211; Material: st\u00e5l &#8211; M\u00e5tt: 39 x 54 x 52 cm (B x H x D) &#8211; Vikt: 15,22 kg Leveransomfattning: &#8211; 1 x rullcontainer &#8211; 1 x tillbeh\u00f6rsp\u00e5se &#8211; 1 x bruksanvisning (DE, EN, FR, IT, ES)<\/p>\n","protected":false},"excerpt":{"rendered":"<p>SONGMICS Rullcontainer i st\u00e5l med 2 l\u00e5dor och h\u00e4ngmapp, l\u00e5sbar kontorssk\u00e5p, sk\u00e5pstomme f\u00f6rmonterad, 39 x 54 x 52 cm Vit OFC50WT<\/p>\n","protected":false},"featured_media":44659,"comment_status":"open","ping_status":"closed","template":"","meta":[],"product_brand":[],"product_cat":[33],"product_tag":[],"class_list":{"0":"post-17223","1":"product","2":"type-product","3":"status-publish","4":"has-post-thumbnail","6":"product_cat-okategoriserad","8":"first","9":"instock","10":"shipping-taxable","11":"purchasable","12":"product-type-simple"},"_links":{"self":[{"href":"https:\/\/nordicmart.andreevmaster.com\/sv\/wp-json\/wp\/v2\/product\/17223","targetHints":{"allow":["GET"]}}],"collection":[{"href":"https:\/\/nordicmart.andreevmaster.com\/sv\/wp-json\/wp\/v2\/product"}],"about":[{"href":"https:\/\/nordicmart.andreevmaster.com\/sv\/wp-json\/wp\/v2\/types\/product"}],"replies":[{"embeddable":true,"href":"https:\/\/nordicmart.andreevmaster.com\/sv\/wp-json\/wp\/v2\/comments?post=17223"}],"wp:featuredmedia":[{"embeddable":true,"href":"https:\/\/nordicmart.andreevmaster.com\/sv\/wp-json\/wp\/v2\/media\/44659"}],"wp:attachment":[{"href":"https:\/\/nordicmart.andreevmaster.com\/sv\/wp-json\/wp\/v2\/media?parent=17223"}],"wp:term":[{"taxonomy":"product_brand","embeddable":true,"href":"https:\/\/nordicmart.andreevmaster.com\/sv\/wp-json\/wp\/v2\/product_brand?post=17223"},{"taxonomy":"product_cat","embeddable":true,"href":"https:\/\/nordicmart.andreevmaster.com\/sv\/wp-json\/wp\/v2\/product_cat?post=17223"},{"taxonomy":"product_tag","embeddable":true,"href":"https:\/\/nordicmart.andreevmaster.com\/sv\/wp-json\/wp\/v2\/product_tag?post=17223"}],"curies":[{"name":"wp","href":"https:\/\/api.w.org\/{rel}","templated":true}]}}