{"id":17221,"date":"2026-02-27T00:34:06","date_gmt":"2026-02-27T00:34:06","guid":{"rendered":"https:\/\/nordicmart.andreevmaster.com\/product\/songmics-arkivskap-med-2-lador-pa-hjul\/"},"modified":"2026-02-27T08:23:52","modified_gmt":"2026-02-27T08:23:52","slug":"songmics-arkivskap-med-2-lador-pa-hjul","status":"publish","type":"product","link":"https:\/\/nordicmart.andreevmaster.com\/sv\/produkt\/songmics-arkivskap-med-2-lador-pa-hjul\/","title":{"rendered":"SONGMICS arkivsk\u00e5p med 2 l\u00e5dor p\u00e5 hjul"},"content":{"rendered":"<p>L\u00e4gg till n\u00f6dv\u00e4ndigt f\u00f6rvaringsutrymme: Ligger dina dokument utspridda p\u00e5 skrivbordet? Sl\u00f6sa inte l\u00e4ngre tid p\u00e5 att leta. St\u00e4ll upp detta SONGMICS arkivsk\u00e5p! En sl\u00e4t hylla p\u00e5 toppen, ett \u00f6ppet fack, 2 l\u00e5dor, en h\u00e4ngmapp och en l\u00e5dinredning \u2013 f\u00f6rvandla ditt hemmakontor till ett verkligt f\u00f6rvarings- och presentationsunderverk med detta sk\u00e5p. Gillar du denna stil? De tr\u00e4f\u00e4rgade l\u00e5dorna och det svarta st\u00e5lstativet bildar tillsammans ett underbart arkivsk\u00e5p som b\u00e5de \u00e4r trendigt och tidl\u00f6st. Produktdetaljer: F\u00e4rg: Vintagebrun-svart Material: St\u00e5l, sp\u00e5nskiva Storlek: 40 x 45 x 58,7 cm (L x B x H) Vikt: 22,5 kg Max. statisk belastningskapacitet per l\u00e5da: 15 kg Max. statisk belastningskapacitet f\u00f6r det \u00f6ppna facket: 20 kg Max. statisk belastningskapacitet f\u00f6r ytan: 50 kg Leveransomfattning: 1 x arkivsk\u00e5p 1 x l\u00e5da f\u00f6r kontorsmaterial 1 x h\u00e4ngmapp 1 x tillbeh\u00f6rspaket 1 x instruktioner SONGMICS Anm\u00e4rkningar:Av s\u00e4kerhetssk\u00e4l \u00e4r det f\u00f6rbjudet f\u00f6r barn att kl\u00e4ttra p\u00e5 eller leka med produkten. Denna produkt har inte en extra rulle p\u00e5 den nedre l\u00e5dan som skyddar mot v\u00e4lte. Av s\u00e4kerhetssk\u00e4l, \u00f6ppna inte b\u00e5da l\u00e5dorna samtidigt.<\/p>\n","protected":false},"excerpt":{"rendered":"<p>SONGMICS st\u00e5lrullcontainer, arkivsk\u00e5p med 2 l\u00e5dor, \u00f6ppet fack, st\u00e5lstativ, f\u00f6r kontorsdokument, med h\u00e4ngmapp, industridesign, vintagebrun-svart OFC101B01<\/p>\n","protected":false},"featured_media":44657,"comment_status":"open","ping_status":"closed","template":"","meta":[],"product_brand":[],"product_cat":[33],"product_tag":[],"class_list":{"0":"post-17221","1":"product","2":"type-product","3":"status-publish","4":"has-post-thumbnail","6":"product_cat-okategoriserad","8":"first","9":"instock","10":"shipping-taxable","11":"purchasable","12":"product-type-simple"},"_links":{"self":[{"href":"https:\/\/nordicmart.andreevmaster.com\/sv\/wp-json\/wp\/v2\/product\/17221","targetHints":{"allow":["GET"]}}],"collection":[{"href":"https:\/\/nordicmart.andreevmaster.com\/sv\/wp-json\/wp\/v2\/product"}],"about":[{"href":"https:\/\/nordicmart.andreevmaster.com\/sv\/wp-json\/wp\/v2\/types\/product"}],"replies":[{"embeddable":true,"href":"https:\/\/nordicmart.andreevmaster.com\/sv\/wp-json\/wp\/v2\/comments?post=17221"}],"wp:featuredmedia":[{"embeddable":true,"href":"https:\/\/nordicmart.andreevmaster.com\/sv\/wp-json\/wp\/v2\/media\/44657"}],"wp:attachment":[{"href":"https:\/\/nordicmart.andreevmaster.com\/sv\/wp-json\/wp\/v2\/media?parent=17221"}],"wp:term":[{"taxonomy":"product_brand","embeddable":true,"href":"https:\/\/nordicmart.andreevmaster.com\/sv\/wp-json\/wp\/v2\/product_brand?post=17221"},{"taxonomy":"product_cat","embeddable":true,"href":"https:\/\/nordicmart.andreevmaster.com\/sv\/wp-json\/wp\/v2\/product_cat?post=17221"},{"taxonomy":"product_tag","embeddable":true,"href":"https:\/\/nordicmart.andreevmaster.com\/sv\/wp-json\/wp\/v2\/product_tag?post=17221"}],"curies":[{"name":"wp","href":"https:\/\/api.w.org\/{rel}","templated":true}]}}