{"id":17218,"date":"2026-02-27T00:34:05","date_gmt":"2026-02-27T00:34:05","guid":{"rendered":"https:\/\/nordicmart.andreevmaster.com\/product\/vasagle-mobil-rullcontainer-med-fem-lador\/"},"modified":"2026-02-27T08:23:52","modified_gmt":"2026-02-27T08:23:52","slug":"vasagle-mobil-rullcontainer-med-fem-lador","status":"publish","type":"product","link":"https:\/\/nordicmart.andreevmaster.com\/sv\/produkt\/vasagle-mobil-rullcontainer-med-fem-lador\/","title":{"rendered":"VASAGLE Mobil rullcontainer med fem l\u00e5dor"},"content":{"rendered":"<p>VASAGLE rullcontainer, mobil arkivsk\u00e5p, byr\u00e5, skrivarstativ med 5 l\u00e5dor, med skruvl\u00f6sa glidskenor, f\u00f6r kontor, hemmakontor, molnvit OFC081W01<br \/>\nF\u00e4rg: Molnvit<br \/>\nMaterial: sp\u00e5nskiva, MDF (medeldensitetsfiberplatta), plast<br \/>\nStorlek: 40 x 42 x 65,7 cm (D x B x H)<br \/>\nVikt: 16,65 kg<br \/>\nMax. statisk belastningskapacitet f\u00f6r varje l\u00e5da: 5 kg<br \/>\nMax. statisk totalbelastningskapacitet: 45 kg<\/p>\n","protected":false},"excerpt":{"rendered":"<p>VASAGLE rullcontainer, mobil arkivsk\u00e5p, byr\u00e5, skrivarstativ med 5 l\u00e5dor, med skruvl\u00f6sa glidskenor, f\u00f6r kontor, hemmakontor, molnvit OFC081W01<\/p>\n","protected":false},"featured_media":44654,"comment_status":"open","ping_status":"closed","template":"","meta":[],"product_brand":[],"product_cat":[33],"product_tag":[],"class_list":{"0":"post-17218","1":"product","2":"type-product","3":"status-publish","4":"has-post-thumbnail","6":"product_cat-okategoriserad","8":"first","9":"instock","10":"shipping-taxable","11":"purchasable","12":"product-type-simple"},"_links":{"self":[{"href":"https:\/\/nordicmart.andreevmaster.com\/sv\/wp-json\/wp\/v2\/product\/17218","targetHints":{"allow":["GET"]}}],"collection":[{"href":"https:\/\/nordicmart.andreevmaster.com\/sv\/wp-json\/wp\/v2\/product"}],"about":[{"href":"https:\/\/nordicmart.andreevmaster.com\/sv\/wp-json\/wp\/v2\/types\/product"}],"replies":[{"embeddable":true,"href":"https:\/\/nordicmart.andreevmaster.com\/sv\/wp-json\/wp\/v2\/comments?post=17218"}],"wp:featuredmedia":[{"embeddable":true,"href":"https:\/\/nordicmart.andreevmaster.com\/sv\/wp-json\/wp\/v2\/media\/44654"}],"wp:attachment":[{"href":"https:\/\/nordicmart.andreevmaster.com\/sv\/wp-json\/wp\/v2\/media?parent=17218"}],"wp:term":[{"taxonomy":"product_brand","embeddable":true,"href":"https:\/\/nordicmart.andreevmaster.com\/sv\/wp-json\/wp\/v2\/product_brand?post=17218"},{"taxonomy":"product_cat","embeddable":true,"href":"https:\/\/nordicmart.andreevmaster.com\/sv\/wp-json\/wp\/v2\/product_cat?post=17218"},{"taxonomy":"product_tag","embeddable":true,"href":"https:\/\/nordicmart.andreevmaster.com\/sv\/wp-json\/wp\/v2\/product_tag?post=17218"}],"curies":[{"name":"wp","href":"https:\/\/api.w.org\/{rel}","templated":true}]}}