{"id":17216,"date":"2026-02-27T00:34:05","date_gmt":"2026-02-27T00:34:05","guid":{"rendered":"https:\/\/nordicmart.andreevmaster.com\/product\/songmics-byra-med-3-lador-40-x-30-x-54-cm-matt-svart\/"},"modified":"2026-02-27T08:23:51","modified_gmt":"2026-02-27T08:23:51","slug":"songmics-byra-med-3-lador-40-x-30-x-54-cm-matt-svart","status":"publish","type":"product","link":"https:\/\/nordicmart.andreevmaster.com\/sv\/produkt\/songmics-byra-med-3-lador-40-x-30-x-54-cm-matt-svart\/","title":{"rendered":"SONGMICS byr\u00e5 med 3 l\u00e5dor 40 x 30 x 54 cm matt svart"},"content":{"rendered":"<p>SONGMICS rullcontainer, mobil arkivsk\u00e5p, l\u00e5sbar, med 3 l\u00e5dor, f\u00f6rvaring av dokument, kontorsutrustning, f\u00f6rmonterad, kontor, hemmakontor, 39 x 45 x 55 cm (L x B x H), matt svart OFC63BK<br \/>\nF\u00e4rg: Matt svart<br \/>\nMaterial: St\u00e5l, PP-plast<br \/>\nStorlek: 40 x 30 x 54 cm (D x B x H)<br \/>\nVikt: 11,6 kg<br \/>\nMax. statisk belastningskapacitet per l\u00e5da: 5 kg<\/p>\n","protected":false},"excerpt":{"rendered":"<p>SONGMICS rullcontainer, mobil arkivsk\u00e5p, l\u00e5sbar, med 3 l\u00e5dor, f\u00f6rvaring av dokument, kontorsutrustning, f\u00f6rmonterad, kontor, hemmakontor, 39 x 45 x 55 cm (L x B x H), matt svart OFC63BK<\/p>\n","protected":false},"featured_media":44652,"comment_status":"open","ping_status":"closed","template":"","meta":[],"product_brand":[],"product_cat":[33],"product_tag":[],"class_list":{"0":"post-17216","1":"product","2":"type-product","3":"status-publish","4":"has-post-thumbnail","6":"product_cat-okategoriserad","8":"first","9":"instock","10":"shipping-taxable","11":"purchasable","12":"product-type-simple"},"_links":{"self":[{"href":"https:\/\/nordicmart.andreevmaster.com\/sv\/wp-json\/wp\/v2\/product\/17216","targetHints":{"allow":["GET"]}}],"collection":[{"href":"https:\/\/nordicmart.andreevmaster.com\/sv\/wp-json\/wp\/v2\/product"}],"about":[{"href":"https:\/\/nordicmart.andreevmaster.com\/sv\/wp-json\/wp\/v2\/types\/product"}],"replies":[{"embeddable":true,"href":"https:\/\/nordicmart.andreevmaster.com\/sv\/wp-json\/wp\/v2\/comments?post=17216"}],"wp:featuredmedia":[{"embeddable":true,"href":"https:\/\/nordicmart.andreevmaster.com\/sv\/wp-json\/wp\/v2\/media\/44652"}],"wp:attachment":[{"href":"https:\/\/nordicmart.andreevmaster.com\/sv\/wp-json\/wp\/v2\/media?parent=17216"}],"wp:term":[{"taxonomy":"product_brand","embeddable":true,"href":"https:\/\/nordicmart.andreevmaster.com\/sv\/wp-json\/wp\/v2\/product_brand?post=17216"},{"taxonomy":"product_cat","embeddable":true,"href":"https:\/\/nordicmart.andreevmaster.com\/sv\/wp-json\/wp\/v2\/product_cat?post=17216"},{"taxonomy":"product_tag","embeddable":true,"href":"https:\/\/nordicmart.andreevmaster.com\/sv\/wp-json\/wp\/v2\/product_tag?post=17216"}],"curies":[{"name":"wp","href":"https:\/\/api.w.org\/{rel}","templated":true}]}}