{"id":17215,"date":"2026-02-27T00:34:04","date_gmt":"2026-02-27T00:34:04","guid":{"rendered":"https:\/\/nordicmart.andreevmaster.com\/product\/vasagle-rullcontainer-med-las\/"},"modified":"2026-02-27T08:23:51","modified_gmt":"2026-02-27T08:23:51","slug":"vasagle-rullcontainer-med-las","status":"publish","type":"product","link":"https:\/\/nordicmart.andreevmaster.com\/sv\/produkt\/vasagle-rullcontainer-med-las\/","title":{"rendered":"VASAGLE rullcontainer med l\u00e5s"},"content":{"rendered":"<p>Produktdetaljer: &#8211; F\u00e4rg: Greige-svart &#8211; Material: Sp\u00e5nskiva, st\u00e5l &#8211; Storlek: 44 x 42 x 69 cm (D x B x H) &#8211; Vikt: 17,4 kg &#8211; Max. statisk belastningskapacitet: 60 kg Leveransomfattning: &#8211; 1 x arkivsk\u00e5p &#8211; 1 x tillbeh\u00f6rspaket &#8211; 1 x bruksanvisning VASAGLE Anm\u00e4rkningar: &#8211; Av s\u00e4kerhetssk\u00e4l \u00e4r det f\u00f6rbjudet f\u00f6r barn att kl\u00e4ttra p\u00e5 eller leka med produkten. &#8211; Den maximala statiska belastningskapaciteten f\u00f6r denna produkt \u00e4r 60 kg. \u00d6verskrid inte denna maximala vikt.<\/p>\n","protected":false},"excerpt":{"rendered":"<p>VASAGLE L\u00e5dbord l\u00e5sbart, arkivsk\u00e5p, kontorssk\u00e5p med l\u00e5dor, universalhjul, dokument i DIN A4- och Letter-format, \u00f6ppet fack, st\u00e5lstativ, greige-svart OFC077B02<\/p>\n","protected":false},"featured_media":44651,"comment_status":"open","ping_status":"closed","template":"","meta":[],"product_brand":[],"product_cat":[33],"product_tag":[],"class_list":{"0":"post-17215","1":"product","2":"type-product","3":"status-publish","4":"has-post-thumbnail","6":"product_cat-okategoriserad","8":"first","9":"instock","10":"shipping-taxable","11":"purchasable","12":"product-type-simple"},"_links":{"self":[{"href":"https:\/\/nordicmart.andreevmaster.com\/sv\/wp-json\/wp\/v2\/product\/17215","targetHints":{"allow":["GET"]}}],"collection":[{"href":"https:\/\/nordicmart.andreevmaster.com\/sv\/wp-json\/wp\/v2\/product"}],"about":[{"href":"https:\/\/nordicmart.andreevmaster.com\/sv\/wp-json\/wp\/v2\/types\/product"}],"replies":[{"embeddable":true,"href":"https:\/\/nordicmart.andreevmaster.com\/sv\/wp-json\/wp\/v2\/comments?post=17215"}],"wp:featuredmedia":[{"embeddable":true,"href":"https:\/\/nordicmart.andreevmaster.com\/sv\/wp-json\/wp\/v2\/media\/44651"}],"wp:attachment":[{"href":"https:\/\/nordicmart.andreevmaster.com\/sv\/wp-json\/wp\/v2\/media?parent=17215"}],"wp:term":[{"taxonomy":"product_brand","embeddable":true,"href":"https:\/\/nordicmart.andreevmaster.com\/sv\/wp-json\/wp\/v2\/product_brand?post=17215"},{"taxonomy":"product_cat","embeddable":true,"href":"https:\/\/nordicmart.andreevmaster.com\/sv\/wp-json\/wp\/v2\/product_cat?post=17215"},{"taxonomy":"product_tag","embeddable":true,"href":"https:\/\/nordicmart.andreevmaster.com\/sv\/wp-json\/wp\/v2\/product_tag?post=17215"}],"curies":[{"name":"wp","href":"https:\/\/api.w.org\/{rel}","templated":true}]}}