{"id":17214,"date":"2026-02-27T00:34:04","date_gmt":"2026-02-27T00:34:04","guid":{"rendered":"https:\/\/nordicmart.andreevmaster.com\/product\/vasagle-kontorsskap-med-2-lasbara-lador\/"},"modified":"2026-02-27T08:23:51","modified_gmt":"2026-02-27T08:23:51","slug":"vasagle-kontorsskap-med-2-lasbara-lador","status":"publish","type":"product","link":"https:\/\/nordicmart.andreevmaster.com\/sv\/produkt\/vasagle-kontorsskap-med-2-lasbara-lador\/","title":{"rendered":"VASAGLE kontorssk\u00e5p med 2 l\u00e5sbara l\u00e5dor"},"content":{"rendered":"<p>VASAGLE L\u00e5dbord l\u00e5sbart, arkivsk\u00e5p, kontorssk\u00e5p med l\u00e5dor, universalhjul, dokument i DIN A4- och Letter-format, \u00f6ppet fack, st\u00e5lstativ, greige-svart OFC077B02<br \/>\nF\u00e4rg: Vintagebrun-svart<br \/>\nMaterial: sp\u00e5nskiva, st\u00e5l<br \/>\nStorlek: 44 x 42 x 69 cm (D x B x H)<br \/>\nVikt: 17,4 kg<br \/>\nMax. statisk belastningskapacitet: 60 kg<\/p>\n","protected":false},"excerpt":{"rendered":"<p>VASAGLE L\u00e5dbord l\u00e5sbart, arkivsk\u00e5p, kontorssk\u00e5p med l\u00e5dor, universalhjul, dokument i DIN A4- och Letter-format, \u00f6ppet fack, st\u00e5lstativ, greige-svart OFC077B02<\/p>\n","protected":false},"featured_media":44650,"comment_status":"open","ping_status":"closed","template":"","meta":[],"product_brand":[],"product_cat":[33],"product_tag":[],"class_list":{"0":"post-17214","1":"product","2":"type-product","3":"status-publish","4":"has-post-thumbnail","6":"product_cat-okategoriserad","8":"first","9":"instock","10":"shipping-taxable","11":"purchasable","12":"product-type-simple"},"_links":{"self":[{"href":"https:\/\/nordicmart.andreevmaster.com\/sv\/wp-json\/wp\/v2\/product\/17214","targetHints":{"allow":["GET"]}}],"collection":[{"href":"https:\/\/nordicmart.andreevmaster.com\/sv\/wp-json\/wp\/v2\/product"}],"about":[{"href":"https:\/\/nordicmart.andreevmaster.com\/sv\/wp-json\/wp\/v2\/types\/product"}],"replies":[{"embeddable":true,"href":"https:\/\/nordicmart.andreevmaster.com\/sv\/wp-json\/wp\/v2\/comments?post=17214"}],"wp:featuredmedia":[{"embeddable":true,"href":"https:\/\/nordicmart.andreevmaster.com\/sv\/wp-json\/wp\/v2\/media\/44650"}],"wp:attachment":[{"href":"https:\/\/nordicmart.andreevmaster.com\/sv\/wp-json\/wp\/v2\/media?parent=17214"}],"wp:term":[{"taxonomy":"product_brand","embeddable":true,"href":"https:\/\/nordicmart.andreevmaster.com\/sv\/wp-json\/wp\/v2\/product_brand?post=17214"},{"taxonomy":"product_cat","embeddable":true,"href":"https:\/\/nordicmart.andreevmaster.com\/sv\/wp-json\/wp\/v2\/product_cat?post=17214"},{"taxonomy":"product_tag","embeddable":true,"href":"https:\/\/nordicmart.andreevmaster.com\/sv\/wp-json\/wp\/v2\/product_tag?post=17214"}],"curies":[{"name":"wp","href":"https:\/\/api.w.org\/{rel}","templated":true}]}}