{"id":17213,"date":"2026-02-27T00:34:04","date_gmt":"2026-02-27T00:34:04","guid":{"rendered":"https:\/\/nordicmart.andreevmaster.com\/product\/vasagle-rullcontainer-med-2-lador-och-hjul-molnvit\/"},"modified":"2026-02-27T08:23:51","modified_gmt":"2026-02-27T08:23:51","slug":"vasagle-rullcontainer-med-2-lador-och-hjul-molnvit","status":"publish","type":"product","link":"https:\/\/nordicmart.andreevmaster.com\/sv\/produkt\/vasagle-rullcontainer-med-2-lador-och-hjul-molnvit\/","title":{"rendered":"VASAGLE rullcontainer med 2 l\u00e5dor och hjul, molnvit"},"content":{"rendered":"<p>VASAGLE arkivsk\u00e5p med 2 l\u00e5dor, mobilt kontorssk\u00e5p med hjul, rullcontainer, \u00f6ppet fack, h\u00e4ngmapp, stabil st\u00e5lram, industriell design, vintagebrun-svart OFC71X<br \/>\nF\u00e4rg: Molnvit<br \/>\nMaterial: sp\u00e5nskiva, st\u00e5l<br \/>\nStorlek: 44 x 42 x 66,5 cm (D x B x H)<br \/>\nVikt: 17,6 kg<br \/>\nMax. statisk belastningskapacitet: 50 kg<\/p>\n","protected":false},"excerpt":{"rendered":"<p>VASAGLE arkivsk\u00e5p med 2 l\u00e5dor, mobilt kontorssk\u00e5p med hjul, rullcontainer, \u00f6ppet fack, h\u00e4ngmapp, stabil st\u00e5lram, industriell design, vintagebrun-svart OFC71X<\/p>\n","protected":false},"featured_media":44649,"comment_status":"open","ping_status":"closed","template":"","meta":[],"product_brand":[],"product_cat":[33],"product_tag":[],"class_list":{"0":"post-17213","1":"product","2":"type-product","3":"status-publish","4":"has-post-thumbnail","6":"product_cat-okategoriserad","8":"first","9":"instock","10":"shipping-taxable","11":"purchasable","12":"product-type-simple"},"_links":{"self":[{"href":"https:\/\/nordicmart.andreevmaster.com\/sv\/wp-json\/wp\/v2\/product\/17213","targetHints":{"allow":["GET"]}}],"collection":[{"href":"https:\/\/nordicmart.andreevmaster.com\/sv\/wp-json\/wp\/v2\/product"}],"about":[{"href":"https:\/\/nordicmart.andreevmaster.com\/sv\/wp-json\/wp\/v2\/types\/product"}],"replies":[{"embeddable":true,"href":"https:\/\/nordicmart.andreevmaster.com\/sv\/wp-json\/wp\/v2\/comments?post=17213"}],"wp:featuredmedia":[{"embeddable":true,"href":"https:\/\/nordicmart.andreevmaster.com\/sv\/wp-json\/wp\/v2\/media\/44649"}],"wp:attachment":[{"href":"https:\/\/nordicmart.andreevmaster.com\/sv\/wp-json\/wp\/v2\/media?parent=17213"}],"wp:term":[{"taxonomy":"product_brand","embeddable":true,"href":"https:\/\/nordicmart.andreevmaster.com\/sv\/wp-json\/wp\/v2\/product_brand?post=17213"},{"taxonomy":"product_cat","embeddable":true,"href":"https:\/\/nordicmart.andreevmaster.com\/sv\/wp-json\/wp\/v2\/product_cat?post=17213"},{"taxonomy":"product_tag","embeddable":true,"href":"https:\/\/nordicmart.andreevmaster.com\/sv\/wp-json\/wp\/v2\/product_tag?post=17213"}],"curies":[{"name":"wp","href":"https:\/\/api.w.org\/{rel}","templated":true}]}}