{"id":17205,"date":"2026-02-27T00:34:02","date_gmt":"2026-02-27T00:34:02","guid":{"rendered":"https:\/\/nordicmart.andreevmaster.com\/product\/vasagle-kontorsskap-med-2-tyglador-i-ebenholts-svart\/"},"modified":"2026-02-27T08:23:49","modified_gmt":"2026-02-27T08:23:49","slug":"vasagle-kontorsskap-med-2-tyglador-i-ebenholts-svart","status":"publish","type":"product","link":"https:\/\/nordicmart.andreevmaster.com\/sv\/produkt\/vasagle-kontorsskap-med-2-tyglador-i-ebenholts-svart\/","title":{"rendered":"VASAGLE kontorssk\u00e5p med 2 tygl\u00e5dor i ebenholts svart"},"content":{"rendered":"<p>VASAGLE arkivsk\u00e5p, kontorssk\u00e5p med 2 tygl\u00e5dor, enkel montering, \u00f6ppna hyllor, f\u00f6r dokument i A4- och Letter-format, hemmakontor<br \/>\nF\u00e4rg: ebenholts<br \/>\nMaterial: sp\u00e5nskiva, st\u00e5l, nonwoven-tyg<br \/>\nStorlek: 37,5 x 73,5 x 69 cm (D x B x H)<br \/>\nVikt: 13,9 kg<br \/>\nMax. total statisk belastningskapacitet: 91 kg<\/p>\n","protected":false},"excerpt":{"rendered":"<p>VASAGLE arkivsk\u00e5p, kontorssk\u00e5p med 2 tygl\u00e5dor, enkel montering, \u00f6ppna hyllor, f\u00f6r dokument i A4- och Letter-format, hemmakontor<\/p>\n","protected":false},"featured_media":44641,"comment_status":"open","ping_status":"closed","template":"","meta":[],"product_brand":[],"product_cat":[33],"product_tag":[],"class_list":{"0":"post-17205","1":"product","2":"type-product","3":"status-publish","4":"has-post-thumbnail","6":"product_cat-okategoriserad","8":"first","9":"instock","10":"shipping-taxable","11":"purchasable","12":"product-type-simple"},"_links":{"self":[{"href":"https:\/\/nordicmart.andreevmaster.com\/sv\/wp-json\/wp\/v2\/product\/17205","targetHints":{"allow":["GET"]}}],"collection":[{"href":"https:\/\/nordicmart.andreevmaster.com\/sv\/wp-json\/wp\/v2\/product"}],"about":[{"href":"https:\/\/nordicmart.andreevmaster.com\/sv\/wp-json\/wp\/v2\/types\/product"}],"replies":[{"embeddable":true,"href":"https:\/\/nordicmart.andreevmaster.com\/sv\/wp-json\/wp\/v2\/comments?post=17205"}],"wp:featuredmedia":[{"embeddable":true,"href":"https:\/\/nordicmart.andreevmaster.com\/sv\/wp-json\/wp\/v2\/media\/44641"}],"wp:attachment":[{"href":"https:\/\/nordicmart.andreevmaster.com\/sv\/wp-json\/wp\/v2\/media?parent=17205"}],"wp:term":[{"taxonomy":"product_brand","embeddable":true,"href":"https:\/\/nordicmart.andreevmaster.com\/sv\/wp-json\/wp\/v2\/product_brand?post=17205"},{"taxonomy":"product_cat","embeddable":true,"href":"https:\/\/nordicmart.andreevmaster.com\/sv\/wp-json\/wp\/v2\/product_cat?post=17205"},{"taxonomy":"product_tag","embeddable":true,"href":"https:\/\/nordicmart.andreevmaster.com\/sv\/wp-json\/wp\/v2\/product_tag?post=17205"}],"curies":[{"name":"wp","href":"https:\/\/api.w.org\/{rel}","templated":true}]}}