{"id":17199,"date":"2026-02-27T00:34:00","date_gmt":"2026-02-27T00:34:00","guid":{"rendered":"https:\/\/nordicmart.andreevmaster.com\/product\/vasagle-arkivskap-med-3-lasbara-lador\/"},"modified":"2026-02-27T08:23:48","modified_gmt":"2026-02-27T08:23:48","slug":"vasagle-arkivskap-med-3-lasbara-lador","status":"publish","type":"product","link":"https:\/\/nordicmart.andreevmaster.com\/sv\/produkt\/vasagle-arkivskap-med-3-lasbara-lador\/","title":{"rendered":"VASAGLE arkivsk\u00e5p med 3 l\u00e5sbara l\u00e5dor"},"content":{"rendered":"<p>VASAGLE arkivsk\u00e5p, kontorssk\u00e5p f\u00f6r hemmakontoret, skrivarstativ, med 3 l\u00e5sbara l\u00e5dor, justerbar h\u00e4ngst\u00e5ng, f\u00f6r A4- och Letter-format<br \/>\nF\u00e4rg: Vintagebrun-svart<br \/>\nMaterial: sp\u00e5nskiva<br \/>\nStorlek: 40 x 41 x 103 cm (D x B x H)<br \/>\nVikt: 23 kg<br \/>\nMax. statisk belastningskapacitet: 50 kg<\/p>\n","protected":false},"excerpt":{"rendered":"<p>VASAGLE arkivsk\u00e5p, kontorssk\u00e5p f\u00f6r hemmakontoret, skrivarstativ, med 3 l\u00e5sbara l\u00e5dor, justerbar h\u00e4ngst\u00e5ng, f\u00f6r A4- och Letter-format<\/p>\n","protected":false},"featured_media":0,"comment_status":"open","ping_status":"closed","template":"","meta":[],"product_brand":[],"product_cat":[33],"product_tag":[],"class_list":{"0":"post-17199","1":"product","2":"type-product","3":"status-publish","5":"product_cat-okategoriserad","7":"first","8":"instock","9":"shipping-taxable","10":"purchasable","11":"product-type-simple"},"_links":{"self":[{"href":"https:\/\/nordicmart.andreevmaster.com\/sv\/wp-json\/wp\/v2\/product\/17199","targetHints":{"allow":["GET"]}}],"collection":[{"href":"https:\/\/nordicmart.andreevmaster.com\/sv\/wp-json\/wp\/v2\/product"}],"about":[{"href":"https:\/\/nordicmart.andreevmaster.com\/sv\/wp-json\/wp\/v2\/types\/product"}],"replies":[{"embeddable":true,"href":"https:\/\/nordicmart.andreevmaster.com\/sv\/wp-json\/wp\/v2\/comments?post=17199"}],"wp:attachment":[{"href":"https:\/\/nordicmart.andreevmaster.com\/sv\/wp-json\/wp\/v2\/media?parent=17199"}],"wp:term":[{"taxonomy":"product_brand","embeddable":true,"href":"https:\/\/nordicmart.andreevmaster.com\/sv\/wp-json\/wp\/v2\/product_brand?post=17199"},{"taxonomy":"product_cat","embeddable":true,"href":"https:\/\/nordicmart.andreevmaster.com\/sv\/wp-json\/wp\/v2\/product_cat?post=17199"},{"taxonomy":"product_tag","embeddable":true,"href":"https:\/\/nordicmart.andreevmaster.com\/sv\/wp-json\/wp\/v2\/product_tag?post=17199"}],"curies":[{"name":"wp","href":"https:\/\/api.w.org\/{rel}","templated":true}]}}