{"id":17198,"date":"2026-02-27T00:34:00","date_gmt":"2026-02-27T00:34:00","guid":{"rendered":"https:\/\/nordicmart.andreevmaster.com\/product\/songmics-mobil-arkivskap-med-2-lador\/"},"modified":"2026-02-27T08:23:47","modified_gmt":"2026-02-27T08:23:47","slug":"songmics-mobil-arkivskap-med-2-lador","status":"publish","type":"product","link":"https:\/\/nordicmart.andreevmaster.com\/sv\/produkt\/songmics-mobil-arkivskap-med-2-lador\/","title":{"rendered":"SONGMICS Mobil arkivsk\u00e5p med 2 l\u00e5dor"},"content":{"rendered":"<p>Oavsett om du arbetar hemma eller p\u00e5 kontoret har en ordnad arbetsplats stor inverkan p\u00e5 din koncentration och produktivitet. Med detta arkivsk\u00e5p med 2 l\u00e5dor fr\u00e5n SONGMICS skapar du ordning p\u00e5 din arbetsplats och optimerar samtidigt din arbetstid.L\u00e4mplig f\u00f6r olika h\u00e4ngmappar: Till skillnad fr\u00e5n konventionella rullcontainrar har varje l\u00e5da i v\u00e5rt arkivsk\u00e5p 1 justerbar st\u00e5ng. S\u00e5 kan du ocks\u00e5 sortera och arkivera h\u00e4ngmappar i olika format (A4-, Letter-, Legal- eller F4-format) efter behov. Robust och praktiskt: Dokument, kontorsmaterial, personliga f\u00f6rem\u00e5l, allt du beh\u00f6ver p\u00e5 jobbet f\u00e5r sin egen plats i denna rullcontainer. Var och en av de tv\u00e5 stora l\u00e5dorna har en belastningskapacitet p\u00e5 upp till 23 kg och de helt utdragbara l\u00e5dorna g\u00f6r det bekv\u00e4mare att \u00f6ppna och st\u00e4nga l\u00e5dorna. St\u00e5lkonstruktionen \u00e4r dessutom s\u00e5 stabil att du kan anv\u00e4nda detta arkivsk\u00e5p i m\u00e5nga \u00e5r. Produktdetaljer: F\u00e4rg: Vit Material: St\u00e5l Storlek: 39 x 50 x 69,5 cm (L x B x H) Vikt: 19,4 kg Max. belastningskapacitet per l\u00e5da: 23 kg Leveransomfattning: 1 x rullcontainer med 2 l\u00e5dor 1 x tillbeh\u00f6rsp\u00e5se 1 x bruksanvisning (DE, EN, IT, FR, ES) SONGMICS Anm\u00e4rkningar: Dra inte ut l\u00e5dor som inneh\u00e5ller f\u00f6rem\u00e5l samtidigt f\u00f6r att undvika att sk\u00e5pet v\u00e4lter.<\/p>\n","protected":false},"excerpt":{"rendered":"<p>SONGMICS rullcontainer, mobil arkivsk\u00e5p med 2 l\u00e5dor, l\u00e5sbar, f\u00f6r kontorsdokument, f\u00f6rmonterad, 39 x 50 x 69,5 cm (L x B x H), matt svart OFC52BK<\/p>\n","protected":false},"featured_media":44635,"comment_status":"open","ping_status":"closed","template":"","meta":[],"product_brand":[],"product_cat":[33],"product_tag":[],"class_list":{"0":"post-17198","1":"product","2":"type-product","3":"status-publish","4":"has-post-thumbnail","6":"product_cat-okategoriserad","8":"first","9":"instock","10":"shipping-taxable","11":"purchasable","12":"product-type-simple"},"_links":{"self":[{"href":"https:\/\/nordicmart.andreevmaster.com\/sv\/wp-json\/wp\/v2\/product\/17198","targetHints":{"allow":["GET"]}}],"collection":[{"href":"https:\/\/nordicmart.andreevmaster.com\/sv\/wp-json\/wp\/v2\/product"}],"about":[{"href":"https:\/\/nordicmart.andreevmaster.com\/sv\/wp-json\/wp\/v2\/types\/product"}],"replies":[{"embeddable":true,"href":"https:\/\/nordicmart.andreevmaster.com\/sv\/wp-json\/wp\/v2\/comments?post=17198"}],"wp:featuredmedia":[{"embeddable":true,"href":"https:\/\/nordicmart.andreevmaster.com\/sv\/wp-json\/wp\/v2\/media\/44635"}],"wp:attachment":[{"href":"https:\/\/nordicmart.andreevmaster.com\/sv\/wp-json\/wp\/v2\/media?parent=17198"}],"wp:term":[{"taxonomy":"product_brand","embeddable":true,"href":"https:\/\/nordicmart.andreevmaster.com\/sv\/wp-json\/wp\/v2\/product_brand?post=17198"},{"taxonomy":"product_cat","embeddable":true,"href":"https:\/\/nordicmart.andreevmaster.com\/sv\/wp-json\/wp\/v2\/product_cat?post=17198"},{"taxonomy":"product_tag","embeddable":true,"href":"https:\/\/nordicmart.andreevmaster.com\/sv\/wp-json\/wp\/v2\/product_tag?post=17198"}],"curies":[{"name":"wp","href":"https:\/\/api.w.org\/{rel}","templated":true}]}}