{"id":17196,"date":"2026-02-27T00:33:59","date_gmt":"2026-02-27T00:33:59","guid":{"rendered":"https:\/\/nordicmart.andreevmaster.com\/product\/vasagle-rullcontainer-med-2-lador\/"},"modified":"2026-02-27T08:23:47","modified_gmt":"2026-02-27T08:23:47","slug":"vasagle-rullcontainer-med-2-lador","status":"publish","type":"product","link":"https:\/\/nordicmart.andreevmaster.com\/sv\/produkt\/vasagle-rullcontainer-med-2-lador\/","title":{"rendered":"VASAGLE rullcontainer med 2 l\u00e5dor"},"content":{"rendered":"<p>Produktdetaljer: &#8211; F\u00e4rg: Vintagebrun-svart &#8211; Material: Sp\u00e5nskiva, st\u00e5l &#8211; Storlek: 41 x 40,2 x 107,9 cm (L x B x H) &#8211; H\u00f6jd p\u00e5 \u00f6ppet fack: 33 cm &#8211; Innerm\u00e5tt p\u00e5 l\u00e5da: 32,6 x 33,8 x 28,3 cm (L x B x H) &#8211; Vikt: 23 kg &#8211; Max. total statisk belastningskapacitet: 50 kg Leveransomfattning: &#8211; 1 x arkivsk\u00e5p &#8211; 1 x tillbeh\u00f6rspaket &#8211; 1 x tippskydd &#8211; 1 x bruksanvisning VASAGLE Anm\u00e4rkningar: &#8211; Barn f\u00e5r inte kl\u00e4ttra p\u00e5 eller leka med produkten f\u00f6r att undvika skador orsakade av tippning.<\/p>\n","protected":false},"excerpt":{"rendered":"<p>VASAGLE Rullcontainer, arkivsk\u00e5p, kontorssk\u00e5p med 2 l\u00e5dor, f\u00f6r dokument i DIN A4, Letter-format, \u00f6ppet fack, skrivarstativ, industriell design, vintagebrun-svart OFC045B01<\/p>\n","protected":false},"featured_media":44633,"comment_status":"open","ping_status":"closed","template":"","meta":[],"product_brand":[],"product_cat":[33],"product_tag":[],"class_list":{"0":"post-17196","1":"product","2":"type-product","3":"status-publish","4":"has-post-thumbnail","6":"product_cat-okategoriserad","8":"first","9":"instock","10":"shipping-taxable","11":"purchasable","12":"product-type-simple"},"_links":{"self":[{"href":"https:\/\/nordicmart.andreevmaster.com\/sv\/wp-json\/wp\/v2\/product\/17196","targetHints":{"allow":["GET"]}}],"collection":[{"href":"https:\/\/nordicmart.andreevmaster.com\/sv\/wp-json\/wp\/v2\/product"}],"about":[{"href":"https:\/\/nordicmart.andreevmaster.com\/sv\/wp-json\/wp\/v2\/types\/product"}],"replies":[{"embeddable":true,"href":"https:\/\/nordicmart.andreevmaster.com\/sv\/wp-json\/wp\/v2\/comments?post=17196"}],"wp:featuredmedia":[{"embeddable":true,"href":"https:\/\/nordicmart.andreevmaster.com\/sv\/wp-json\/wp\/v2\/media\/44633"}],"wp:attachment":[{"href":"https:\/\/nordicmart.andreevmaster.com\/sv\/wp-json\/wp\/v2\/media?parent=17196"}],"wp:term":[{"taxonomy":"product_brand","embeddable":true,"href":"https:\/\/nordicmart.andreevmaster.com\/sv\/wp-json\/wp\/v2\/product_brand?post=17196"},{"taxonomy":"product_cat","embeddable":true,"href":"https:\/\/nordicmart.andreevmaster.com\/sv\/wp-json\/wp\/v2\/product_cat?post=17196"},{"taxonomy":"product_tag","embeddable":true,"href":"https:\/\/nordicmart.andreevmaster.com\/sv\/wp-json\/wp\/v2\/product_tag?post=17196"}],"curies":[{"name":"wp","href":"https:\/\/api.w.org\/{rel}","templated":true}]}}