{"id":17195,"date":"2026-02-27T00:33:59","date_gmt":"2026-02-27T00:33:59","guid":{"rendered":"https:\/\/nordicmart.andreevmaster.com\/product\/vasagle-rullcontainer-med-lada-och-hangmapp\/"},"modified":"2026-02-27T08:23:46","modified_gmt":"2026-02-27T08:23:46","slug":"vasagle-rullcontainer-med-lada-och-hangmapp","status":"publish","type":"product","link":"https:\/\/nordicmart.andreevmaster.com\/sv\/produkt\/vasagle-rullcontainer-med-lada-och-hangmapp\/","title":{"rendered":"VASAGLE rullcontainer med l\u00e5da och h\u00e4ngmapp"},"content":{"rendered":"<p>Produktdetaljer: F\u00e4rg: Vintagebrun-svart Material: Sp\u00e5nskiva, st\u00e5l Storlek: 40,2 x 41 x 73,7 cm (D x B x H) L\u00e5dans innerm\u00e5tt: 32,6 x 33,8 x 28,3 cm (L x B x H) H\u00f6jd p\u00e5 det \u00f6ppna facket: 33 cm Vikt: 14 kg Max. statisk totalbelastning: 50 kg Leveransomfattning: 1 x arkivsk\u00e5p 1 x tillbeh\u00f6rspaket 1 x bruksanvisning VASAGLE Anm\u00e4rkningar: Barn f\u00e5r inte kl\u00e4ttra p\u00e5 eller leka med produkten f\u00f6r att undvika skador orsakade av v\u00e4lte.<\/p>\n","protected":false},"excerpt":{"rendered":"<p>VASAGLE rullcontainer, arkivsk\u00e5p, med l\u00e5da, h\u00e4ngmapp, f\u00f6r dokument i DIN A4, Letter-format, \u00f6ppet fack, skrivarstativ, industridesign, vintagebrun-svart OFC044B01<\/p>\n","protected":false},"featured_media":44632,"comment_status":"open","ping_status":"closed","template":"","meta":[],"product_brand":[],"product_cat":[33],"product_tag":[],"class_list":{"0":"post-17195","1":"product","2":"type-product","3":"status-publish","4":"has-post-thumbnail","6":"product_cat-okategoriserad","8":"first","9":"instock","10":"shipping-taxable","11":"purchasable","12":"product-type-simple"},"_links":{"self":[{"href":"https:\/\/nordicmart.andreevmaster.com\/sv\/wp-json\/wp\/v2\/product\/17195","targetHints":{"allow":["GET"]}}],"collection":[{"href":"https:\/\/nordicmart.andreevmaster.com\/sv\/wp-json\/wp\/v2\/product"}],"about":[{"href":"https:\/\/nordicmart.andreevmaster.com\/sv\/wp-json\/wp\/v2\/types\/product"}],"replies":[{"embeddable":true,"href":"https:\/\/nordicmart.andreevmaster.com\/sv\/wp-json\/wp\/v2\/comments?post=17195"}],"wp:featuredmedia":[{"embeddable":true,"href":"https:\/\/nordicmart.andreevmaster.com\/sv\/wp-json\/wp\/v2\/media\/44632"}],"wp:attachment":[{"href":"https:\/\/nordicmart.andreevmaster.com\/sv\/wp-json\/wp\/v2\/media?parent=17195"}],"wp:term":[{"taxonomy":"product_brand","embeddable":true,"href":"https:\/\/nordicmart.andreevmaster.com\/sv\/wp-json\/wp\/v2\/product_brand?post=17195"},{"taxonomy":"product_cat","embeddable":true,"href":"https:\/\/nordicmart.andreevmaster.com\/sv\/wp-json\/wp\/v2\/product_cat?post=17195"},{"taxonomy":"product_tag","embeddable":true,"href":"https:\/\/nordicmart.andreevmaster.com\/sv\/wp-json\/wp\/v2\/product_tag?post=17195"}],"curies":[{"name":"wp","href":"https:\/\/api.w.org\/{rel}","templated":true}]}}