{"id":17191,"date":"2026-02-27T00:33:58","date_gmt":"2026-02-27T00:33:58","guid":{"rendered":"https:\/\/nordicmart.andreevmaster.com\/product\/vasagle-rullcontainer-med-3-lador-och-hjul-svart\/"},"modified":"2026-02-27T08:23:46","modified_gmt":"2026-02-27T08:23:46","slug":"vasagle-rullcontainer-med-3-lador-och-hjul-svart","status":"publish","type":"product","link":"https:\/\/nordicmart.andreevmaster.com\/sv\/produkt\/vasagle-rullcontainer-med-3-lador-och-hjul-svart\/","title":{"rendered":"VASAGLE Rullcontainer med 3 l\u00e5dor och hjul, svart"},"content":{"rendered":"<p>VASAGLE arkivsk\u00e5p, rullcontainer, fritt r\u00f6rlig, med hjul och 3 l\u00e5dor, f\u00f6r dokument i DIN A4, Letter-format, skrivarstativ, industriell stil, vintagebrun-svart OFC041B01<br \/>\nF\u00e4rg: Svart med tr\u00e4m\u00f6nster<br \/>\nMaterial: sp\u00e5nskiva, metall<br \/>\nStorlek: 40 x 80 x 66 cm (D x B x H)<br \/>\nVikt: 22,2 kg<br \/>\nMax. statisk belastningskapacitet: 40 kg<\/p>\n","protected":false},"excerpt":{"rendered":"<p>VASAGLE arkivsk\u00e5p, rullcontainer, fritt r\u00f6rlig, med hjul och 3 l\u00e5dor, f\u00f6r dokument i DIN A4, Letter-format, skrivarstativ, industriell stil, vintagebrun-svart OFC041B01<\/p>\n","protected":false},"featured_media":44628,"comment_status":"open","ping_status":"closed","template":"","meta":[],"product_brand":[],"product_cat":[33],"product_tag":[],"class_list":{"0":"post-17191","1":"product","2":"type-product","3":"status-publish","4":"has-post-thumbnail","6":"product_cat-okategoriserad","8":"first","9":"instock","10":"shipping-taxable","11":"purchasable","12":"product-type-simple"},"_links":{"self":[{"href":"https:\/\/nordicmart.andreevmaster.com\/sv\/wp-json\/wp\/v2\/product\/17191","targetHints":{"allow":["GET"]}}],"collection":[{"href":"https:\/\/nordicmart.andreevmaster.com\/sv\/wp-json\/wp\/v2\/product"}],"about":[{"href":"https:\/\/nordicmart.andreevmaster.com\/sv\/wp-json\/wp\/v2\/types\/product"}],"replies":[{"embeddable":true,"href":"https:\/\/nordicmart.andreevmaster.com\/sv\/wp-json\/wp\/v2\/comments?post=17191"}],"wp:featuredmedia":[{"embeddable":true,"href":"https:\/\/nordicmart.andreevmaster.com\/sv\/wp-json\/wp\/v2\/media\/44628"}],"wp:attachment":[{"href":"https:\/\/nordicmart.andreevmaster.com\/sv\/wp-json\/wp\/v2\/media?parent=17191"}],"wp:term":[{"taxonomy":"product_brand","embeddable":true,"href":"https:\/\/nordicmart.andreevmaster.com\/sv\/wp-json\/wp\/v2\/product_brand?post=17191"},{"taxonomy":"product_cat","embeddable":true,"href":"https:\/\/nordicmart.andreevmaster.com\/sv\/wp-json\/wp\/v2\/product_cat?post=17191"},{"taxonomy":"product_tag","embeddable":true,"href":"https:\/\/nordicmart.andreevmaster.com\/sv\/wp-json\/wp\/v2\/product_tag?post=17191"}],"curies":[{"name":"wp","href":"https:\/\/api.w.org\/{rel}","templated":true}]}}