{"id":17187,"date":"2026-02-27T00:33:57","date_gmt":"2026-02-27T00:33:57","guid":{"rendered":"https:\/\/nordicmart.andreevmaster.com\/product\/songmics-rullcontainer-med-hjul-och-las-svart\/"},"modified":"2026-02-27T08:23:45","modified_gmt":"2026-02-27T08:23:45","slug":"songmics-rullcontainer-med-hjul-och-las-svart","status":"publish","type":"product","link":"https:\/\/nordicmart.andreevmaster.com\/sv\/produkt\/songmics-rullcontainer-med-hjul-och-las-svart\/","title":{"rendered":"SONGMICS rullcontainer med hjul och l\u00e5s, svart"},"content":{"rendered":"<p>Alla viktiga dokument p\u00e5 ett s\u00e4kert st\u00e4lle: Rullcontainern erbjuder plats f\u00f6r olika dokument och kontorsmaterial. I den \u00f6versta l\u00e5dan finns en extra organiserare d\u00e4r du kan f\u00f6rvara pennor, anteckningar etc. inom r\u00e4ckh\u00e5ll. Av de 4 hjulen, som kan rotera 360 grader, kan 2 l\u00e5sas s\u00e5 att containern st\u00e5r stadigt och s\u00e4kert p\u00e5 ett st\u00e4lle.Flexibel och praktisk: H\u00e4ngmappar i A4-format kan h\u00e4ngas i den nedersta l\u00e5dan. Om du har st\u00f6rre eller mindre dokument, t.ex. i Legal-, F4- eller Letter-format, kan h\u00e4ngmappen anpassas med hj\u00e4lp av justerbara st\u00e4nger. Dessutom \u00e4r den nedersta l\u00e5dan utrustad med en rulle p\u00e5 undersidan, vilket ger \u00f6kad stabilitet och s\u00e4kerhet n\u00e4r l\u00e5dan dras ut helt. Kan l\u00e5sas och passar perfekt under skrivbordet: L\u00e5set (2 nycklar medf\u00f6ljer) l\u00e5ser alla 3 l\u00e5dor samtidigt, s\u00e5 att alla dina dokument f\u00f6rvaras s\u00e4kert i sk\u00e5pcontainern. Den 60 cm h\u00f6ga rullcontainern passar dessutom under alla skrivbord i standardstorlek och sparar \u00e4nnu mer plats. Produktdetaljer: F\u00e4rg: Svart Material: St\u00e5l Storlek: 30 x 45 x 60 cm (L x B x H) Vikt: 14,5 kg Max. statisk belastningskapacitet f\u00f6r de tv\u00e5 \u00f6vre l\u00e5dorna: 15 kg vardera Max. statisk belastningskapacitet f\u00f6r den nedre l\u00e5dan: 20 kg Leveransomfattning: 1 x rullcontainer 1 x tillbeh\u00f6rsp\u00e5se 1 x bruksanvisning SONGMICS Anm\u00e4rkningar: \u00d6verskrid inte denna maximala vikt per l\u00e5da. Barn f\u00e5r inte kl\u00e4ttra p\u00e5 eller leka med produkten f\u00f6r att undvika skador orsakade av v\u00e4lte.<\/p>\n","protected":false},"excerpt":{"rendered":"<p>SONGMICS st\u00e5lrullcontainer med 3 l\u00e5dor och h\u00e4ngmapp, l\u00e5sbar kontorssk\u00e5p, sk\u00e5pstomme f\u00f6rmonterad, 39 x 60 x 52 cm, vit OFC60WT<\/p>\n","protected":false},"featured_media":44625,"comment_status":"open","ping_status":"closed","template":"","meta":[],"product_brand":[],"product_cat":[33],"product_tag":[],"class_list":{"0":"post-17187","1":"product","2":"type-product","3":"status-publish","4":"has-post-thumbnail","6":"product_cat-okategoriserad","8":"first","9":"instock","10":"shipping-taxable","11":"purchasable","12":"product-type-simple"},"_links":{"self":[{"href":"https:\/\/nordicmart.andreevmaster.com\/sv\/wp-json\/wp\/v2\/product\/17187","targetHints":{"allow":["GET"]}}],"collection":[{"href":"https:\/\/nordicmart.andreevmaster.com\/sv\/wp-json\/wp\/v2\/product"}],"about":[{"href":"https:\/\/nordicmart.andreevmaster.com\/sv\/wp-json\/wp\/v2\/types\/product"}],"replies":[{"embeddable":true,"href":"https:\/\/nordicmart.andreevmaster.com\/sv\/wp-json\/wp\/v2\/comments?post=17187"}],"wp:featuredmedia":[{"embeddable":true,"href":"https:\/\/nordicmart.andreevmaster.com\/sv\/wp-json\/wp\/v2\/media\/44625"}],"wp:attachment":[{"href":"https:\/\/nordicmart.andreevmaster.com\/sv\/wp-json\/wp\/v2\/media?parent=17187"}],"wp:term":[{"taxonomy":"product_brand","embeddable":true,"href":"https:\/\/nordicmart.andreevmaster.com\/sv\/wp-json\/wp\/v2\/product_brand?post=17187"},{"taxonomy":"product_cat","embeddable":true,"href":"https:\/\/nordicmart.andreevmaster.com\/sv\/wp-json\/wp\/v2\/product_cat?post=17187"},{"taxonomy":"product_tag","embeddable":true,"href":"https:\/\/nordicmart.andreevmaster.com\/sv\/wp-json\/wp\/v2\/product_tag?post=17187"}],"curies":[{"name":"wp","href":"https:\/\/api.w.org\/{rel}","templated":true}]}}