{"id":17186,"date":"2026-02-27T00:33:57","date_gmt":"2026-02-27T00:33:57","guid":{"rendered":"https:\/\/nordicmart.andreevmaster.com\/product\/songmics-kontorsskap-med-hjul-och-las\/"},"modified":"2026-02-27T08:23:45","modified_gmt":"2026-02-27T08:23:45","slug":"songmics-kontorsskap-med-hjul-och-las","status":"publish","type":"product","link":"https:\/\/nordicmart.andreevmaster.com\/sv\/produkt\/songmics-kontorsskap-med-hjul-och-las\/","title":{"rendered":"SONGMICS kontorssk\u00e5p med hjul och l\u00e5s"},"content":{"rendered":"<p>N\u00e5got bra f\u00f6r din arbetsplats: \u00c4r du tr\u00f6tt p\u00e5 att leta igenom h\u00f6gar av papper f\u00f6r att hitta det dokument du beh\u00f6ver? Och var var pennan nu igen? Detta SONGMICS arkivsk\u00e5p med sina 3 l\u00e5dor och 1 l\u00e5dinredning f\u00f6r kontorsmaterial tar hand om kaoset i ditt sk\u00e5p! Dessutom kan du f\u00f6rvara viktiga dokument s\u00e4kert p\u00e5 kontoret bakom l\u00e5set. Utm\u00e4rkta produkter: Oroa dig inte f\u00f6r stabiliteten hos detta arkivsk\u00e5p! De tv\u00e5 \u00f6vre l\u00e5dorna har en belastningskapacitet p\u00e5 upp till 15 kg vardera och den nedre l\u00e5dan med h\u00e4ngmappar kan b\u00e4ra upp till 20 kg. Med premium-fullutslag kan l\u00e5dorna dras ut l\u00e4tt \u00e4ven vid h\u00f6g belastning. Arkivsk\u00e5pet \u00e4r utrustat med 5 hjul s\u00e5 att det l\u00e4tt kan flyttas \u00f6verallt. Produktdetaljer: F\u00e4rg: Vit Material: St\u00e5l Storlek: 30 x 46 x 59,2 cm (L x B x H) Vikt: 17,2 kg Max. statisk belastningskapacitet f\u00f6r de tv\u00e5 \u00f6vre l\u00e5dorna: 15 kg vardera Max. statisk belastningskapacitet f\u00f6r den nedre l\u00e5dan: 20 kg Leveransomfattning: 1 x arkivsk\u00e5p 1 x l\u00e5dinredning f\u00f6r kontorsartiklar 1 x h\u00e4ngmapp 1 x tillbeh\u00f6rspaket 1 x bruksanvisning (DE, EN, FR, IT, ES) SONGMICS Anm\u00e4rkningar: \u00d6verskrid inte den maximala vikten per l\u00e5da.Barn f\u00e5r inte kl\u00e4ttra p\u00e5 eller leka med produkten f\u00f6r att undvika skador orsakade av att den v\u00e4lter.<\/p>\n","protected":false},"excerpt":{"rendered":"<p>SONGMICS rullcontainer, arkivsk\u00e5p, kontorssk\u00e5p med hjul och l\u00e5s, f\u00f6r dokument i DINA4-, Legal- och Letter-format, h\u00e4ngmapp, vit OFC030W01<\/p>\n","protected":false},"featured_media":44624,"comment_status":"open","ping_status":"closed","template":"","meta":[],"product_brand":[],"product_cat":[33],"product_tag":[],"class_list":{"0":"post-17186","1":"product","2":"type-product","3":"status-publish","4":"has-post-thumbnail","6":"product_cat-okategoriserad","8":"first","9":"instock","10":"shipping-taxable","11":"purchasable","12":"product-type-simple"},"_links":{"self":[{"href":"https:\/\/nordicmart.andreevmaster.com\/sv\/wp-json\/wp\/v2\/product\/17186","targetHints":{"allow":["GET"]}}],"collection":[{"href":"https:\/\/nordicmart.andreevmaster.com\/sv\/wp-json\/wp\/v2\/product"}],"about":[{"href":"https:\/\/nordicmart.andreevmaster.com\/sv\/wp-json\/wp\/v2\/types\/product"}],"replies":[{"embeddable":true,"href":"https:\/\/nordicmart.andreevmaster.com\/sv\/wp-json\/wp\/v2\/comments?post=17186"}],"wp:featuredmedia":[{"embeddable":true,"href":"https:\/\/nordicmart.andreevmaster.com\/sv\/wp-json\/wp\/v2\/media\/44624"}],"wp:attachment":[{"href":"https:\/\/nordicmart.andreevmaster.com\/sv\/wp-json\/wp\/v2\/media?parent=17186"}],"wp:term":[{"taxonomy":"product_brand","embeddable":true,"href":"https:\/\/nordicmart.andreevmaster.com\/sv\/wp-json\/wp\/v2\/product_brand?post=17186"},{"taxonomy":"product_cat","embeddable":true,"href":"https:\/\/nordicmart.andreevmaster.com\/sv\/wp-json\/wp\/v2\/product_cat?post=17186"},{"taxonomy":"product_tag","embeddable":true,"href":"https:\/\/nordicmart.andreevmaster.com\/sv\/wp-json\/wp\/v2\/product_tag?post=17186"}],"curies":[{"name":"wp","href":"https:\/\/api.w.org\/{rel}","templated":true}]}}