{"id":17184,"date":"2026-02-27T00:33:56","date_gmt":"2026-02-27T00:33:56","guid":{"rendered":"https:\/\/nordicmart.andreevmaster.com\/product\/songmics-rullcontainer-vit\/"},"modified":"2026-02-27T08:23:44","modified_gmt":"2026-02-27T08:23:44","slug":"songmics-rullcontainer-vit","status":"publish","type":"product","link":"https:\/\/nordicmart.andreevmaster.com\/sv\/produkt\/songmics-rullcontainer-vit\/","title":{"rendered":"SONGMICS rullcontainer vit"},"content":{"rendered":"<p>Optimera ditt kontorsarbete \u00c4r ditt skrivbord t\u00e4ckt av h\u00f6gar med dokument? F\u00f6rvara dem snyggt i denna rullcontainer fr\u00e5n SONGMICS! 3 l\u00e5dor, en h\u00e4ngmapp och ett uttagbart fack f\u00f6r kontorsmaterial ser till att alla dina kontorsartiklar kan f\u00f6rvaras \u00f6versk\u00e5dligt och snabbt hittas igen.Stabil, praktisk och flexibel Oroa dig inte f\u00f6r stabiliteten hos denna arkivsk\u00e5p! Varje metall\u00e5da har en belastningskapacitet p\u00e5 upp till 15 kg och \u00e4r utrustad med premium-utdragsl\u00e5dor som g\u00f6r det enkelt att dra ut och skjuta in dem. Vill du flytta sk\u00e5pet till ett annat rum? Sk\u00e5pets 5 hjul, varav 2 \u00e4r l\u00e5sbara, g\u00f6r jobbet \u00e5t dig. Oavsett om du arbetar p\u00e5 kontoret eller hemifr\u00e5n kan du med detta arkivsk\u00e5p s\u00e4ga adj\u00f6 till kaoset p\u00e5 skrivbordet och \u00f6ka din produktivitet. Produktdetaljer:- F\u00e4rg: Vit &#8211; Material: St\u00e5l, metallhandtag &#8211; Storlek: 39 x 48 x 60 cm (L x B x H) &#8211; Vikt: 18,5 kg &#8211; Max. statisk belastningskapacitet per l\u00e5da: 15 kg Leveransomfattning:- 1 x rullcontainer &#8211; 1 x l\u00e5dinredning f\u00f6r kontorsartiklar &#8211; 1 x h\u00e4ngmapp &#8211; 1 x tillbeh\u00f6rspaket &#8211; 1 x bruksanvisning (DE, EN, FR, IT, ES)  SONGMICS Anm\u00e4rkningar: &#8211; Den maximala belastningskapaciteten per l\u00e5da \u00e4r 15 kg. Fyll inte l\u00e5dorna med tunga f\u00f6rem\u00e5l. &#8211; Barn f\u00e5r inte kl\u00e4ttra p\u00e5 eller leka med produkten f\u00f6r att undvika skador orsakade av att den v\u00e4lter.<\/p>\n","protected":false},"excerpt":{"rendered":"<p>SONGMICS rullcontainer, l\u00e5sbar arkivsk\u00e5p med l\u00e5dor, kontorssk\u00e5p med hjul, f\u00f6r arkiv och dokument, med h\u00e4ngmappar, f\u00f6r kontoret, arbetsrummet, av st\u00e5l, vit OFC010W01<\/p>\n","protected":false},"featured_media":44622,"comment_status":"open","ping_status":"closed","template":"","meta":[],"product_brand":[],"product_cat":[33],"product_tag":[],"class_list":{"0":"post-17184","1":"product","2":"type-product","3":"status-publish","4":"has-post-thumbnail","6":"product_cat-okategoriserad","8":"first","9":"instock","10":"shipping-taxable","11":"purchasable","12":"product-type-simple"},"_links":{"self":[{"href":"https:\/\/nordicmart.andreevmaster.com\/sv\/wp-json\/wp\/v2\/product\/17184","targetHints":{"allow":["GET"]}}],"collection":[{"href":"https:\/\/nordicmart.andreevmaster.com\/sv\/wp-json\/wp\/v2\/product"}],"about":[{"href":"https:\/\/nordicmart.andreevmaster.com\/sv\/wp-json\/wp\/v2\/types\/product"}],"replies":[{"embeddable":true,"href":"https:\/\/nordicmart.andreevmaster.com\/sv\/wp-json\/wp\/v2\/comments?post=17184"}],"wp:featuredmedia":[{"embeddable":true,"href":"https:\/\/nordicmart.andreevmaster.com\/sv\/wp-json\/wp\/v2\/media\/44622"}],"wp:attachment":[{"href":"https:\/\/nordicmart.andreevmaster.com\/sv\/wp-json\/wp\/v2\/media?parent=17184"}],"wp:term":[{"taxonomy":"product_brand","embeddable":true,"href":"https:\/\/nordicmart.andreevmaster.com\/sv\/wp-json\/wp\/v2\/product_brand?post=17184"},{"taxonomy":"product_cat","embeddable":true,"href":"https:\/\/nordicmart.andreevmaster.com\/sv\/wp-json\/wp\/v2\/product_cat?post=17184"},{"taxonomy":"product_tag","embeddable":true,"href":"https:\/\/nordicmart.andreevmaster.com\/sv\/wp-json\/wp\/v2\/product_tag?post=17184"}],"curies":[{"name":"wp","href":"https:\/\/api.w.org\/{rel}","templated":true}]}}