{"id":17182,"date":"2026-02-27T00:33:56","date_gmt":"2026-02-27T00:33:56","guid":{"rendered":"https:\/\/nordicmart.andreevmaster.com\/product\/songmics-datorstol-med-natkladsel\/"},"modified":"2026-02-27T08:23:44","modified_gmt":"2026-02-27T08:23:44","slug":"songmics-datorstol-med-natkladsel","status":"publish","type":"product","link":"https:\/\/nordicmart.andreevmaster.com\/sv\/produkt\/songmics-datorstol-med-natkladsel\/","title":{"rendered":"SONGMICS datorstol med n\u00e4tkl\u00e4dsel"},"content":{"rendered":"<p>Ergonomisk design Ergonomiskt ryggst\u00f6d anpassar sig efter din kropp och minskar trycket p\u00e5 ryggraden och l\u00e4ndryggen. Bekv\u00e4m sits Elastiskt n\u00e4tmaterial ger utm\u00e4rkt andningsf\u00f6rm\u00e5ga och deformeras inte. Sitsens kant \u00e4r vadderad f\u00f6r att minska trycket p\u00e5 benen.Stabil och h\u00e5llbar Pulverlackerad st\u00e5lfotkors \u00e4r stabil och robust f\u00f6r m\u00e5nga \u00e5r fram\u00f6ver. Maximal belastningskapacitet: 150 kg Produktdetaljer: F\u00e4rg: Svart Material: N\u00e4tv\u00e4v, st\u00e5lram, PU-armst\u00f6d, nylonhjul Produktm\u00e5tt: 69 x (113-128) x 69 cm (B x H x D) Sittstorlek: 49 x (47-55) x 49 cm (B x H x D) M\u00e5tt p\u00e5 ryggst\u00f6det: 45 x 49 cm (B x D) M\u00e5tt p\u00e5 armst\u00f6d: 30 x 7,5 cm (B x D) H\u00f6jd p\u00e5 armst\u00f6d: 2,5 cm Avst\u00e5nd mellan armst\u00f6d: 53 cm \u00d8 fotkors: 70 cm \u00d8 Hjul: 60 mm Vikt: 23 kg Max. belastningskapacitet: 150 kg Leveransomfattning: 1 x kontorsstol 2 x reservhjul 1 x monterings tillbeh\u00f6r 1 x insexnyckel 1 x monteringsanvisning (DE, EN, FR, IT, ES) SONGMICS Obs: Enkel att montera, helst med 2 personer.<\/p>\n","protected":false},"excerpt":{"rendered":"<p>SONGMICS Ergonomisk kontorsstol, skrivbordsstol med l\u00e4ndryggsst\u00f6d, elastisk mesh-sits, justerbar nackst\u00f6d, vippfunktion, st\u00e5lram, belastningskapacitet upp till 150 kg, svart OBN91BKV1<\/p>\n","protected":false},"featured_media":44620,"comment_status":"open","ping_status":"closed","template":"","meta":[],"product_brand":[],"product_cat":[33],"product_tag":[],"class_list":{"0":"post-17182","1":"product","2":"type-product","3":"status-publish","4":"has-post-thumbnail","6":"product_cat-okategoriserad","8":"first","9":"instock","10":"shipping-taxable","11":"purchasable","12":"product-type-simple"},"_links":{"self":[{"href":"https:\/\/nordicmart.andreevmaster.com\/sv\/wp-json\/wp\/v2\/product\/17182","targetHints":{"allow":["GET"]}}],"collection":[{"href":"https:\/\/nordicmart.andreevmaster.com\/sv\/wp-json\/wp\/v2\/product"}],"about":[{"href":"https:\/\/nordicmart.andreevmaster.com\/sv\/wp-json\/wp\/v2\/types\/product"}],"replies":[{"embeddable":true,"href":"https:\/\/nordicmart.andreevmaster.com\/sv\/wp-json\/wp\/v2\/comments?post=17182"}],"wp:featuredmedia":[{"embeddable":true,"href":"https:\/\/nordicmart.andreevmaster.com\/sv\/wp-json\/wp\/v2\/media\/44620"}],"wp:attachment":[{"href":"https:\/\/nordicmart.andreevmaster.com\/sv\/wp-json\/wp\/v2\/media?parent=17182"}],"wp:term":[{"taxonomy":"product_brand","embeddable":true,"href":"https:\/\/nordicmart.andreevmaster.com\/sv\/wp-json\/wp\/v2\/product_brand?post=17182"},{"taxonomy":"product_cat","embeddable":true,"href":"https:\/\/nordicmart.andreevmaster.com\/sv\/wp-json\/wp\/v2\/product_cat?post=17182"},{"taxonomy":"product_tag","embeddable":true,"href":"https:\/\/nordicmart.andreevmaster.com\/sv\/wp-json\/wp\/v2\/product_tag?post=17182"}],"curies":[{"name":"wp","href":"https:\/\/api.w.org\/{rel}","templated":true}]}}