{"id":17181,"date":"2026-02-27T00:33:55","date_gmt":"2026-02-27T00:33:55","guid":{"rendered":"https:\/\/nordicmart.andreevmaster.com\/product\/datastol-med-natkladsel\/"},"modified":"2026-02-27T08:23:44","modified_gmt":"2026-02-27T08:23:44","slug":"datastol-med-natkladsel","status":"publish","type":"product","link":"https:\/\/nordicmart.andreevmaster.com\/sv\/produkt\/datastol-med-natkladsel\/","title":{"rendered":"Datastol med n\u00e4tkl\u00e4dsel"},"content":{"rendered":"<p>Ergonomisk designErgonomisk ryggst\u00f6d formar sig efter din kropp och minskar trycket p\u00e5 ryggraden och l\u00e4ndryggen.Komfortabelt s\u00e4teElastiskt n\u00e4tmaterial ger utm\u00e4rkt andningsf\u00f6rm\u00e5ga och deformeras inte. S\u00e4teskanten \u00e4r vadderad f\u00f6r att minska trycket p\u00e5 benen. Stabil och h\u00e5llbar Pulverlackerad st\u00e5lfot \u00e4r stabil och robust i m\u00e5nga \u00e5r fram\u00f6ver. Maximal belastningskapacitet: 150 kg Produktdetaljer: F\u00e4rg: Svart Material: N\u00e4tmaterial, st\u00e5lram, PU-armst\u00f6d, nylonhjul Produktm\u00e5tt: 69 x (113-128) x 69 cm (B x H x D) S\u00e4tesstorlek: 49 x (47-55) x 49 cm (B x H x D)Ryggst\u00f6dets m\u00e5tt: 45 x 49 cm (B x D)Armst\u00f6dets m\u00e5tt: 30 x 7,5 cm (B x D)Armst\u00f6dets h\u00f6jd: 2,5 cmAvst\u00e5ndet mellan armst\u00f6den: 53 cm\u00d8 Fotkors: 70 cm\u00d8 Hjul: 60 mmVikt: 23 kgMax. Belastningskapacitet: 150 kgLeveransomfattning:1 x kontorsstol2 x reservhjul1 x monteringsstillbeh\u00f6r1 x insexnyckel1 x monteringsanvisning (DE, EN, FR, , IT, ES)SONGMICS Obs:L\u00e4tt att montera, helst med 2 personer.<\/p>\n","protected":false},"excerpt":{"rendered":"<p>Ergonomisk designErgonomisk ryggst\u00f6d formar sig efter din kropp och minskar trycket p\u00e5 ryggraden och l\u00e4ndryggen.Komfortabelt s\u00e4teElastiskt n\u00e4tmaterial ger utm\u00e4rkt andningsf\u00f6rm\u00e5ga och deformeras inte. S\u00e4teskanten \u00e4r vadderad f\u00f6r att minska trycket p\u00e5 benen. Stabil och h\u00e5llbar Pulverlackerad st\u00e5lfot \u00e4r stabil och robust i m\u00e5nga \u00e5r fram\u00f6ver. Maximal belastningskapacitet: 150 kg Produktdetaljer: F\u00e4rg: Svart Material: N\u00e4tmaterial, st\u00e5lram, [&hellip;]<\/p>\n","protected":false},"featured_media":0,"comment_status":"open","ping_status":"closed","template":"","meta":[],"product_brand":[],"product_cat":[33],"product_tag":[],"class_list":{"0":"post-17181","1":"product","2":"type-product","3":"status-publish","5":"product_cat-okategoriserad","7":"first","8":"instock","9":"shipping-taxable","10":"product-type-simple"},"_links":{"self":[{"href":"https:\/\/nordicmart.andreevmaster.com\/sv\/wp-json\/wp\/v2\/product\/17181","targetHints":{"allow":["GET"]}}],"collection":[{"href":"https:\/\/nordicmart.andreevmaster.com\/sv\/wp-json\/wp\/v2\/product"}],"about":[{"href":"https:\/\/nordicmart.andreevmaster.com\/sv\/wp-json\/wp\/v2\/types\/product"}],"replies":[{"embeddable":true,"href":"https:\/\/nordicmart.andreevmaster.com\/sv\/wp-json\/wp\/v2\/comments?post=17181"}],"wp:attachment":[{"href":"https:\/\/nordicmart.andreevmaster.com\/sv\/wp-json\/wp\/v2\/media?parent=17181"}],"wp:term":[{"taxonomy":"product_brand","embeddable":true,"href":"https:\/\/nordicmart.andreevmaster.com\/sv\/wp-json\/wp\/v2\/product_brand?post=17181"},{"taxonomy":"product_cat","embeddable":true,"href":"https:\/\/nordicmart.andreevmaster.com\/sv\/wp-json\/wp\/v2\/product_cat?post=17181"},{"taxonomy":"product_tag","embeddable":true,"href":"https:\/\/nordicmart.andreevmaster.com\/sv\/wp-json\/wp\/v2\/product_tag?post=17181"}],"curies":[{"name":"wp","href":"https:\/\/api.w.org\/{rel}","templated":true}]}}