{"id":17180,"date":"2026-02-27T00:33:55","date_gmt":"2026-02-27T00:33:55","guid":{"rendered":"https:\/\/nordicmart.andreevmaster.com\/product\/songmics-snurrstol-med-natkladsel-och-nackstod\/"},"modified":"2026-02-27T08:23:44","modified_gmt":"2026-02-27T08:23:44","slug":"songmics-snurrstol-med-natkladsel-och-nackstod","status":"publish","type":"product","link":"https:\/\/nordicmart.andreevmaster.com\/sv\/produkt\/songmics-snurrstol-med-natkladsel-och-nackstod\/","title":{"rendered":"SONGMICS Snurrstol med n\u00e4tkl\u00e4dsel och nackst\u00f6d"},"content":{"rendered":"<p>Produktbeskrivning: Den ergonomiska kontorsstolen med n\u00e4tkl\u00e4dsel har en behagligt svalkande effekt p\u00e5 sommaren. Det breda ryggst\u00f6det i h\u00f6gkvalitativt, andningsbart n\u00e4tmaterial ger bra st\u00f6d f\u00f6r axlarna. F\u00f6r att justera lutningen f\u00f6rhindras ryggst\u00f6dets st\u00f6tar av ett st\u00f6td\u00e4mpande skydd. Utvalda ljudl\u00f6sa nylonhjul, som \u00e4ven \u00e4r l\u00e4mpliga f\u00f6r h\u00e5rda golv som tr\u00e4kompositgolv, laminat, kakel, PVC etc., m\u00f6jligg\u00f6r en mjuk glidning och skadar inte ditt golv. Extra hjul och skruvar f\u00f6r framtida behov. Tillbeh\u00f6ren \u00e4r f\u00f6rpackade i blisterf\u00f6rpackningar och den illustrerade bruksanvisningen f\u00f6renklar monteringen. Denna moderna datorstol \u00e4r perfekt f\u00f6r koncentrerat arbete eller avslappnad hemmabruk. Produktdetaljer: M\u00e5tt: -H\u00f6jd (total): 124,5-132 cm -Bredd (total): 66 cm -Djup (total): 67 cm -Sitsh\u00f6jd: 44\u201353 cm -Sitsbredd (anv\u00e4ndbar): 50 cm -Sitsdjup (anv\u00e4ndbart): 52 cm -Armst\u00f6dets h\u00f6jd (fr\u00e5n golvet): 60,5\u201370 cm -Ryggst\u00f6dets h\u00f6jd: 73\u201381 cm -Tjocklek p\u00e5 sitsens framsida: 9 cm -\u00d8 fotkors: 70 cm -\u00d8 hjul: 50 mm -\u00d8 pinne: 11 mm Material: -Kl\u00e4dsel: n\u00e4tv\u00e4v -Stoppning: h\u00f6gdensitetsskum -Fotkors: st\u00e5l -Armst\u00f6dsskaft: nylon -Armst\u00f6d: PU  -Hjul: nylon -F\u00e4rg: svart -Bruttovikt: 19,4 kg -Max. belastningsf\u00f6rm\u00e5ga: 150 kg  Leveransomf\u00e5ng -1 x kontorsstol -1 x beslagsp\u00e5se -1 x bruksanvisning (DE, EN, FR, IT, ES)<\/p>\n","protected":false},"excerpt":{"rendered":"<p>SONGMICS kontorsstol Chefsstol Vridbar stol med justerbara PU-armst\u00f6d Nackst\u00f6d Kontorsstol med bred, ventilerande ryggst\u00f6d Svart OBN89BK<\/p>\n","protected":false},"featured_media":44619,"comment_status":"open","ping_status":"closed","template":"","meta":[],"product_brand":[],"product_cat":[33],"product_tag":[],"class_list":{"0":"post-17180","1":"product","2":"type-product","3":"status-publish","4":"has-post-thumbnail","6":"product_cat-okategoriserad","8":"first","9":"instock","10":"shipping-taxable","11":"purchasable","12":"product-type-simple"},"_links":{"self":[{"href":"https:\/\/nordicmart.andreevmaster.com\/sv\/wp-json\/wp\/v2\/product\/17180","targetHints":{"allow":["GET"]}}],"collection":[{"href":"https:\/\/nordicmart.andreevmaster.com\/sv\/wp-json\/wp\/v2\/product"}],"about":[{"href":"https:\/\/nordicmart.andreevmaster.com\/sv\/wp-json\/wp\/v2\/types\/product"}],"replies":[{"embeddable":true,"href":"https:\/\/nordicmart.andreevmaster.com\/sv\/wp-json\/wp\/v2\/comments?post=17180"}],"wp:featuredmedia":[{"embeddable":true,"href":"https:\/\/nordicmart.andreevmaster.com\/sv\/wp-json\/wp\/v2\/media\/44619"}],"wp:attachment":[{"href":"https:\/\/nordicmart.andreevmaster.com\/sv\/wp-json\/wp\/v2\/media?parent=17180"}],"wp:term":[{"taxonomy":"product_brand","embeddable":true,"href":"https:\/\/nordicmart.andreevmaster.com\/sv\/wp-json\/wp\/v2\/product_brand?post=17180"},{"taxonomy":"product_cat","embeddable":true,"href":"https:\/\/nordicmart.andreevmaster.com\/sv\/wp-json\/wp\/v2\/product_cat?post=17180"},{"taxonomy":"product_tag","embeddable":true,"href":"https:\/\/nordicmart.andreevmaster.com\/sv\/wp-json\/wp\/v2\/product_tag?post=17180"}],"curies":[{"name":"wp","href":"https:\/\/api.w.org\/{rel}","templated":true}]}}