{"id":17175,"date":"2026-02-27T00:33:54","date_gmt":"2026-02-27T00:33:54","guid":{"rendered":"https:\/\/nordicmart.andreevmaster.com\/product\/songmics-snurrstol-med-natrygg\/"},"modified":"2026-02-27T08:23:43","modified_gmt":"2026-02-27T08:23:43","slug":"songmics-snurrstol-med-natrygg","status":"publish","type":"product","link":"https:\/\/nordicmart.andreevmaster.com\/sv\/produkt\/songmics-snurrstol-med-natrygg\/","title":{"rendered":"SONGMICS snurrstol med n\u00e4trygg"},"content":{"rendered":"<p>En bra kontorsstol \u00e4r s\u00e4rskilt viktig f\u00f6r personer som utf\u00f6r st\u00f6rre delen av sitt kontorsarbete sittande. Songmics kontorsstol erbjuder bekv\u00e4m sittkomfort och g\u00f6r det l\u00e4ttare att koncentrera sig p\u00e5 arbetet under l\u00e5ng tid. N\u00e4r du lutar dig tillbaka f\u00f6ljer sitsen med tack vare vippmekanismen, och vinkeln mellan ryggst\u00f6d och sits f\u00f6rblir konstant, s\u00e5 att du kan avlasta ryggen under arbetet. Vid l\u00e4ngre sittande p\u00e5 kontoret, s\u00e4rskilt p\u00e5 sommaren, har n\u00e4tkl\u00e4dseln en behagligt kylande effekt och din skjorta klibbar inte l\u00e4ngre fast p\u00e5 kroppen. Anvisningar 1. Ers\u00e4ttningsrullar kan ocks\u00e5 best\u00e4llas separat hos oss. 2. Rekommenderad anv\u00e4ndningstid: max 8 timmar per dag. Produktdetaljer: Material: &#8211; Kl\u00e4dsel (ryggst\u00f6d): N\u00e4tv\u00e4v av polyester &#8211; Kl\u00e4dsel (sits): Tyg av polyester &#8211; Fotkors: St\u00e5l &#8211; Armst\u00f6dsskaft: Metall M\u00e5tt: &#8211; H\u00f6jd (total): 92\u2013101,5 cm &#8211; Bredd (total): 54 cm &#8211; Djup (total): 54 cm &#8211; Sitth\u00f6jd: 43\u201352,5 cm &#8211; Sittbredd (anv\u00e4ndbar): 48 cm &#8211; Sittdjup (anv\u00e4ndbart): 50 cm &#8211; Armst\u00f6dets h\u00f6jd (fr\u00e5n sitsen): 19 cm &#8211; Ryggst\u00f6dets h\u00f6jd: 49 cm &#8211; \u00d8 hjul: 50 mm &#8211; \u00d8 pinne: 11 mm &#8211; \u00d8 fotkors: 60 cm &#8211; F\u00e4rg: svart &#8211; Bruttovikt: 12,6 kg &#8211; Max. belastningskapacitet: 150 kg Leveransomfattning &#8211; 1 x snurrstol med n\u00e4tkl\u00e4dsel &#8211; 1 x beslagsp\u00e5se &#8211; 1 x bruksanvisning (DE, EN, FR, IT, ES)<\/p>\n","protected":false},"excerpt":{"rendered":"<p>SONGMICS kontorsstol med n\u00e4tryggchefstol kontorsvridstol vridbar stol h\u00f6jdjusterbar gungfunktion svart OBN83B<\/p>\n","protected":false},"featured_media":44614,"comment_status":"open","ping_status":"closed","template":"","meta":[],"product_brand":[],"product_cat":[33],"product_tag":[],"class_list":{"0":"post-17175","1":"product","2":"type-product","3":"status-publish","4":"has-post-thumbnail","6":"product_cat-okategoriserad","8":"first","9":"instock","10":"shipping-taxable","11":"purchasable","12":"product-type-simple"},"_links":{"self":[{"href":"https:\/\/nordicmart.andreevmaster.com\/sv\/wp-json\/wp\/v2\/product\/17175","targetHints":{"allow":["GET"]}}],"collection":[{"href":"https:\/\/nordicmart.andreevmaster.com\/sv\/wp-json\/wp\/v2\/product"}],"about":[{"href":"https:\/\/nordicmart.andreevmaster.com\/sv\/wp-json\/wp\/v2\/types\/product"}],"replies":[{"embeddable":true,"href":"https:\/\/nordicmart.andreevmaster.com\/sv\/wp-json\/wp\/v2\/comments?post=17175"}],"wp:featuredmedia":[{"embeddable":true,"href":"https:\/\/nordicmart.andreevmaster.com\/sv\/wp-json\/wp\/v2\/media\/44614"}],"wp:attachment":[{"href":"https:\/\/nordicmart.andreevmaster.com\/sv\/wp-json\/wp\/v2\/media?parent=17175"}],"wp:term":[{"taxonomy":"product_brand","embeddable":true,"href":"https:\/\/nordicmart.andreevmaster.com\/sv\/wp-json\/wp\/v2\/product_brand?post=17175"},{"taxonomy":"product_cat","embeddable":true,"href":"https:\/\/nordicmart.andreevmaster.com\/sv\/wp-json\/wp\/v2\/product_cat?post=17175"},{"taxonomy":"product_tag","embeddable":true,"href":"https:\/\/nordicmart.andreevmaster.com\/sv\/wp-json\/wp\/v2\/product_tag?post=17175"}],"curies":[{"name":"wp","href":"https:\/\/api.w.org\/{rel}","templated":true}]}}