{"id":17174,"date":"2026-02-27T00:33:54","date_gmt":"2026-02-27T00:33:54","guid":{"rendered":"https:\/\/nordicmart.andreevmaster.com\/product\/songmics-kontorsstol-med-natkladsel-gra\/"},"modified":"2026-02-27T08:23:42","modified_gmt":"2026-02-27T08:23:42","slug":"songmics-kontorsstol-med-natkladsel-gra","status":"publish","type":"product","link":"https:\/\/nordicmart.andreevmaster.com\/sv\/produkt\/songmics-kontorsstol-med-natkladsel-gra\/","title":{"rendered":"SONGMICS kontorsstol med n\u00e4tkl\u00e4dsel Gr\u00e5"},"content":{"rendered":"<p>Denna enkla kontorsstol fr\u00e5n SONGMICS med modern design \u00e4r robust, h\u00e5llbar och har ett utm\u00e4rkt pris-prestanda-f\u00f6rh\u00e5llande; idealisk f\u00f6r kontor och m\u00f6tesrum. Uppf\u00e4llbara armst\u00f6d De skumdynade armst\u00f6den med n\u00e4t\u00f6verdrag k\u00e4nns mycket mjuka. De kan dessutom f\u00e4llas upp\u00e5t f\u00f6r att spara plats. Ryggst\u00f6d med tiltmekanism Minskar trycket p\u00e5 ryggraden och lindrar tr\u00f6tthet. Stabil och h\u00e5llbar Den h\u00f6gkvalitativa femstj\u00e4rniga foten och de robusta, slitstarka nylonhjulen garanterar stabilitet och h\u00e5llbarhet. Maximal belastningskapacitet: 150 kg. Tekniska detaljer F\u00e4rg: Gr\u00e5 F\u00f6rpackningsm\u00e5tt: 66 x 65 x 28,5 cm ; 15,2 kg Montering kr\u00e4vs: Ja Utg\u00e5ngsmaterial: Plast Stil: Utan nackst\u00f6d Storlek: Sitth\u00f6jd: 42-50 cm F\u00f6rpackningen inneh\u00e5ller: stol Fraktvikt: 15,2 kg<\/p>\n","protected":false},"excerpt":{"rendered":"<p>SONGMICS kontorsstol, ergonomisk snurrstol med f\u00e4llbara armst\u00f6d, h\u00f6jdjustering och gungfunktion, skrivbordsstol f\u00f6r Soho- eller kontorsarbete, svart OBN81B<\/p>\n","protected":false},"featured_media":44613,"comment_status":"open","ping_status":"closed","template":"","meta":[],"product_brand":[],"product_cat":[33],"product_tag":[],"class_list":{"0":"post-17174","1":"product","2":"type-product","3":"status-publish","4":"has-post-thumbnail","6":"product_cat-okategoriserad","8":"first","9":"instock","10":"shipping-taxable","11":"purchasable","12":"product-type-simple"},"_links":{"self":[{"href":"https:\/\/nordicmart.andreevmaster.com\/sv\/wp-json\/wp\/v2\/product\/17174","targetHints":{"allow":["GET"]}}],"collection":[{"href":"https:\/\/nordicmart.andreevmaster.com\/sv\/wp-json\/wp\/v2\/product"}],"about":[{"href":"https:\/\/nordicmart.andreevmaster.com\/sv\/wp-json\/wp\/v2\/types\/product"}],"replies":[{"embeddable":true,"href":"https:\/\/nordicmart.andreevmaster.com\/sv\/wp-json\/wp\/v2\/comments?post=17174"}],"wp:featuredmedia":[{"embeddable":true,"href":"https:\/\/nordicmart.andreevmaster.com\/sv\/wp-json\/wp\/v2\/media\/44613"}],"wp:attachment":[{"href":"https:\/\/nordicmart.andreevmaster.com\/sv\/wp-json\/wp\/v2\/media?parent=17174"}],"wp:term":[{"taxonomy":"product_brand","embeddable":true,"href":"https:\/\/nordicmart.andreevmaster.com\/sv\/wp-json\/wp\/v2\/product_brand?post=17174"},{"taxonomy":"product_cat","embeddable":true,"href":"https:\/\/nordicmart.andreevmaster.com\/sv\/wp-json\/wp\/v2\/product_cat?post=17174"},{"taxonomy":"product_tag","embeddable":true,"href":"https:\/\/nordicmart.andreevmaster.com\/sv\/wp-json\/wp\/v2\/product_tag?post=17174"}],"curies":[{"name":"wp","href":"https:\/\/api.w.org\/{rel}","templated":true}]}}