{"id":17172,"date":"2026-02-27T00:33:53","date_gmt":"2026-02-27T00:33:53","guid":{"rendered":"https:\/\/nordicmart.andreevmaster.com\/product\/ergonomisk-kontorsstol-med-natkladsel\/"},"modified":"2026-02-27T08:23:42","modified_gmt":"2026-02-27T08:23:42","slug":"ergonomisk-kontorsstol-med-natkladsel","status":"publish","type":"product","link":"https:\/\/nordicmart.andreevmaster.com\/sv\/produkt\/ergonomisk-kontorsstol-med-natkladsel\/","title":{"rendered":"Ergonomisk kontorsstol med n\u00e4tkl\u00e4dsel"},"content":{"rendered":"<p>Denna kontorsstol, som kombinerar innovation och komfort, \u00e4r utrustad med PU-hjul som passar alla typer av golv. Men det som skiljer den fr\u00e5n andra standardkontorstolar \u00e4r den ergonomiska designen och det andningsbara polyestern\u00e4tbetr\u00e6k. Med denna ergonomiska kontorstol kan du optimera din produktivitet under arbetstiden genom att minska tr\u00f6tthet och stress orsakad av l\u00e5ngvarigt sittande arbete. Det \u00e4r obehagligt f\u00f6r oss alla att sitta fastklistrade i stolen av svett. Tack vare det andningsbara materialet luktar den inte l\u00e4ngre svett! Stolen \u00e4r ocks\u00e5 utrustad med ett ryggst\u00f6d som avlastar l\u00e4ndryggen och ryggraden. V\u00e4nta inte l\u00e4ngre, utan k\u00f6p detta oumb\u00e4rliga arbetsredskap! V\u00e5r utm\u00e4rkta kundservice st\u00e5r till ditt f\u00f6rfogande f\u00f6re och efter ditt k\u00f6p och besvarar dina fr\u00e5gor via e-post inom 24 timmar. V\u00e5r prioritet \u00e4r att s\u00e4kerst\u00e4lla din fulla tillfredsst\u00e4llelse. V\u00e4lj SONGMICS!  Produktdetaljer: &#8211; F\u00e4rg: svart &#8211; Produktstorlek: 68,5 x 75 x (116-134) cm (B x D x H) &#8211; Sitsh\u00f6jd: 44-54 cm &#8211; Sitsbredd: 53 cm &#8211; Sitsdjup: 54 cm &#8211; Armst\u00f6dsh\u00f6jd (fr\u00e5n sits): 21-27 cm &#8211; Ryggst\u00f6dsh\u00f6jd: 71,5-80 cm &#8211; \u00d8 bas: 70 cm &#8211; \u00d8 hjul: 60 mm &#8211; \u00d8 pin: 11 mm Material &#8211; Hjul: PU &#8211; Bas: nylon &#8211; Armst\u00f6dsskaft: st\u00e5l &#8211; Armst\u00f6dskl\u00e4dsel: PU &#8211; Ryggst\u00f6d: polyestern\u00e4t &#8211; Sits: skum, polyestern\u00e4t &#8211; Vikt: 20,5 kg &#8211; Max. belastningskapacitet: 150 kg Max. belastningskapacitet: 150 kg Leveransomfattning: &#8211; 1 x kontorsstol &#8211; 1 x inbussnyckel &#8211; 1 x verktygsv\u00e4ska &#8211; 1 x bruksanvisning (DE, EN, FR, ES, IT)<\/p>\n","protected":false},"excerpt":{"rendered":"<p>Denna kontorsstol, som kombinerar innovation och komfort, \u00e4r utrustad med PU-hjul som passar alla typer av golv. Men det som skiljer den fr\u00e5n andra standardkontorstolar \u00e4r den ergonomiska designen och det andningsbara polyestern\u00e4tbetr\u00e6k. Med denna ergonomiska kontorstol kan du optimera din produktivitet under arbetstiden genom att minska tr\u00f6tthet och stress orsakad av l\u00e5ngvarigt sittande arbete. [&hellip;]<\/p>\n","protected":false},"featured_media":0,"comment_status":"open","ping_status":"closed","template":"","meta":[],"product_brand":[],"product_cat":[33],"product_tag":[],"class_list":{"0":"post-17172","1":"product","2":"type-product","3":"status-publish","5":"product_cat-okategoriserad","7":"first","8":"instock","9":"shipping-taxable","10":"purchasable","11":"product-type-simple"},"_links":{"self":[{"href":"https:\/\/nordicmart.andreevmaster.com\/sv\/wp-json\/wp\/v2\/product\/17172","targetHints":{"allow":["GET"]}}],"collection":[{"href":"https:\/\/nordicmart.andreevmaster.com\/sv\/wp-json\/wp\/v2\/product"}],"about":[{"href":"https:\/\/nordicmart.andreevmaster.com\/sv\/wp-json\/wp\/v2\/types\/product"}],"replies":[{"embeddable":true,"href":"https:\/\/nordicmart.andreevmaster.com\/sv\/wp-json\/wp\/v2\/comments?post=17172"}],"wp:attachment":[{"href":"https:\/\/nordicmart.andreevmaster.com\/sv\/wp-json\/wp\/v2\/media?parent=17172"}],"wp:term":[{"taxonomy":"product_brand","embeddable":true,"href":"https:\/\/nordicmart.andreevmaster.com\/sv\/wp-json\/wp\/v2\/product_brand?post=17172"},{"taxonomy":"product_cat","embeddable":true,"href":"https:\/\/nordicmart.andreevmaster.com\/sv\/wp-json\/wp\/v2\/product_cat?post=17172"},{"taxonomy":"product_tag","embeddable":true,"href":"https:\/\/nordicmart.andreevmaster.com\/sv\/wp-json\/wp\/v2\/product_tag?post=17172"}],"curies":[{"name":"wp","href":"https:\/\/api.w.org\/{rel}","templated":true}]}}