{"id":17170,"date":"2026-02-27T00:33:52","date_gmt":"2026-02-27T00:33:52","guid":{"rendered":"https:\/\/nordicmart.andreevmaster.com\/product\/songmics-kontorsstol-med-fotstod-2-pack-ergonomisk-skrivbordsstol-med-landryggsstod-justerbart-nackstod-och-armstod-hojdjustering-och-vippfunktion-svart-obn61bkv1-2\/"},"modified":"2026-02-27T08:23:42","modified_gmt":"2026-02-27T08:23:42","slug":"songmics-kontorsstol-med-fotstod-2-pack-ergonomisk-skrivbordsstol-med-landryggsstod-justerbart-nackstod-och-armstod-hojdjustering-och-vippfunktion-svart-obn61bkv1-2","status":"publish","type":"product","link":"https:\/\/nordicmart.andreevmaster.com\/sv\/produkt\/songmics-kontorsstol-med-fotstod-2-pack-ergonomisk-skrivbordsstol-med-landryggsstod-justerbart-nackstod-och-armstod-hojdjustering-och-vippfunktion-svart-obn61bkv1-2\/","title":{"rendered":"SONGMICS kontorsstol med fotst\u00f6d, 2-pack, ergonomisk skrivbordsstol med l\u00e4ndryggsst\u00f6d, justerbart nackst\u00f6d och armst\u00f6d, h\u00f6jdjustering och vippfunktion, svart OBN61BKV1-2"},"content":{"rendered":"<p>V\u00e5rt jobb \u00e4r en viktig del av v\u00e5rt liv. Men att \u00f6verleva kontorslivet \u00e4r inte s\u00e5 enkelt. SONGMICS vill d\u00e4rf\u00f6r hj\u00e4lpa dig med denna kontorsstol. Den har en belastningskapacitet p\u00e5 upp till 150 kg och har en ergonomisk design.<\/p>\n<p>H\u00e4r \u00e4r f\u00f6rdelarna med chefsstolen:<\/p>\n<p>H\u00f6jdjusterbar 360\u00b0 snurrstol<br \/>\nSits kl\u00e4dd med h\u00f6gdensitetsreflexskum<br \/>\nAndningsbar, bak\u00e5tlutbar och l\u00e5sbar ryggst\u00f6d med n\u00e4tkl\u00e4dsel<br \/>\nGungfunktion som g\u00f6r att sitsen och ryggst\u00f6det kan r\u00f6ras samtidigt<br \/>\nDet stoppade fotst\u00f6det kan dras ut upp till 42 cm. Det \u00e4r l\u00e4tt lutat s\u00e5 att det anpassar sig optimalt efter benens kurvor<br \/>\nArmst\u00f6d i konstl\u00e4der; justerbara upp\u00e5t och ned\u00e5t<br \/>\nH\u00f6jdjusterbart nackst\u00f6d<br \/>\nH\u00f6jdjusterbart l\u00e4ndst\u00f6d<br \/>\n360\u00b0 vridbara universalhjul av nylon<br \/>\nMonteringen kan utf\u00f6ras utan extra verktyg. Du beh\u00f6ver bara den medf\u00f6ljande inbussnyckeln<br \/>\nSkapa en mysig atmosf\u00e4r p\u00e5 kontoret och h\u00e5ll motivationen uppe med denna kontorsstol fr\u00e5n SONGMICS!<\/p>\n<p>Produktdetaljer:<\/p>\n<p>F\u00e4rg: Svart<br \/>\nMaterial: h\u00f6gdensitetsreflexskum, n\u00e4tv\u00e4v, stj\u00e4rnfot i nylon, universalhjul i nylon, armst\u00f6d i konstl\u00e4der<br \/>\nStorlek: 68,5 x 70 x (116-133) cm (L x B x H)<br \/>\nVikt: 18,5 kg<br \/>\nMax. statisk belastningskapacitet: 150 kg<br \/>\nLeveransomfattning:<\/p>\n<p>2 x kontorsstol<br \/>\n2 x inbussnyckel<br \/>\n2 x beh\u00e5llare med tillbeh\u00f6r<br \/>\n2 x bruksanvisning (DE, EN, FR, ES, IT)<br \/>\nSONGMICS Anm\u00e4rkningar:<\/p>\n<p>Sitt inte p\u00e5 kanten av sitsen f\u00f6r att f\u00f6rhindra att stolen v\u00e4lter.<\/p>\n","protected":false},"excerpt":{"rendered":"<p>SONGMICS Ergonomisk kontorsstol med fotst\u00f6d, skrivbordsstol med l\u00e4ndryggsst\u00f6d, justerbart nackst\u00f6d och armst\u00f6d, h\u00f6jdjustering och gungfunktion, belastningskapacitet upp till 150 kg, svart OBN61BKV1<\/p>\n","protected":false},"featured_media":44611,"comment_status":"open","ping_status":"closed","template":"","meta":[],"product_brand":[],"product_cat":[33],"product_tag":[],"class_list":{"0":"post-17170","1":"product","2":"type-product","3":"status-publish","4":"has-post-thumbnail","6":"product_cat-okategoriserad","8":"first","9":"instock","10":"shipping-taxable","11":"purchasable","12":"product-type-simple"},"_links":{"self":[{"href":"https:\/\/nordicmart.andreevmaster.com\/sv\/wp-json\/wp\/v2\/product\/17170","targetHints":{"allow":["GET"]}}],"collection":[{"href":"https:\/\/nordicmart.andreevmaster.com\/sv\/wp-json\/wp\/v2\/product"}],"about":[{"href":"https:\/\/nordicmart.andreevmaster.com\/sv\/wp-json\/wp\/v2\/types\/product"}],"replies":[{"embeddable":true,"href":"https:\/\/nordicmart.andreevmaster.com\/sv\/wp-json\/wp\/v2\/comments?post=17170"}],"wp:featuredmedia":[{"embeddable":true,"href":"https:\/\/nordicmart.andreevmaster.com\/sv\/wp-json\/wp\/v2\/media\/44611"}],"wp:attachment":[{"href":"https:\/\/nordicmart.andreevmaster.com\/sv\/wp-json\/wp\/v2\/media?parent=17170"}],"wp:term":[{"taxonomy":"product_brand","embeddable":true,"href":"https:\/\/nordicmart.andreevmaster.com\/sv\/wp-json\/wp\/v2\/product_brand?post=17170"},{"taxonomy":"product_cat","embeddable":true,"href":"https:\/\/nordicmart.andreevmaster.com\/sv\/wp-json\/wp\/v2\/product_cat?post=17170"},{"taxonomy":"product_tag","embeddable":true,"href":"https:\/\/nordicmart.andreevmaster.com\/sv\/wp-json\/wp\/v2\/product_tag?post=17170"}],"curies":[{"name":"wp","href":"https:\/\/api.w.org\/{rel}","templated":true}]}}